{"id":1170,"date":"2026-03-08T13:44:47","date_gmt":"2026-03-08T12:44:47","guid":{"rendered":"https:\/\/www.fondation-bru.org\/?page_id=1170"},"modified":"2026-05-13T12:38:03","modified_gmt":"2026-05-13T11:38:03","slug":"journees-etudes-inceste-rappel","status":"publish","type":"page","link":"http:\/\/www.fondation-bru.org\/en\/journees-etudes-inceste-rappel\/","title":{"rendered":"(Fran\u00e7ais) Journ\u00e9es d&#8217;\u00e9tudes sur l&#8217;inceste &#8211; Rappel"},"content":{"rendered":"<p>[et_pb_section fb_built=&#8221;1&#8243; fullwidth=&#8221;on&#8221; admin_label=&#8221;Section&#8221; _builder_version=&#8221;4.5.3&#8243;][et_pb_fullwidth_image src=&#8221;http:\/\/www.fondation-bru.org\/wp-content\/uploads\/2026\/02\/header-inceste-50.jpg&#8221; title_text=&#8221;header-inceste-50&#8243; admin_label=&#8221;Image en pleine largeur&#8221; module_class=&#8221;bleu&#8221; _builder_version=&#8221;4.5.3&#8243; animation_style=&#8221;fade&#8221; animation_duration=&#8221;500ms&#8221; animation=&#8221;fade_in&#8221; use_border_color=&#8221;off&#8221; border_color=&#8221;#ffffff&#8221; border_style=&#8221;solid&#8221;][\/et_pb_fullwidth_image][\/et_pb_section][et_pb_section fb_built=&#8221;1&#8243; admin_label=&#8221;section&#8221; _builder_version=&#8221;3.22&#8243;][et_pb_row column_structure=&#8221;2_3,1_3&#8243; admin_label=&#8221;Ligne&#8221; _builder_version=&#8221;3.25&#8243; background_size=&#8221;initial&#8221; background_position=&#8221;top_left&#8221; background_repeat=&#8221;repeat&#8221;][et_pb_column type=&#8221;2_3&#8243; _builder_version=&#8221;3.25&#8243; custom_padding=&#8221;|||&#8221; custom_padding__hover=&#8221;|||&#8221;][et_pb_text admin_label=&#8221;Texte&#8221; _builder_version=&#8221;4.5.3&#8243; background_size=&#8221;initial&#8221; background_position=&#8221;top_left&#8221; background_repeat=&#8221;repeat&#8221; use_border_color=&#8221;off&#8221; border_color=&#8221;#ffffff&#8221; border_style=&#8221;solid&#8221;]<\/p>\n<h1><span style=\"color: #0c71c3;\">L&#8217;inceste :\u00a0comprendre,\u00a0\u00e9couter &amp; prot\u00e9ger<\/span><\/h1>\n<p>[\/et_pb_text][et_pb_text admin_label=&#8221;Texte&#8221; _builder_version=&#8221;4.5.3&#8243; background_size=&#8221;initial&#8221; background_position=&#8221;top_left&#8221; background_repeat=&#8221;repeat&#8221; use_border_color=&#8221;off&#8221; border_color=&#8221;#ffffff&#8221; border_style=&#8221;solid&#8221;]<\/p>\n<p class=\"aide\"><span style=\"color: #0c71c3;\"><strong>Journ\u00e9es d&#8217;\u00e9tude sur les r\u00e9ponses institutionnelles et la prise en charge faites aux enfants victimes d&#8217;inceste.<\/strong><\/span><\/p>\n<p class=\"aide\"><a href=\"https:\/\/www.fondation-bru.org\/journees-etudes-inceste\/\">Voir le programme<\/a><span style=\"color: #0c71c3;\"><strong><\/strong><\/span><\/p>\n<p class=\"aide\">\n<p>[\/et_pb_text][et_pb_code _builder_version=&#8221;4.5.3&#8243; _module_preset=&#8221;default&#8221;]<script type=\"text\/javascript\" src=\"https:\/\/form.jotform.com\/jsform\/260663655823362\"><\/script>[\/et_pb_code][et_pb_text admin_label=&#8221;Texte&#8221; _builder_version=&#8221;4.5.3&#8243; background_size=&#8221;initial&#8221; background_position=&#8221;top_left&#8221; background_repeat=&#8221;repeat&#8221; use_border_color=&#8221;off&#8221; border_color=&#8221;#ffffff&#8221; border_style=&#8221;solid&#8221;][\/et_pb_text][\/et_pb_column][et_pb_column type=&#8221;1_3&#8243; _builder_version=&#8221;3.25&#8243; custom_padding=&#8221;|||&#8221; custom_padding__hover=&#8221;|||&#8221;][et_pb_text admin_label=&#8221;Texte&#8221; _builder_version=&#8221;4.5.3&#8243; background_size=&#8221;initial&#8221; background_position=&#8221;top_left&#8221; background_repeat=&#8221;repeat&#8221; custom_padding=&#8221;0px|||||&#8221; use_border_color=&#8221;off&#8221; border_color=&#8221;#ffffff&#8221; border_style=&#8221;solid&#8221;]<\/p>\n<h2>Mercredi 29 avril &#8211; 8h30 &#8211; 17h30<br \/> Jeudi 30\u00a0avril\u00a0&#8211; 8h30 &#8211; 13h00<\/h2>\n<h2>Centre de l\u2019Esp\u00e9rance<br \/> Rue de la Chapelle 8<br \/> 1207 Gen\u00e8ve<\/h2>\n<p>&nbsp;<\/p>\n<p>[\/et_pb_text][\/et_pb_column][\/et_pb_row][\/et_pb_section]<\/p>\n","protected":false},"excerpt":{"rendered":"<p>[et_pb_section fb_built=&#8221;1&#8243; fullwidth=&#8221;on&#8221; admin_label=&#8221;Section&#8221; _builder_version=&#8221;4.5.3&#8243;][et_pb_fullwidth_image src=&#8221;http:\/\/www.fondation-bru.org\/wp-content\/uploads\/2026\/02\/header-inceste-50.jpg&#8221; title_text=&#8221;header-inceste-50&#8243; admin_label=&#8221;Image en pleine largeur&#8221; module_class=&#8221;bleu&#8221; _builder_version=&#8221;4.5.3&#8243; animation_style=&#8221;fade&#8221; animation_duration=&#8221;500ms&#8221; animation=&#8221;fade_in&#8221; use_border_color=&#8221;off&#8221; border_color=&#8221;#ffffff&#8221; border_style=&#8221;solid&#8221;][\/et_pb_fullwidth_image][\/et_pb_section][et_pb_section fb_built=&#8221;1&#8243; admin_label=&#8221;section&#8221; _builder_version=&#8221;3.22&#8243;][et_pb_row column_structure=&#8221;2_3,1_3&#8243; admin_label=&#8221;Ligne&#8221; _builder_version=&#8221;3.25&#8243; background_size=&#8221;initial&#8221; background_position=&#8221;top_left&#8221; background_repeat=&#8221;repeat&#8221;][et_pb_column type=&#8221;2_3&#8243; _builder_version=&#8221;3.25&#8243; custom_padding=&#8221;|||&#8221; custom_padding__hover=&#8221;|||&#8221;][et_pb_text admin_label=&#8221;Texte&#8221; _builder_version=&#8221;4.5.3&#8243; background_size=&#8221;initial&#8221; background_position=&#8221;top_left&#8221; background_repeat=&#8221;repeat&#8221; use_border_color=&#8221;off&#8221; border_color=&#8221;#ffffff&#8221; border_style=&#8221;solid&#8221;] L&#8217;inceste :\u00a0comprendre,\u00a0\u00e9couter &amp; prot\u00e9ger [\/et_pb_text][et_pb_text admin_label=&#8221;Texte&#8221; _builder_version=&#8221;4.5.3&#8243; background_size=&#8221;initial&#8221; background_position=&#8221;top_left&#8221; background_repeat=&#8221;repeat&#8221; use_border_color=&#8221;off&#8221; border_color=&#8221;#ffffff&#8221; border_style=&#8221;solid&#8221;] Journ\u00e9es d&#8217;\u00e9tude [&hellip;]<\/p>\n","protected":false},"author":2,"featured_media":0,"parent":0,"menu_order":0,"comment_status":"closed","ping_status":"closed","template":"","meta":{"_et_pb_use_builder":"on","_et_pb_old_content":"","_et_gb_content_width":"","footnotes":""},"class_list":["post-1170","page","type-page","status-publish","hentry"],"yoast_head":"<!-- This site is optimized with the Yoast SEO plugin v26.9 - https:\/\/yoast.com\/product\/yoast-seo-wordpress\/ -->\n<title><\/title>\n<meta name=\"robots\" content=\"index, follow, max-snippet:-1, max-image-preview:large, max-video-preview:-1\" \/>\n<link rel=\"canonical\" href=\"https:\/\/www.fondation-bru.org\/journees-etudes-inceste-rappel\/\" \/>\n<meta property=\"og:locale\" content=\"en_US\" \/>\n<meta property=\"og:type\" content=\"article\" \/>\n<meta property=\"og:title\" content=\"[:fr]Journ\u00e9es d&#039;\u00e9tudes sur l&#039;inceste - Rappel - Fondation Bru\" \/>\n<meta property=\"og:description\" content=\"[et_pb_section fb_built=&#8221;1&#8243; fullwidth=&#8221;on&#8221; admin_label=&#8221;Section&#8221; _builder_version=&#8221;4.5.3&#8243;][et_pb_fullwidth_image src=&#8221;http:\/\/www.fondation-bru.org\/wp-content\/uploads\/2026\/02\/header-inceste-50.jpg&#8221; title_text=&#8221;header-inceste-50&#8243; admin_label=&#8221;Image en pleine largeur&#8221; module_class=&#8221;bleu&#8221; _builder_version=&#8221;4.5.3&#8243; animation_style=&#8221;fade&#8221; animation_duration=&#8221;500ms&#8221; animation=&#8221;fade_in&#8221; use_border_color=&#8221;off&#8221; border_color=&#8221;#ffffff&#8221; border_style=&#8221;solid&#8221;][\/et_pb_fullwidth_image][\/et_pb_section][et_pb_section fb_built=&#8221;1&#8243; admin_label=&#8221;section&#8221; _builder_version=&#8221;3.22&#8243;][et_pb_row column_structure=&#8221;2_3,1_3&#8243; admin_label=&#8221;Ligne&#8221; _builder_version=&#8221;3.25&#8243; background_size=&#8221;initial&#8221; background_position=&#8221;top_left&#8221; background_repeat=&#8221;repeat&#8221;][et_pb_column type=&#8221;2_3&#8243; _builder_version=&#8221;3.25&#8243; custom_padding=&#8221;|||&#8221; custom_padding__hover=&#8221;|||&#8221;][et_pb_text admin_label=&#8221;Texte&#8221; _builder_version=&#8221;4.5.3&#8243; background_size=&#8221;initial&#8221; background_position=&#8221;top_left&#8221; background_repeat=&#8221;repeat&#8221; use_border_color=&#8221;off&#8221; border_color=&#8221;#ffffff&#8221; border_style=&#8221;solid&#8221;] L&#8217;inceste :\u00a0comprendre,\u00a0\u00e9couter &amp; prot\u00e9ger [\/et_pb_text][et_pb_text admin_label=&#8221;Texte&#8221; _builder_version=&#8221;4.5.3&#8243; background_size=&#8221;initial&#8221; background_position=&#8221;top_left&#8221; background_repeat=&#8221;repeat&#8221; use_border_color=&#8221;off&#8221; border_color=&#8221;#ffffff&#8221; border_style=&#8221;solid&#8221;] Journ\u00e9es d&#8217;\u00e9tude [&hellip;]\" \/>\n<meta property=\"og:url\" content=\"https:\/\/www.fondation-bru.org\/journees-etudes-inceste-rappel\/\" \/>\n<meta property=\"og:site_name\" content=\"Fondation Bru\" \/>\n<meta property=\"article:modified_time\" content=\"2026-05-13T11:38:03+00:00\" \/>\n<meta name=\"twitter:card\" content=\"summary_large_image\" \/>\n<meta name=\"twitter:label1\" content=\"Est. reading time\" \/>\n\t<meta name=\"twitter:data1\" content=\"2 minutes\" \/>\n<script type=\"application\/ld+json\" class=\"yoast-schema-graph\">{\"@context\":\"https:\/\/schema.org\",\"@graph\":[{\"@type\":\"WebPage\",\"@id\":\"https:\/\/www.fondation-bru.org\/journees-etudes-inceste-rappel\/\",\"url\":\"https:\/\/www.fondation-bru.org\/journees-etudes-inceste-rappel\/\",\"name\":\"[:fr]Journ\u00e9es d'\u00e9tudes sur l'inceste - Rappel - Fondation Bru\",\"isPartOf\":{\"@id\":\"https:\/\/www.fondation-bru.org\/#website\"},\"datePublished\":\"2026-03-08T12:44:47+00:00\",\"dateModified\":\"2026-05-13T11:38:03+00:00\",\"breadcrumb\":{\"@id\":\"https:\/\/www.fondation-bru.org\/journees-etudes-inceste-rappel\/#breadcrumb\"},\"inLanguage\":\"en-US\",\"potentialAction\":[{\"@type\":\"ReadAction\",\"target\":[\"https:\/\/www.fondation-bru.org\/journees-etudes-inceste-rappel\/\"]}]},{\"@type\":\"BreadcrumbList\",\"@id\":\"https:\/\/www.fondation-bru.org\/journees-etudes-inceste-rappel\/#breadcrumb\",\"itemListElement\":[{\"@type\":\"ListItem\",\"position\":1,\"name\":\"Accueil\",\"item\":\"https:\/\/www.fondation-bru.org\/\"},{\"@type\":\"ListItem\",\"position\":2,\"name\":\"Journ\u00e9es d&rsquo;\u00e9tudes sur l&rsquo;inceste &#8211; Rappel\"}]},{\"@type\":\"WebSite\",\"@id\":\"https:\/\/www.fondation-bru.org\/#website\",\"url\":\"https:\/\/www.fondation-bru.org\/\",\"name\":\"Fondation Bru\",\"description\":\"Encourager les projets pionniers au service de grandes causes\",\"potentialAction\":[{\"@type\":\"SearchAction\",\"target\":{\"@type\":\"EntryPoint\",\"urlTemplate\":\"https:\/\/www.fondation-bru.org\/?s={search_term_string}\"},\"query-input\":{\"@type\":\"PropertyValueSpecification\",\"valueRequired\":true,\"valueName\":\"search_term_string\"}}],\"inLanguage\":\"en-US\"}]}<\/script>\n<!-- \/ Yoast SEO plugin. -->","yoast_head_json":{"title":"[:fr]Journ\u00e9es d'\u00e9tudes sur l'inceste - Rappel - Fondation Bru","robots":{"index":"index","follow":"follow","max-snippet":"max-snippet:-1","max-image-preview":"max-image-preview:large","max-video-preview":"max-video-preview:-1"},"canonical":"https:\/\/www.fondation-bru.org\/journees-etudes-inceste-rappel\/","og_locale":"en_US","og_type":"article","og_title":"[:fr]Journ\u00e9es d'\u00e9tudes sur l'inceste - Rappel - Fondation Bru","og_description":"[et_pb_section fb_built=&#8221;1&#8243; fullwidth=&#8221;on&#8221; admin_label=&#8221;Section&#8221; _builder_version=&#8221;4.5.3&#8243;][et_pb_fullwidth_image src=&#8221;http:\/\/www.fondation-bru.org\/wp-content\/uploads\/2026\/02\/header-inceste-50.jpg&#8221; title_text=&#8221;header-inceste-50&#8243; admin_label=&#8221;Image en pleine largeur&#8221; module_class=&#8221;bleu&#8221; _builder_version=&#8221;4.5.3&#8243; animation_style=&#8221;fade&#8221; animation_duration=&#8221;500ms&#8221; animation=&#8221;fade_in&#8221; use_border_color=&#8221;off&#8221; border_color=&#8221;#ffffff&#8221; border_style=&#8221;solid&#8221;][\/et_pb_fullwidth_image][\/et_pb_section][et_pb_section fb_built=&#8221;1&#8243; admin_label=&#8221;section&#8221; _builder_version=&#8221;3.22&#8243;][et_pb_row column_structure=&#8221;2_3,1_3&#8243; admin_label=&#8221;Ligne&#8221; _builder_version=&#8221;3.25&#8243; background_size=&#8221;initial&#8221; background_position=&#8221;top_left&#8221; background_repeat=&#8221;repeat&#8221;][et_pb_column type=&#8221;2_3&#8243; _builder_version=&#8221;3.25&#8243; custom_padding=&#8221;|||&#8221; custom_padding__hover=&#8221;|||&#8221;][et_pb_text admin_label=&#8221;Texte&#8221; _builder_version=&#8221;4.5.3&#8243; background_size=&#8221;initial&#8221; background_position=&#8221;top_left&#8221; background_repeat=&#8221;repeat&#8221; use_border_color=&#8221;off&#8221; border_color=&#8221;#ffffff&#8221; border_style=&#8221;solid&#8221;] L&#8217;inceste :\u00a0comprendre,\u00a0\u00e9couter &amp; prot\u00e9ger [\/et_pb_text][et_pb_text admin_label=&#8221;Texte&#8221; _builder_version=&#8221;4.5.3&#8243; background_size=&#8221;initial&#8221; background_position=&#8221;top_left&#8221; background_repeat=&#8221;repeat&#8221; use_border_color=&#8221;off&#8221; border_color=&#8221;#ffffff&#8221; border_style=&#8221;solid&#8221;] Journ\u00e9es d&#8217;\u00e9tude [&hellip;]","og_url":"https:\/\/www.fondation-bru.org\/journees-etudes-inceste-rappel\/","og_site_name":"Fondation Bru","article_modified_time":"2026-05-13T11:38:03+00:00","twitter_card":"summary_large_image","twitter_misc":{"Est. reading time":"2 minutes"},"schema":{"@context":"https:\/\/schema.org","@graph":[{"@type":"WebPage","@id":"https:\/\/www.fondation-bru.org\/journees-etudes-inceste-rappel\/","url":"https:\/\/www.fondation-bru.org\/journees-etudes-inceste-rappel\/","name":"[:fr]Journ\u00e9es d'\u00e9tudes sur l'inceste - Rappel - Fondation Bru","isPartOf":{"@id":"https:\/\/www.fondation-bru.org\/#website"},"datePublished":"2026-03-08T12:44:47+00:00","dateModified":"2026-05-13T11:38:03+00:00","breadcrumb":{"@id":"https:\/\/www.fondation-bru.org\/journees-etudes-inceste-rappel\/#breadcrumb"},"inLanguage":"en-US","potentialAction":[{"@type":"ReadAction","target":["https:\/\/www.fondation-bru.org\/journees-etudes-inceste-rappel\/"]}]},{"@type":"BreadcrumbList","@id":"https:\/\/www.fondation-bru.org\/journees-etudes-inceste-rappel\/#breadcrumb","itemListElement":[{"@type":"ListItem","position":1,"name":"Accueil","item":"https:\/\/www.fondation-bru.org\/"},{"@type":"ListItem","position":2,"name":"Journ\u00e9es d&rsquo;\u00e9tudes sur l&rsquo;inceste &#8211; Rappel"}]},{"@type":"WebSite","@id":"https:\/\/www.fondation-bru.org\/#website","url":"https:\/\/www.fondation-bru.org\/","name":"Fondation Bru","description":"Encourager les projets pionniers au service de grandes causes","potentialAction":[{"@type":"SearchAction","target":{"@type":"EntryPoint","urlTemplate":"https:\/\/www.fondation-bru.org\/?s={search_term_string}"},"query-input":{"@type":"PropertyValueSpecification","valueRequired":true,"valueName":"search_term_string"}}],"inLanguage":"en-US"}]}},"_links":{"self":[{"href":"http:\/\/www.fondation-bru.org\/en\/wp-json\/wp\/v2\/pages\/1170","targetHints":{"allow":["GET"]}}],"collection":[{"href":"http:\/\/www.fondation-bru.org\/en\/wp-json\/wp\/v2\/pages"}],"about":[{"href":"http:\/\/www.fondation-bru.org\/en\/wp-json\/wp\/v2\/types\/page"}],"author":[{"embeddable":true,"href":"http:\/\/www.fondation-bru.org\/en\/wp-json\/wp\/v2\/users\/2"}],"replies":[{"embeddable":true,"href":"http:\/\/www.fondation-bru.org\/en\/wp-json\/wp\/v2\/comments?post=1170"}],"version-history":[{"count":4,"href":"http:\/\/www.fondation-bru.org\/en\/wp-json\/wp\/v2\/pages\/1170\/revisions"}],"predecessor-version":[{"id":1201,"href":"http:\/\/www.fondation-bru.org\/en\/wp-json\/wp\/v2\/pages\/1170\/revisions\/1201"}],"wp:attachment":[{"href":"http:\/\/www.fondation-bru.org\/en\/wp-json\/wp\/v2\/media?parent=1170"}],"curies":[{"name":"wp","href":"https:\/\/api.w.org\/{rel}","templated":true}]}}