{"id":254,"date":"2016-01-05T15:06:12","date_gmt":"2016-01-05T14:06:12","guid":{"rendered":"http:\/\/www.fondation-bru.org\/?page_id=254"},"modified":"2016-02-04T11:21:00","modified_gmt":"2016-02-04T10:21:00","slug":"ecole-centrale-de-pekin","status":"publish","type":"page","link":"http:\/\/www.fondation-bru.org\/en\/education\/ecole-centrale-de-pekin\/","title":{"rendered":"Ecole Centrale Beijing"},"content":{"rendered":"<p>[et_pb_section admin_label=&#8221;Section&#8221; fullwidth=&#8221;on&#8221; specialty=&#8221;off&#8221;][et_pb_fullwidth_image admin_label=&#8221;Image en pleine largeur&#8221; src=&#8221;http:\/\/www.fondation-bru.org\/wp-content\/uploads\/2016\/01\/banner-ecole-pekin.jpg&#8221; show_in_lightbox=&#8221;off&#8221; url_new_window=&#8221;off&#8221; animation=&#8221;fade_in&#8221; module_class=&#8221;orange&#8221; use_border_color=&#8221;off&#8221; border_color=&#8221;#ffffff&#8221; border_style=&#8221;solid&#8221;]<\/p>\n<p>[\/et_pb_fullwidth_image][\/et_pb_section][et_pb_section admin_label=&#8221;section&#8221;][et_pb_row admin_label=&#8221;Ligne&#8221;][et_pb_column type=&#8221;4_4&#8243;][et_pb_text admin_label=&#8221;Texte&#8221; background_layout=&#8221;light&#8221; text_orientation=&#8221;left&#8221; text_font_size=&#8221;14&#8243; use_border_color=&#8221;off&#8221; border_color=&#8221;#ffffff&#8221; border_style=&#8221;solid&#8221;]<\/p>\n<h1>Ecole Centrale Beijing<\/h1>\n<p>The financial support decided by Dr. Nicole Bru upstream of the project has enabled the creation of<br \/>\nChina\u2019s first French-speaking engineering school, after a particularly innovative Sino-French cooperation: the \u00c9cole Centrale Beijing (Beihang Sino-French Engineering School). The first Centrale Beijing engineers graduated in January 2012.\n<\/p>\n<p>[\/et_pb_text][\/et_pb_column][\/et_pb_row][et_pb_row admin_label=&#8221;Ligne&#8221;][et_pb_column type=&#8221;1_2&#8243;][et_pb_text admin_label=&#8221;Texte&#8221; background_layout=&#8221;light&#8221; text_orientation=&#8221;left&#8221; text_font_size=&#8221;14&#8243; use_border_color=&#8221;off&#8221; border_color=&#8221;#ffffff&#8221; border_style=&#8221;solid&#8221;]<\/p>\n<div class=\"et_pb_text et_pb_module et_pb_bg_layout_light et_pb_text_align_left et_pb_text_2\">\n<h2>A pioneering project developed at the request of the Chinese government<\/h2>\n<div class=\"en_marge\">\n<div>Founded in 2005 at the request of the Chinese government, the \u00c9cole Centrale Beijing (Beihang Sino-French Engineering School) is the first French-speaking engineering school in China. The result of a close partnership between the \u00c9coles Centrales group (France) and Beihang University (China), this school is an important lever for the development of economic ties between France and China, providing firms with a pool of high-level bicultural engineers.<\/div>\n<\/div>\n<\/div>\n<p>The \u00c9cole Centrale Beijing trains versatile, trilingual (Chinese, English, French) engineers, capable of taking on high responsibilities in companies in China and France. The unique six-year training course begins with a year of intensive language learning (French), after which students spend two years in preparatory classes, before studying engineering for three years.<\/p>\n<p>[\/et_pb_text][\/et_pb_column][et_pb_column type=&#8221;1_2&#8243;][et_pb_text admin_label=&#8221;Texte&#8221; background_layout=&#8221;light&#8221; text_orientation=&#8221;left&#8221; text_font_size=&#8221;14&#8243; use_border_color=&#8221;off&#8221; border_color=&#8221;#ffffff&#8221; border_style=&#8221;solid&#8221;]<\/p>\n<p><img loading=\"lazy\" decoding=\"async\" width=\"480\" height=\"308\" class=\"alignnone size-full wp-image-422\" src=\"http:\/\/www.fondation-bru.org\/wp-content\/uploads\/2016\/01\/pic-eleves-pekin.jpg\" alt=\"pic-eleves-pekin\" srcset=\"http:\/\/www.fondation-bru.org\/wp-content\/uploads\/2016\/01\/pic-eleves-pekin.jpg 480w, http:\/\/www.fondation-bru.org\/wp-content\/uploads\/2016\/01\/pic-eleves-pekin-300x193.jpg 300w\" sizes=\"auto, (max-width: 480px) 100vw, 480px\" \/><br \/> <em>Students of Ecole Centrale Beijing on a visit to Paris, with their \u201cgodmother\u201d,<br \/>\nDr Nicole Bru<\/em><\/p>\n<p>[\/et_pb_text][\/et_pb_column][\/et_pb_row][\/et_pb_section][et_pb_section admin_label=&#8221;Section&#8221; fullwidth=&#8221;on&#8221; specialty=&#8221;off&#8221;][et_pb_fullwidth_header admin_label=&#8221;En-t\u00eate plein \u00e9cran&#8221; background_layout=&#8221;dark&#8221; text_orientation=&#8221;left&#8221; header_fullscreen=&#8221;off&#8221; header_scroll_down=&#8221;off&#8221; background_color=&#8221;#d35a2c&#8221; parallax=&#8221;off&#8221; parallax_method=&#8221;off&#8221; content_orientation=&#8221;center&#8221; image_orientation=&#8221;center&#8221; custom_button_one=&#8221;off&#8221; button_one_text_size=&#8221;20&#8243; button_one_border_width=&#8221;2&#8243; button_one_border_radius=&#8221;3&#8243; button_one_letter_spacing=&#8221;0&#8243; button_one_use_icon=&#8221;default&#8221; button_one_icon_placement=&#8221;right&#8221; button_one_on_hover=&#8221;on&#8221; button_one_border_radius_hover=&#8221;3&#8243; button_one_letter_spacing_hover=&#8221;0&#8243; custom_button_two=&#8221;off&#8221; button_two_text_size=&#8221;20&#8243; button_two_border_width=&#8221;2&#8243; button_two_border_radius=&#8221;3&#8243; button_two_letter_spacing=&#8221;0&#8243; button_two_use_icon=&#8221;default&#8221; button_two_icon_placement=&#8221;right&#8221; button_two_on_hover=&#8221;on&#8221; button_two_border_radius_hover=&#8221;3&#8243; button_two_letter_spacing_hover=&#8221;0&#8243; module_class=&#8221;home-quote&#8221;]<\/p>\n<blockquote>\n<p>By supporting, since the beginning, the Centrale Pekin school, the Bru foundation became its first private partner, allowing the project to start. The foundation Bru has been joined by big industrial companies greatly interested by the profile of the new school graduates.\n<\/p>\n<\/blockquote>\n<p>[\/et_pb_fullwidth_header][\/et_pb_section][et_pb_section admin_label=&#8221;Section&#8221; fullwidth=&#8221;off&#8221; specialty=&#8221;off&#8221;][et_pb_row admin_label=&#8221;Ligne&#8221;][et_pb_column type=&#8221;1_2&#8243;][et_pb_text admin_label=&#8221;Texte&#8221; background_layout=&#8221;light&#8221; text_orientation=&#8221;left&#8221; text_font_size=&#8221;14&#8243; use_border_color=&#8221;off&#8221; border_color=&#8221;#ffffff&#8221; border_style=&#8221;solid&#8221;]<\/p>\n<h2>Nicole Bru, sponsor of the first graduation class and honorary professor<\/h2>\n<p>[\/et_pb_text][\/et_pb_column][et_pb_column type=&#8221;1_2&#8243;][\/et_pb_column][\/et_pb_row][et_pb_row admin_label=&#8221;Ligne&#8221;][et_pb_column type=&#8221;1_2&#8243;][et_pb_text admin_label=&#8221;Texte&#8221; background_layout=&#8221;light&#8221; text_orientation=&#8221;left&#8221; text_font_size=&#8221;14&#8243; use_border_color=&#8221;off&#8221; border_color=&#8221;#ffffff&#8221; border_style=&#8221;solid&#8221;]<\/p>\n<div class=\"et_pb_text et_pb_module et_pb_bg_layout_light et_pb_text_align_left et_pb_text_2\">\n<p>For the Fondation Bru, sponsoring such a project means long-term commitment and adapting its support to favour the development of the \u00c9cole Centrale. Thus, the foundation organised an awareness day on the subject of \u201cEconomic intelligence and intellectual property: realistic Franco-Chinese cooperation\u201d with experts \u2013 researchers and industrialists \u2013 from both countries.<\/p>\n<p>\nFurthermore, as sponsor of the first class of engineers to graduate from the \u00c9cole Centrale Beijing (2011), Dr Bru presented students with subscriptions to French newspapers as a means of deepening their approach to French culture.\n<\/p>\n<\/div>\n<p>[\/et_pb_text][\/et_pb_column][et_pb_column type=&#8221;1_2&#8243;][et_pb_text admin_label=&#8221;Texte&#8221; background_layout=&#8221;light&#8221; text_orientation=&#8221;left&#8221; text_font_size=&#8221;14&#8243; use_border_color=&#8221;off&#8221; border_color=&#8221;#ffffff&#8221; border_style=&#8221;solid&#8221;]<\/p>\n<p>On 7 January 2012, in the solemn setting of the Great Hall of the People in Beijing, the Chancellor of Beihang University, Mr Huai Jinpeng, presented Dr Nicole Bru with the title of Honorary Professor of Beihang University. Just before the first official graduation ceremony of the \u00c9cole Centrale Beijing, he paid tribute to Dr Bru for her financial support, enabling the creation of the school, and for her long-term commitment.<\/p>\n<p>[\/et_pb_text][\/et_pb_column][\/et_pb_row][et_pb_row admin_label=&#8221;Ligne&#8221;][et_pb_column type=&#8221;1_2&#8243;][et_pb_text admin_label=&#8221;Texte&#8221; background_layout=&#8221;light&#8221; text_orientation=&#8221;left&#8221; text_font_size=&#8221;14&#8243; use_border_color=&#8221;off&#8221; border_color=&#8221;#ffffff&#8221; border_style=&#8221;solid&#8221;]<\/p>\n<p><img loading=\"lazy\" decoding=\"async\" width=\"480\" height=\"308\" class=\"alignnone size-full wp-image-431\" src=\"http:\/\/www.fondation-bru.org\/wp-content\/uploads\/2016\/01\/pic-chine-01.jpg\" alt=\"pic-chine-01\" srcset=\"http:\/\/www.fondation-bru.org\/wp-content\/uploads\/2016\/01\/pic-chine-01.jpg 480w, http:\/\/www.fondation-bru.org\/wp-content\/uploads\/2016\/01\/pic-chine-01-300x193.jpg 300w\" sizes=\"auto, (max-width: 480px) 100vw, 480px\" \/><br \/> <em>Students of Ecole Centrale Beijing on a visit to Paris, with their \u201cgodmother\u201d, Dr Nicole Bru<\/em><\/p>\n<p>[\/et_pb_text][\/et_pb_column][et_pb_column type=&#8221;1_2&#8243;][et_pb_text admin_label=&#8221;Texte&#8221; background_layout=&#8221;light&#8221; text_orientation=&#8221;left&#8221; text_font_size=&#8221;14&#8243; use_border_color=&#8221;off&#8221; border_color=&#8221;#ffffff&#8221; border_style=&#8221;solid&#8221;]<\/p>\n<p><img loading=\"lazy\" decoding=\"async\" width=\"480\" height=\"308\" class=\"alignnone size-full wp-image-432\" src=\"http:\/\/www.fondation-bru.org\/wp-content\/uploads\/2016\/01\/pic-chine-02.jpg\" alt=\"pic-chine-02\" srcset=\"http:\/\/www.fondation-bru.org\/wp-content\/uploads\/2016\/01\/pic-chine-02.jpg 480w, http:\/\/www.fondation-bru.org\/wp-content\/uploads\/2016\/01\/pic-chine-02-300x193.jpg 300w\" sizes=\"auto, (max-width: 480px) 100vw, 480px\" \/><br \/> <em>President Huai Jinpeng symbolically presenting Nicole Bru with the keys of Beihang University, along with the title of Honorary Professor.<\/em><br \/> <em>\u00a9Jacques Le Corre\/magazine Nouvel Ouest<\/em><\/p>\n<p>[\/et_pb_text][\/et_pb_column][\/et_pb_row][\/et_pb_section][et_pb_section admin_label=&#8221;Section&#8221; global_module=&#8221;793&#8243; fullwidth=&#8221;off&#8221; specialty=&#8221;off&#8221; transparent_background=&#8221;off&#8221; background_color=&#8221;#e6f7ff&#8221; allow_player_pause=&#8221;off&#8221; inner_shadow=&#8221;off&#8221; parallax=&#8221;off&#8221; parallax_method=&#8221;off&#8221; padding_mobile=&#8221;off&#8221; make_fullwidth=&#8221;off&#8221; use_custom_width=&#8221;off&#8221; width_unit=&#8221;on&#8221; make_equal=&#8221;off&#8221; use_custom_gutter=&#8221;off&#8221; gutter_width=&#8221;3&#8243;][et_pb_row global_parent=&#8221;793&#8243; admin_label=&#8221;Ligne&#8221;][et_pb_column type=&#8221;4_4&#8243;][et_pb_text global_parent=&#8221;793&#8243; admin_label=&#8221;Texte&#8221; background_layout=&#8221;light&#8221; text_orientation=&#8221;left&#8221; text_font_size=&#8221;14&#8243; use_border_color=&#8221;off&#8221; border_color=&#8221;#ffffff&#8221; border_style=&#8221;solid&#8221;]<\/p>\n<h1 style=\"text-align: center;\">Our commitments<\/h1>\n<p>[\/et_pb_text][\/et_pb_column][\/et_pb_row][et_pb_row global_parent=&#8221;793&#8243; admin_label=&#8221;Ligne&#8221;][et_pb_column type=&#8221;1_4&#8243;][et_pb_blurb global_parent=&#8221;793&#8243; admin_label=&#8221;R\u00e9sum\u00e9&#8221; title=&#8221;Schooling in Burma&#8221; url_new_window=&#8221;off&#8221; use_icon=&#8221;off&#8221; icon_color=&#8221;#165da9&#8243; use_circle=&#8221;off&#8221; circle_color=&#8221;#165da9&#8243; use_circle_border=&#8221;off&#8221; circle_border_color=&#8221;#165da9&#8243; image=&#8221;http:\/\/www.fondation-bru.org\/wp-content\/uploads\/2016\/01\/pic-ecole_pasut_birmanie.jpg&#8221; icon_placement=&#8221;top&#8221; animation=&#8221;top&#8221; background_layout=&#8221;dark&#8221; text_orientation=&#8221;left&#8221; module_class=&#8221;orange&#8221; use_icon_font_size=&#8221;off&#8221; header_font_size=&#8221;18&#8243; body_font_size=&#8221;14&#8243; use_border_color=&#8221;off&#8221; border_color=&#8221;#ffffff&#8221; border_style=&#8221;solid&#8221; url=&#8221;www.fondation-bru.org\/dev\/en\/education\/primaire-a-luniversite\/&#8221;]<\/p>\n<p>[\/et_pb_blurb][\/et_pb_column][et_pb_column type=&#8221;1_4&#8243;][et_pb_blurb global_parent=&#8221;793&#8243; admin_label=&#8221;R\u00e9sum\u00e9&#8221; title=&#8221;Restoring a Venetian palazzetto&#8221; url_new_window=&#8221;off&#8221; use_icon=&#8221;off&#8221; icon_color=&#8221;#165da9&#8243; use_circle=&#8221;off&#8221; circle_color=&#8221;#165da9&#8243; use_circle_border=&#8221;off&#8221; circle_border_color=&#8221;#165da9&#8243; image=&#8221;http:\/\/www.fondation-bru.org\/wp-content\/uploads\/2016\/01\/pic-casino-zane-restauration.jpg&#8221; icon_placement=&#8221;top&#8221; animation=&#8221;top&#8221; background_layout=&#8221;dark&#8221; text_orientation=&#8221;left&#8221; module_class=&#8221;vert&#8221; use_icon_font_size=&#8221;off&#8221; header_font_size=&#8221;18&#8243; body_font_size=&#8221;14&#8243; use_border_color=&#8221;off&#8221; border_color=&#8221;#ffffff&#8221; border_style=&#8221;solid&#8221; url=&#8221;www.fondation-bru.org\/dev\/en\/patrimoine\/casino-zane\/&#8221;]<\/p>\n<p>[\/et_pb_blurb][\/et_pb_column][et_pb_column type=&#8221;1_4&#8243;][et_pb_blurb global_parent=&#8221;793&#8243; admin_label=&#8221;R\u00e9sum\u00e9&#8221; title=&#8221;Ecole Centrale Beijing&#8221; url_new_window=&#8221;off&#8221; use_icon=&#8221;off&#8221; icon_color=&#8221;#165da9&#8243; use_circle=&#8221;off&#8221; circle_color=&#8221;#165da9&#8243; use_circle_border=&#8221;off&#8221; circle_border_color=&#8221;#165da9&#8243; image=&#8221;http:\/\/www.fondation-bru.org\/wp-content\/uploads\/2015\/11\/box-pekin.jpg&#8221; icon_placement=&#8221;top&#8221; animation=&#8221;top&#8221; background_layout=&#8221;dark&#8221; text_orientation=&#8221;left&#8221; module_class=&#8221;orange&#8221; use_icon_font_size=&#8221;off&#8221; header_font_size=&#8221;18&#8243; body_font_size=&#8221;14&#8243; use_border_color=&#8221;off&#8221; border_color=&#8221;#ffffff&#8221; border_style=&#8221;solid&#8221; url=&#8221;www.fondation-bru.org\/dev\/en\/education\/ecole-centrale-de-pekin\/&#8221;]<\/p>\n<p>[\/et_pb_blurb][\/et_pb_column][et_pb_column type=&#8221;1_4&#8243;][et_pb_blurb global_parent=&#8221;793&#8243; admin_label=&#8221;R\u00e9sum\u00e9&#8221; title=&#8221;Reviving French Romantic music&#8221; url_new_window=&#8221;off&#8221; use_icon=&#8221;off&#8221; icon_color=&#8221;#165da9&#8243; use_circle=&#8221;off&#8221; circle_color=&#8221;#165da9&#8243; use_circle_border=&#8221;off&#8221; circle_border_color=&#8221;#165da9&#8243; image=&#8221;http:\/\/www.fondation-bru.org\/wp-content\/uploads\/2015\/11\/box-musique-romantique-francaise.jpg&#8221; icon_placement=&#8221;top&#8221; animation=&#8221;top&#8221; background_layout=&#8221;dark&#8221; text_orientation=&#8221;left&#8221; module_class=&#8221;vert&#8221; use_icon_font_size=&#8221;off&#8221; header_font_size=&#8221;18&#8243; body_font_size=&#8221;14&#8243; use_border_color=&#8221;off&#8221; border_color=&#8221;#ffffff&#8221; border_style=&#8221;solid&#8221; url=&#8221;http:\/\/www.fondation-bru.org\/en\/patrimoine\/palazzetto-bru-zane\/&#8221;]<\/p>\n<p>[\/et_pb_blurb][\/et_pb_column][\/et_pb_row][\/et_pb_section]<\/p>","protected":false},"excerpt":{"rendered":"<p>[et_pb_section admin_label=&#8221;Section&#8221; fullwidth=&#8221;on&#8221; specialty=&#8221;off&#8221;][et_pb_fullwidth_image admin_label=&#8221;Image en pleine largeur&#8221; src=&#8221;http:\/\/www.fondation-bru.org\/wp-content\/uploads\/2016\/01\/banner-ecole-pekin.jpg&#8221; show_in_lightbox=&#8221;off&#8221; url_new_window=&#8221;off&#8221; animation=&#8221;fade_in&#8221; module_class=&#8221;orange&#8221; use_border_color=&#8221;off&#8221; border_color=&#8221;#ffffff&#8221; border_style=&#8221;solid&#8221;] [\/et_pb_fullwidth_image][\/et_pb_section][et_pb_section admin_label=&#8221;section&#8221;][et_pb_row admin_label=&#8221;Ligne&#8221;][et_pb_column type=&#8221;4_4&#8243;][et_pb_text admin_label=&#8221;Texte&#8221; background_layout=&#8221;light&#8221; text_orientation=&#8221;left&#8221; text_font_size=&#8221;14&#8243; use_border_color=&#8221;off&#8221; border_color=&#8221;#ffffff&#8221; border_style=&#8221;solid&#8221;] Ecole Centrale Beijing The financial support decided by Dr. Nicole Bru upstream of the project has enabled the creation of China\u2019s first French-speaking engineering school, after a particularly [&hellip;]<\/p>\n","protected":false},"author":2,"featured_media":0,"parent":148,"menu_order":0,"comment_status":"closed","ping_status":"closed","template":"","meta":{"_et_pb_use_builder":"on","_et_pb_old_content":"","_et_gb_content_width":"","footnotes":""},"class_list":["post-254","page","type-page","status-publish","hentry"],"yoast_head":"<!-- This site is optimized with the Yoast SEO plugin v26.9 - https:\/\/yoast.com\/product\/yoast-seo-wordpress\/ -->\n<title>Ecole Centrale Beijing - Fondation Bru<\/title>\n<meta name=\"description\" content=\"Nicole Bru en amont du projet, a permis la cr\u00e9ation de la premi\u00e8re grande \u00e9cole d\u2019ing\u00e9nieurs francophones en Chine: L&#039;Ecole Centrale de P\u00e9kin\" \/>\n<meta name=\"robots\" content=\"index, follow, max-snippet:-1, max-image-preview:large, max-video-preview:-1\" \/>\n<link rel=\"canonical\" href=\"https:\/\/www.fondation-bru.org\/education\/ecole-centrale-de-pekin\/\" \/>\n<meta property=\"og:locale\" content=\"en_US\" \/>\n<meta property=\"og:type\" content=\"article\" \/>\n<meta property=\"og:title\" content=\"[:fr]Ecole Centrale de p\u00e9kin[:en]Ecole Centrale Beijing[:] - Fondation Bru\" \/>\n<meta property=\"og:description\" content=\"Nicole Bru en amont du projet, a permis la cr\u00e9ation de la premi\u00e8re grande \u00e9cole d\u2019ing\u00e9nieurs francophones en Chine: L&#039;Ecole Centrale de P\u00e9kin\" \/>\n<meta property=\"og:url\" content=\"https:\/\/www.fondation-bru.org\/education\/ecole-centrale-de-pekin\/\" \/>\n<meta property=\"og:site_name\" content=\"Fondation Bru\" \/>\n<meta property=\"article:modified_time\" content=\"2016-02-04T10:21:00+00:00\" \/>\n<meta property=\"og:image\" content=\"http:\/\/www.fondation-bru.org\/wp-content\/uploads\/2016\/01\/pic-eleves-pekin.jpg\" \/>\n<meta name=\"twitter:card\" content=\"summary_large_image\" \/>\n<meta name=\"twitter:label1\" content=\"Est. reading time\" \/>\n\t<meta name=\"twitter:data1\" content=\"16 minutes\" \/>\n<script type=\"application\/ld+json\" class=\"yoast-schema-graph\">{\"@context\":\"https:\/\/schema.org\",\"@graph\":[{\"@type\":\"WebPage\",\"@id\":\"https:\/\/www.fondation-bru.org\/education\/ecole-centrale-de-pekin\/\",\"url\":\"https:\/\/www.fondation-bru.org\/education\/ecole-centrale-de-pekin\/\",\"name\":\"[:fr]Ecole Centrale de p\u00e9kin[:en]Ecole Centrale Beijing[:] - Fondation Bru\",\"isPartOf\":{\"@id\":\"http:\/\/www.fondation-bru.org\/#website\"},\"primaryImageOfPage\":{\"@id\":\"https:\/\/www.fondation-bru.org\/education\/ecole-centrale-de-pekin\/#primaryimage\"},\"image\":{\"@id\":\"https:\/\/www.fondation-bru.org\/education\/ecole-centrale-de-pekin\/#primaryimage\"},\"thumbnailUrl\":\"http:\/\/www.fondation-bru.org\/wp-content\/uploads\/2016\/01\/pic-eleves-pekin.jpg\",\"datePublished\":\"2016-01-05T14:06:12+00:00\",\"dateModified\":\"2016-02-04T10:21:00+00:00\",\"description\":\"Nicole Bru en amont du projet, a permis la cr\u00e9ation de la premi\u00e8re grande \u00e9cole d\u2019ing\u00e9nieurs francophones en Chine: L'Ecole Centrale de P\u00e9kin\",\"breadcrumb\":{\"@id\":\"https:\/\/www.fondation-bru.org\/education\/ecole-centrale-de-pekin\/#breadcrumb\"},\"inLanguage\":\"en-US\",\"potentialAction\":[{\"@type\":\"ReadAction\",\"target\":[\"https:\/\/www.fondation-bru.org\/education\/ecole-centrale-de-pekin\/\"]}]},{\"@type\":\"ImageObject\",\"inLanguage\":\"en-US\",\"@id\":\"https:\/\/www.fondation-bru.org\/education\/ecole-centrale-de-pekin\/#primaryimage\",\"url\":\"http:\/\/www.fondation-bru.org\/wp-content\/uploads\/2016\/01\/pic-eleves-pekin.jpg\",\"contentUrl\":\"http:\/\/www.fondation-bru.org\/wp-content\/uploads\/2016\/01\/pic-eleves-pekin.jpg\"},{\"@type\":\"BreadcrumbList\",\"@id\":\"https:\/\/www.fondation-bru.org\/education\/ecole-centrale-de-pekin\/#breadcrumb\",\"itemListElement\":[{\"@type\":\"ListItem\",\"position\":1,\"name\":\"Accueil\",\"item\":\"http:\/\/www.fondation-bru.org\/\"},{\"@type\":\"ListItem\",\"position\":2,\"name\":\"Education\",\"item\":\"https:\/\/www.fondation-bru.org\/education\/\"},{\"@type\":\"ListItem\",\"position\":3,\"name\":\"Ecole Centrale de p\u00e9kin\"}]},{\"@type\":\"WebSite\",\"@id\":\"http:\/\/www.fondation-bru.org\/#website\",\"url\":\"http:\/\/www.fondation-bru.org\/\",\"name\":\"Fondation Bru\",\"description\":\"Encourager les projets pionniers au service de grandes causes\",\"potentialAction\":[{\"@type\":\"SearchAction\",\"target\":{\"@type\":\"EntryPoint\",\"urlTemplate\":\"http:\/\/www.fondation-bru.org\/?s={search_term_string}\"},\"query-input\":{\"@type\":\"PropertyValueSpecification\",\"valueRequired\":true,\"valueName\":\"search_term_string\"}}],\"inLanguage\":\"en-US\"}]}<\/script>\n<!-- \/ Yoast SEO plugin. -->","yoast_head_json":{"title":"[:fr]Ecole Centrale de p\u00e9kin[:en]Ecole Centrale Beijing[:] - Fondation Bru","description":"Nicole Bru en amont du projet, a permis la cr\u00e9ation de la premi\u00e8re grande \u00e9cole d\u2019ing\u00e9nieurs francophones en Chine: L'Ecole Centrale de P\u00e9kin","robots":{"index":"index","follow":"follow","max-snippet":"max-snippet:-1","max-image-preview":"max-image-preview:large","max-video-preview":"max-video-preview:-1"},"canonical":"https:\/\/www.fondation-bru.org\/education\/ecole-centrale-de-pekin\/","og_locale":"en_US","og_type":"article","og_title":"[:fr]Ecole Centrale de p\u00e9kin[:en]Ecole Centrale Beijing[:] - Fondation Bru","og_description":"Nicole Bru en amont du projet, a permis la cr\u00e9ation de la premi\u00e8re grande \u00e9cole d\u2019ing\u00e9nieurs francophones en Chine: L'Ecole Centrale de P\u00e9kin","og_url":"https:\/\/www.fondation-bru.org\/education\/ecole-centrale-de-pekin\/","og_site_name":"Fondation Bru","article_modified_time":"2016-02-04T10:21:00+00:00","og_image":[{"url":"http:\/\/www.fondation-bru.org\/wp-content\/uploads\/2016\/01\/pic-eleves-pekin.jpg","type":"","width":"","height":""}],"twitter_card":"summary_large_image","twitter_misc":{"Est. reading time":"16 minutes"},"schema":{"@context":"https:\/\/schema.org","@graph":[{"@type":"WebPage","@id":"https:\/\/www.fondation-bru.org\/education\/ecole-centrale-de-pekin\/","url":"https:\/\/www.fondation-bru.org\/education\/ecole-centrale-de-pekin\/","name":"[:fr]Ecole Centrale de p\u00e9kin[:en]Ecole Centrale Beijing[:] - Fondation Bru","isPartOf":{"@id":"http:\/\/www.fondation-bru.org\/#website"},"primaryImageOfPage":{"@id":"https:\/\/www.fondation-bru.org\/education\/ecole-centrale-de-pekin\/#primaryimage"},"image":{"@id":"https:\/\/www.fondation-bru.org\/education\/ecole-centrale-de-pekin\/#primaryimage"},"thumbnailUrl":"http:\/\/www.fondation-bru.org\/wp-content\/uploads\/2016\/01\/pic-eleves-pekin.jpg","datePublished":"2016-01-05T14:06:12+00:00","dateModified":"2016-02-04T10:21:00+00:00","description":"Nicole Bru en amont du projet, a permis la cr\u00e9ation de la premi\u00e8re grande \u00e9cole d\u2019ing\u00e9nieurs francophones en Chine: L'Ecole Centrale de P\u00e9kin","breadcrumb":{"@id":"https:\/\/www.fondation-bru.org\/education\/ecole-centrale-de-pekin\/#breadcrumb"},"inLanguage":"en-US","potentialAction":[{"@type":"ReadAction","target":["https:\/\/www.fondation-bru.org\/education\/ecole-centrale-de-pekin\/"]}]},{"@type":"ImageObject","inLanguage":"en-US","@id":"https:\/\/www.fondation-bru.org\/education\/ecole-centrale-de-pekin\/#primaryimage","url":"http:\/\/www.fondation-bru.org\/wp-content\/uploads\/2016\/01\/pic-eleves-pekin.jpg","contentUrl":"http:\/\/www.fondation-bru.org\/wp-content\/uploads\/2016\/01\/pic-eleves-pekin.jpg"},{"@type":"BreadcrumbList","@id":"https:\/\/www.fondation-bru.org\/education\/ecole-centrale-de-pekin\/#breadcrumb","itemListElement":[{"@type":"ListItem","position":1,"name":"Accueil","item":"http:\/\/www.fondation-bru.org\/"},{"@type":"ListItem","position":2,"name":"Education","item":"https:\/\/www.fondation-bru.org\/education\/"},{"@type":"ListItem","position":3,"name":"Ecole Centrale de p\u00e9kin"}]},{"@type":"WebSite","@id":"http:\/\/www.fondation-bru.org\/#website","url":"http:\/\/www.fondation-bru.org\/","name":"Fondation Bru","description":"Encourager les projets pionniers au service de grandes causes","potentialAction":[{"@type":"SearchAction","target":{"@type":"EntryPoint","urlTemplate":"http:\/\/www.fondation-bru.org\/?s={search_term_string}"},"query-input":{"@type":"PropertyValueSpecification","valueRequired":true,"valueName":"search_term_string"}}],"inLanguage":"en-US"}]}},"_links":{"self":[{"href":"http:\/\/www.fondation-bru.org\/en\/wp-json\/wp\/v2\/pages\/254","targetHints":{"allow":["GET"]}}],"collection":[{"href":"http:\/\/www.fondation-bru.org\/en\/wp-json\/wp\/v2\/pages"}],"about":[{"href":"http:\/\/www.fondation-bru.org\/en\/wp-json\/wp\/v2\/types\/page"}],"author":[{"embeddable":true,"href":"http:\/\/www.fondation-bru.org\/en\/wp-json\/wp\/v2\/users\/2"}],"replies":[{"embeddable":true,"href":"http:\/\/www.fondation-bru.org\/en\/wp-json\/wp\/v2\/comments?post=254"}],"version-history":[{"count":31,"href":"http:\/\/www.fondation-bru.org\/en\/wp-json\/wp\/v2\/pages\/254\/revisions"}],"predecessor-version":[{"id":1007,"href":"http:\/\/www.fondation-bru.org\/en\/wp-json\/wp\/v2\/pages\/254\/revisions\/1007"}],"up":[{"embeddable":true,"href":"http:\/\/www.fondation-bru.org\/en\/wp-json\/wp\/v2\/pages\/148"}],"wp:attachment":[{"href":"http:\/\/www.fondation-bru.org\/en\/wp-json\/wp\/v2\/media?parent=254"}],"curies":[{"name":"wp","href":"https:\/\/api.w.org\/{rel}","templated":true}]}}