{"id":270,"date":"2016-01-05T15:11:17","date_gmt":"2016-01-05T14:11:17","guid":{"rendered":"http:\/\/www.fondation-bru.org\/?page_id=270"},"modified":"2016-02-08T18:17:05","modified_gmt":"2016-02-08T17:17:05","slug":"gilles-caron","status":"publish","type":"page","link":"http:\/\/www.fondation-bru.org\/en\/patrimoine\/gilles-caron\/","title":{"rendered":"Gilles Caron"},"content":{"rendered":"<p>[et_pb_section admin_label=&#8221;Section&#8221; fullwidth=&#8221;on&#8221; specialty=&#8221;off&#8221;][et_pb_fullwidth_image admin_label=&#8221;Image en pleine largeur&#8221; src=&#8221;http:\/\/www.fondation-bru.org\/wp-content\/uploads\/2016\/01\/banner-gilles-caron.jpg&#8221; show_in_lightbox=&#8221;off&#8221; url_new_window=&#8221;off&#8221; animation=&#8221;fade_in&#8221; module_class=&#8221;vert&#8221; use_border_color=&#8221;off&#8221; border_color=&#8221;#ffffff&#8221; border_style=&#8221;solid&#8221;]<\/p>\n<p>[\/et_pb_fullwidth_image][\/et_pb_section][et_pb_section admin_label=&#8221;section&#8221;][et_pb_row admin_label=&#8221;Ligne&#8221;][et_pb_column type=&#8221;2_3&#8243;][et_pb_text admin_label=&#8221;Texte&#8221; background_layout=&#8221;light&#8221; text_orientation=&#8221;left&#8221; text_font_size=&#8221;14&#8243; use_border_color=&#8221;off&#8221; border_color=&#8221;#ffffff&#8221; border_style=&#8221;solid&#8221;]<\/p>\n<h1>Gilles Caron<\/h1>\n<h3>Contributing to greater awareness of the works of an artist <\/h3>\n<p>Covering the major world conflicts of his time, Gilles Caron was a talented photojournalist.  His photographs marked their time.  As a great lover of photography, Nicole Bru wished to join with the Fondation Gilles Caron in paying tribute to the skill, audacity and courage of the photojournalist Gilles Caron and in giving him his rightful place in the history of journalism and photography (through exhibitions and publications).<\/p>\n<p>As a great lover of photography, Nicole Bru wished to join with the Fondation Gilles Caron in paying tribute to the skill, audacity and courage of the photojournalist Gilles Caron and in giving him his rightful place in the history of journalism and photography (through exhibitions and publications).<\/p>\n<p>Her support was at the origin of the symposium \u201cGilles Caron, photographer\u201d in 2009 and in 2012 the publication of the book <a href=\"\/dev\/en\/gilles-caron-scrapbook\/\">Gilles Caron &#8211; Scrapbook<\/a>, and enabled the organisation in 2013 of the first occasion of the <a href=\"\/dev\/en\/exposition-gilles-caron-conflit-interieur\/\">exhibition \u201cGilles Caron, Le Conflit int\u00e9rieur\u201d<\/a>, at the Elys\u00e9e Museum in Lausanne. This exhibition still continues its adventure; after the Museum of Charleroi and the Museum of the Jeu de Paume in Tours, it is now the Palace of Fonfreyde in Clermont-Ferrand which is housing it. <\/p>\n<p>The Fondation Bru is pursuing its commitment by contributing to the financing of the design of the \u201cCahiers\u201d of the Gilles Caron Foundation. It organises <a href=\"\/dev\/en\/hommage-a-gilles-caron\/\">\u201cGilles Caron &#8211; Colours\u201d<\/a>, a previously unpublished colour prints display. After the success of the first showing in Venice (Palazzetto Bru Zane), during the  2015 contemporary art Biennial the exhibition, enhanced by new prints, is being held in Geneva from 10th February to 5th March 2016.<\/p>\n<p><a href=\"\/dev\/en\/gilles-caron-couleurs\/\">Gilles Caron in Geneva<\/a><\/p>\n<p><a href=\"http:\/\/www.fondationgillescaron.org\" target=\"_blank\">Fondation Gilles Caron<\/a><\/p>\n<p>&nbsp;<\/p>\n<p>[\/et_pb_text][et_pb_image admin_label=&#8221;Image&#8221; src=&#8221;http:\/\/www.fondation-bru.org\/wp-content\/uploads\/2016\/01\/1gilles_caron_-_le_conflit_intcrieur_-_gilles_caron_guince_dccembre_1968_fondation_gilles_caron.jpg&#8221; show_in_lightbox=&#8221;off&#8221; url_new_window=&#8221;off&#8221; animation=&#8221;off&#8221; sticky=&#8221;off&#8221; align=&#8221;left&#8221; force_fullwidth=&#8221;off&#8221; always_center_on_mobile=&#8221;on&#8221; use_border_color=&#8221;off&#8221; border_color=&#8221;#ffffff&#8221; border_style=&#8221;solid&#8221;]<\/p>\n<p>[\/et_pb_image][\/et_pb_column][et_pb_column type=&#8221;1_3&#8243;][et_pb_text admin_label=&#8221;Texte&#8221; background_layout=&#8221;light&#8221; text_orientation=&#8221;left&#8221; text_font_size=&#8221;14&#8243; use_border_color=&#8221;off&#8221; border_color=&#8221;#ffffff&#8221; border_style=&#8221;solid&#8221;]<\/p>\n<h1>Actualit\u00e9s<\/h1>\n<p>[\/et_pb_text][et_pb_blog admin_label=&#8221;Blog&#8221; fullwidth=&#8221;off&#8221; include_categories=&#8221;19&#8243; show_thumbnail=&#8221;off&#8221; show_content=&#8221;off&#8221; show_more=&#8221;on&#8221; show_author=&#8221;off&#8221; show_date=&#8221;off&#8221; show_categories=&#8221;off&#8221; show_comments=&#8221;off&#8221; show_pagination=&#8221;off&#8221; offset_number=&#8221;0&#8243; background_layout=&#8221;light&#8221; use_dropshadow=&#8221;off&#8221; header_font_size=&#8221;18&#8243; meta_font_size=&#8221;14&#8243; body_font_size=&#8221;14&#8243; use_border_color=&#8221;off&#8221; border_color=&#8221;#ffffff&#8221; border_style=&#8221;solid&#8221; posts_number=&#8221;3&#8243; masonry_tile_background_color=&#8221;#e6f7ff&#8221;]<\/p>\n<p>[\/et_pb_blog][et_pb_image admin_label=&#8221;Image&#8221; src=&#8221;http:\/\/www.fondation-bru.org\/wp-content\/uploads\/2016\/01\/120530_gilles_caron_scrapbook_p122_123.jpg&#8221; show_in_lightbox=&#8221;off&#8221; url_new_window=&#8221;off&#8221; animation=&#8221;off&#8221; sticky=&#8221;off&#8221; align=&#8221;left&#8221; force_fullwidth=&#8221;off&#8221; always_center_on_mobile=&#8221;on&#8221; use_border_color=&#8221;off&#8221; border_color=&#8221;#ffffff&#8221; border_style=&#8221;solid&#8221;]<\/p>\n<p>[\/et_pb_image][\/et_pb_column][\/et_pb_row][et_pb_row admin_label=&#8221;Ligne&#8221;][et_pb_column type=&#8221;1_3&#8243;][\/et_pb_column][et_pb_column type=&#8221;1_3&#8243;][\/et_pb_column][et_pb_column type=&#8221;1_3&#8243;][\/et_pb_column][\/et_pb_row][\/et_pb_section][et_pb_section admin_label=&#8221;Section&#8221; fullwidth=&#8221;on&#8221; specialty=&#8221;off&#8221; transparent_background=&#8221;off&#8221; allow_player_pause=&#8221;off&#8221; inner_shadow=&#8221;off&#8221; parallax=&#8221;off&#8221; parallax_method=&#8221;off&#8221; padding_mobile=&#8221;off&#8221; make_fullwidth=&#8221;off&#8221; use_custom_width=&#8221;off&#8221; width_unit=&#8221;on&#8221; make_equal=&#8221;off&#8221; use_custom_gutter=&#8221;off&#8221; gutter_width=&#8221;3&#8243;][et_pb_fullwidth_header admin_label=&#8221;En-t\u00eate plein \u00e9cran&#8221; title=&#8221;Rien n\u2019a de sens si ce n\u2019est au service de l\u2019Homme&#8221; subhead=&#8221;L\u2019Homme et son environnement sont au c\u0153ur de toutes les actions soutenues par la Fondation Bru. Dans des domaines tr\u00e8s diff\u00e9rents, notamment l\u2019\u00e9ducation, la recherche, la culture ou le patrimoine, la Fondation soutient des projets pionniers, ambitieux, susceptibles de faire progresser significativement la cause qu\u2019ils servent.&#8221; background_layout=&#8221;dark&#8221; text_orientation=&#8221;center&#8221; header_fullscreen=&#8221;off&#8221; header_scroll_down=&#8221;off&#8221; background_color=&#8221;#005bab&#8221; parallax=&#8221;off&#8221; parallax_method=&#8221;off&#8221; content_orientation=&#8221;center&#8221; image_orientation=&#8221;center&#8221; custom_button_one=&#8221;off&#8221; button_one_text_size=&#8221;20&#8243; button_one_border_width=&#8221;2&#8243; button_one_border_radius=&#8221;3&#8243; button_one_letter_spacing=&#8221;0&#8243; button_one_use_icon=&#8221;default&#8221; button_one_icon_placement=&#8221;right&#8221; button_one_on_hover=&#8221;on&#8221; button_one_border_radius_hover=&#8221;3&#8243; button_one_letter_spacing_hover=&#8221;0&#8243; custom_button_two=&#8221;off&#8221; button_two_text_size=&#8221;20&#8243; button_two_border_width=&#8221;2&#8243; button_two_border_radius=&#8221;3&#8243; button_two_letter_spacing=&#8221;0&#8243; button_two_use_icon=&#8221;default&#8221; button_two_icon_placement=&#8221;right&#8221; button_two_on_hover=&#8221;on&#8221; button_two_border_radius_hover=&#8221;3&#8243; button_two_letter_spacing_hover=&#8221;0&#8243;]<\/p>\n<p>[\/et_pb_fullwidth_header][\/et_pb_section][et_pb_section admin_label=&#8221;Section&#8221; fullwidth=&#8221;off&#8221; specialty=&#8221;off&#8221; transparent_background=&#8221;off&#8221; background_color=&#8221;#e6f7ff&#8221; allow_player_pause=&#8221;off&#8221; inner_shadow=&#8221;off&#8221; parallax=&#8221;off&#8221; parallax_method=&#8221;off&#8221; padding_mobile=&#8221;off&#8221; make_fullwidth=&#8221;off&#8221; use_custom_width=&#8221;off&#8221; width_unit=&#8221;on&#8221; make_equal=&#8221;off&#8221; use_custom_gutter=&#8221;off&#8221; gutter_width=&#8221;3&#8243;][et_pb_row admin_label=&#8221;Ligne&#8221;][et_pb_column type=&#8221;1_4&#8243;][et_pb_image admin_label=&#8221;Image&#8221; src=&#8221;http:\/\/www.fondation-bru.org\/wp-content\/uploads\/2015\/11\/pic-reussite.jpg&#8221; alt=&#8221;Dr Camille Bru et Dr Jean Bru&#8221; show_in_lightbox=&#8221;off&#8221; url_new_window=&#8221;off&#8221; animation=&#8221;off&#8221; sticky=&#8221;off&#8221; align=&#8221;left&#8221; force_fullwidth=&#8221;off&#8221; always_center_on_mobile=&#8221;on&#8221; use_border_color=&#8221;off&#8221; border_color=&#8221;#ffffff&#8221; border_style=&#8221;solid&#8221; url=&#8221;http:\/\/www.fondation-bru.org\/une-reussite-exemplaire\/&#8221;]<\/p>\n<p>[\/et_pb_image][\/et_pb_column][et_pb_column type=&#8221;1_4&#8243;][et_pb_text admin_label=&#8221;Texte&#8221; background_layout=&#8221;light&#8221; text_orientation=&#8221;left&#8221; text_font_size=&#8221;14&#8243; use_border_color=&#8221;off&#8221; border_color=&#8221;#ffffff&#8221; border_style=&#8221;solid&#8221;]<\/p>\n<h2>A Success Story<\/h2>\n<p>In the twentieth century, the history of the Bru family was closely linked to the meteoric rise of the pharmaceutical company it had created and developed with enthusiasm and success for 60 years.<\/p>\n<p>[\/et_pb_text][\/et_pb_column][et_pb_column type=&#8221;1_4&#8243;][et_pb_image admin_label=&#8221;Image&#8221; src=&#8221;http:\/\/www.fondation-bru.org\/wp-content\/uploads\/2015\/11\/reussite-exemplaire.jpg&#8221; alt=&#8221;Dr. Camille Bru et Dr. Jean Bru&#8221; show_in_lightbox=&#8221;off&#8221; url_new_window=&#8221;off&#8221; animation=&#8221;off&#8221; sticky=&#8221;off&#8221; align=&#8221;left&#8221; force_fullwidth=&#8221;off&#8221; always_center_on_mobile=&#8221;on&#8221; use_border_color=&#8221;off&#8221; border_color=&#8221;#ffffff&#8221; border_style=&#8221;solid&#8221; url=&#8221;http:\/\/www.fondation-bru.org\/deux-hommes-dexception\/&#8221;]<\/p>\n<p>[\/et_pb_image][\/et_pb_column][et_pb_column type=&#8221;1_4&#8243;][et_pb_text admin_label=&#8221;Texte&#8221; background_layout=&#8221;light&#8221; text_orientation=&#8221;left&#8221; text_font_size=&#8221;14&#8243; use_border_color=&#8221;off&#8221; border_color=&#8221;#ffffff&#8221; border_style=&#8221;solid&#8221;]<\/p>\n<h2><a href=\"http:\/\/www.fondation-bru.org\/en\/deux-hommes-dexception\/\">Two exceptional men<\/a><\/h2>\n<p>Doctor Camille Bru and Doctor Jean Bru.<\/p>\n<p>[\/et_pb_text][\/et_pb_column][\/et_pb_row][\/et_pb_section]<\/p>","protected":false},"excerpt":{"rendered":"<p>[et_pb_section admin_label=&#8221;Section&#8221; fullwidth=&#8221;on&#8221; specialty=&#8221;off&#8221;][et_pb_fullwidth_image admin_label=&#8221;Image en pleine largeur&#8221; src=&#8221;http:\/\/www.fondation-bru.org\/wp-content\/uploads\/2016\/01\/banner-gilles-caron.jpg&#8221; show_in_lightbox=&#8221;off&#8221; url_new_window=&#8221;off&#8221; animation=&#8221;fade_in&#8221; module_class=&#8221;vert&#8221; use_border_color=&#8221;off&#8221; border_color=&#8221;#ffffff&#8221; border_style=&#8221;solid&#8221;] [\/et_pb_fullwidth_image][\/et_pb_section][et_pb_section admin_label=&#8221;section&#8221;][et_pb_row admin_label=&#8221;Ligne&#8221;][et_pb_column type=&#8221;2_3&#8243;][et_pb_text admin_label=&#8221;Texte&#8221; background_layout=&#8221;light&#8221; text_orientation=&#8221;left&#8221; text_font_size=&#8221;14&#8243; use_border_color=&#8221;off&#8221; border_color=&#8221;#ffffff&#8221; border_style=&#8221;solid&#8221;] Gilles Caron Contributing to greater awareness of the works of an artist Covering the major world conflicts of his time, Gilles Caron was a talented photojournalist. His photographs [&hellip;]<\/p>\n","protected":false},"author":2,"featured_media":0,"parent":150,"menu_order":0,"comment_status":"closed","ping_status":"closed","template":"","meta":{"_et_pb_use_builder":"on","_et_pb_old_content":"","_et_gb_content_width":"","footnotes":""},"class_list":["post-270","page","type-page","status-publish","hentry"],"yoast_head":"<!-- This site is optimized with the Yoast SEO plugin v26.9 - https:\/\/yoast.com\/product\/yoast-seo-wordpress\/ -->\n<title>Gilles Caron - Fondation Bru<\/title>\n<meta name=\"robots\" content=\"index, follow, max-snippet:-1, max-image-preview:large, max-video-preview:-1\" \/>\n<link rel=\"canonical\" href=\"http:\/\/www.fondation-bru.org\/en\/patrimoine\/gilles-caron\/\" \/>\n<meta property=\"og:locale\" content=\"en_US\" \/>\n<meta property=\"og:type\" content=\"article\" \/>\n<meta property=\"og:title\" content=\"Gilles Caron - Fondation Bru\" \/>\n<meta property=\"og:description\" content=\"[et_pb_section admin_label=&#8221;Section&#8221; fullwidth=&#8221;on&#8221; specialty=&#8221;off&#8221;][et_pb_fullwidth_image admin_label=&#8221;Image en pleine largeur&#8221; src=&#8221;http:\/\/www.fondation-bru.org\/wp-content\/uploads\/2016\/01\/banner-gilles-caron.jpg&#8221; show_in_lightbox=&#8221;off&#8221; url_new_window=&#8221;off&#8221; animation=&#8221;fade_in&#8221; module_class=&#8221;vert&#8221; use_border_color=&#8221;off&#8221; border_color=&#8221;#ffffff&#8221; border_style=&#8221;solid&#8221;] [\/et_pb_fullwidth_image][\/et_pb_section][et_pb_section admin_label=&#8221;section&#8221;][et_pb_row admin_label=&#8221;Ligne&#8221;][et_pb_column type=&#8221;2_3&#8243;][et_pb_text admin_label=&#8221;Texte&#8221; background_layout=&#8221;light&#8221; text_orientation=&#8221;left&#8221; text_font_size=&#8221;14&#8243; use_border_color=&#8221;off&#8221; border_color=&#8221;#ffffff&#8221; border_style=&#8221;solid&#8221;] Gilles Caron Contributing to greater awareness of the works of an artist Covering the major world conflicts of his time, Gilles Caron was a talented photojournalist. His photographs [&hellip;]\" \/>\n<meta property=\"og:url\" content=\"http:\/\/www.fondation-bru.org\/en\/patrimoine\/gilles-caron\/\" \/>\n<meta property=\"og:site_name\" content=\"Fondation Bru\" \/>\n<meta property=\"article:modified_time\" content=\"2016-02-08T17:17:05+00:00\" \/>\n<meta name=\"twitter:card\" content=\"summary_large_image\" \/>\n<meta name=\"twitter:label1\" content=\"Est. reading time\" \/>\n\t<meta name=\"twitter:data1\" content=\"12 minutes\" \/>\n<script type=\"application\/ld+json\" class=\"yoast-schema-graph\">{\"@context\":\"https:\/\/schema.org\",\"@graph\":[{\"@type\":\"WebPage\",\"@id\":\"http:\/\/www.fondation-bru.org\/en\/patrimoine\/gilles-caron\/\",\"url\":\"http:\/\/www.fondation-bru.org\/en\/patrimoine\/gilles-caron\/\",\"name\":\"Gilles Caron - Fondation Bru\",\"isPartOf\":{\"@id\":\"http:\/\/www.fondation-bru.org\/#website\"},\"datePublished\":\"2016-01-05T14:11:17+00:00\",\"dateModified\":\"2016-02-08T17:17:05+00:00\",\"breadcrumb\":{\"@id\":\"http:\/\/www.fondation-bru.org\/en\/patrimoine\/gilles-caron\/#breadcrumb\"},\"inLanguage\":\"en-US\",\"potentialAction\":[{\"@type\":\"ReadAction\",\"target\":[\"http:\/\/www.fondation-bru.org\/en\/patrimoine\/gilles-caron\/\"]}]},{\"@type\":\"BreadcrumbList\",\"@id\":\"http:\/\/www.fondation-bru.org\/en\/patrimoine\/gilles-caron\/#breadcrumb\",\"itemListElement\":[{\"@type\":\"ListItem\",\"position\":1,\"name\":\"Accueil\",\"item\":\"http:\/\/www.fondation-bru.org\/\"},{\"@type\":\"ListItem\",\"position\":2,\"name\":\"Patrimoine\",\"item\":\"http:\/\/www.fondation-bru.org\/patrimoine\/\"},{\"@type\":\"ListItem\",\"position\":3,\"name\":\"Gilles Caron\"}]},{\"@type\":\"WebSite\",\"@id\":\"http:\/\/www.fondation-bru.org\/#website\",\"url\":\"http:\/\/www.fondation-bru.org\/\",\"name\":\"Fondation Bru\",\"description\":\"Encourager les projets pionniers au service de grandes causes\",\"potentialAction\":[{\"@type\":\"SearchAction\",\"target\":{\"@type\":\"EntryPoint\",\"urlTemplate\":\"http:\/\/www.fondation-bru.org\/?s={search_term_string}\"},\"query-input\":{\"@type\":\"PropertyValueSpecification\",\"valueRequired\":true,\"valueName\":\"search_term_string\"}}],\"inLanguage\":\"en-US\"}]}<\/script>\n<!-- \/ Yoast SEO plugin. -->","yoast_head_json":{"title":"Gilles Caron - Fondation Bru","robots":{"index":"index","follow":"follow","max-snippet":"max-snippet:-1","max-image-preview":"max-image-preview:large","max-video-preview":"max-video-preview:-1"},"canonical":"http:\/\/www.fondation-bru.org\/en\/patrimoine\/gilles-caron\/","og_locale":"en_US","og_type":"article","og_title":"Gilles Caron - Fondation Bru","og_description":"[et_pb_section admin_label=&#8221;Section&#8221; fullwidth=&#8221;on&#8221; specialty=&#8221;off&#8221;][et_pb_fullwidth_image admin_label=&#8221;Image en pleine largeur&#8221; src=&#8221;http:\/\/www.fondation-bru.org\/wp-content\/uploads\/2016\/01\/banner-gilles-caron.jpg&#8221; show_in_lightbox=&#8221;off&#8221; url_new_window=&#8221;off&#8221; animation=&#8221;fade_in&#8221; module_class=&#8221;vert&#8221; use_border_color=&#8221;off&#8221; border_color=&#8221;#ffffff&#8221; border_style=&#8221;solid&#8221;] [\/et_pb_fullwidth_image][\/et_pb_section][et_pb_section admin_label=&#8221;section&#8221;][et_pb_row admin_label=&#8221;Ligne&#8221;][et_pb_column type=&#8221;2_3&#8243;][et_pb_text admin_label=&#8221;Texte&#8221; background_layout=&#8221;light&#8221; text_orientation=&#8221;left&#8221; text_font_size=&#8221;14&#8243; use_border_color=&#8221;off&#8221; border_color=&#8221;#ffffff&#8221; border_style=&#8221;solid&#8221;] Gilles Caron Contributing to greater awareness of the works of an artist Covering the major world conflicts of his time, Gilles Caron was a talented photojournalist. His photographs [&hellip;]","og_url":"http:\/\/www.fondation-bru.org\/en\/patrimoine\/gilles-caron\/","og_site_name":"Fondation Bru","article_modified_time":"2016-02-08T17:17:05+00:00","twitter_card":"summary_large_image","twitter_misc":{"Est. reading time":"12 minutes"},"schema":{"@context":"https:\/\/schema.org","@graph":[{"@type":"WebPage","@id":"http:\/\/www.fondation-bru.org\/en\/patrimoine\/gilles-caron\/","url":"http:\/\/www.fondation-bru.org\/en\/patrimoine\/gilles-caron\/","name":"Gilles Caron - Fondation Bru","isPartOf":{"@id":"http:\/\/www.fondation-bru.org\/#website"},"datePublished":"2016-01-05T14:11:17+00:00","dateModified":"2016-02-08T17:17:05+00:00","breadcrumb":{"@id":"http:\/\/www.fondation-bru.org\/en\/patrimoine\/gilles-caron\/#breadcrumb"},"inLanguage":"en-US","potentialAction":[{"@type":"ReadAction","target":["http:\/\/www.fondation-bru.org\/en\/patrimoine\/gilles-caron\/"]}]},{"@type":"BreadcrumbList","@id":"http:\/\/www.fondation-bru.org\/en\/patrimoine\/gilles-caron\/#breadcrumb","itemListElement":[{"@type":"ListItem","position":1,"name":"Accueil","item":"http:\/\/www.fondation-bru.org\/"},{"@type":"ListItem","position":2,"name":"Patrimoine","item":"http:\/\/www.fondation-bru.org\/patrimoine\/"},{"@type":"ListItem","position":3,"name":"Gilles Caron"}]},{"@type":"WebSite","@id":"http:\/\/www.fondation-bru.org\/#website","url":"http:\/\/www.fondation-bru.org\/","name":"Fondation Bru","description":"Encourager les projets pionniers au service de grandes causes","potentialAction":[{"@type":"SearchAction","target":{"@type":"EntryPoint","urlTemplate":"http:\/\/www.fondation-bru.org\/?s={search_term_string}"},"query-input":{"@type":"PropertyValueSpecification","valueRequired":true,"valueName":"search_term_string"}}],"inLanguage":"en-US"}]}},"_links":{"self":[{"href":"http:\/\/www.fondation-bru.org\/en\/wp-json\/wp\/v2\/pages\/270","targetHints":{"allow":["GET"]}}],"collection":[{"href":"http:\/\/www.fondation-bru.org\/en\/wp-json\/wp\/v2\/pages"}],"about":[{"href":"http:\/\/www.fondation-bru.org\/en\/wp-json\/wp\/v2\/types\/page"}],"author":[{"embeddable":true,"href":"http:\/\/www.fondation-bru.org\/en\/wp-json\/wp\/v2\/users\/2"}],"replies":[{"embeddable":true,"href":"http:\/\/www.fondation-bru.org\/en\/wp-json\/wp\/v2\/comments?post=270"}],"version-history":[{"count":26,"href":"http:\/\/www.fondation-bru.org\/en\/wp-json\/wp\/v2\/pages\/270\/revisions"}],"predecessor-version":[{"id":1040,"href":"http:\/\/www.fondation-bru.org\/en\/wp-json\/wp\/v2\/pages\/270\/revisions\/1040"}],"up":[{"embeddable":true,"href":"http:\/\/www.fondation-bru.org\/en\/wp-json\/wp\/v2\/pages\/150"}],"wp:attachment":[{"href":"http:\/\/www.fondation-bru.org\/en\/wp-json\/wp\/v2\/media?parent=270"}],"curies":[{"name":"wp","href":"https:\/\/api.w.org\/{rel}","templated":true}]}}