{"id":1139,"date":"2026-02-26T08:12:20","date_gmt":"2026-02-26T07:12:20","guid":{"rendered":"https:\/\/www.fondation-bru.org\/?page_id=1139"},"modified":"2026-04-16T07:08:55","modified_gmt":"2026-04-16T06:08:55","slug":"journees-etudes-inceste","status":"publish","type":"page","link":"https:\/\/www.fondation-bru.org\/en\/journees-etudes-inceste\/","title":{"rendered":"(Fran\u00e7ais) Journ\u00e9es d&#8217;\u00e9tudes sur l&#8217;inceste"},"content":{"rendered":"<p>[et_pb_section fb_built=&#8221;1&#8243; fullwidth=&#8221;on&#8221; admin_label=&#8221;Section&#8221; _builder_version=&#8221;4.5.3&#8243;][et_pb_fullwidth_image src=&#8221;http:\/\/www.fondation-bru.org\/wp-content\/uploads\/2026\/02\/header-inceste-50.jpg&#8221; title_text=&#8221;header-inceste-50&#8243; admin_label=&#8221;Image en pleine largeur&#8221; module_class=&#8221;bleu&#8221; _builder_version=&#8221;4.5.3&#8243; animation_style=&#8221;fade&#8221; animation_duration=&#8221;500ms&#8221; animation=&#8221;fade_in&#8221; use_border_color=&#8221;off&#8221; border_color=&#8221;#ffffff&#8221; border_style=&#8221;solid&#8221;][\/et_pb_fullwidth_image][\/et_pb_section][et_pb_section fb_built=&#8221;1&#8243; admin_label=&#8221;section&#8221; _builder_version=&#8221;3.22&#8243;][et_pb_row column_structure=&#8221;2_3,1_3&#8243; admin_label=&#8221;Ligne&#8221; _builder_version=&#8221;3.25&#8243; background_size=&#8221;initial&#8221; background_position=&#8221;top_left&#8221; background_repeat=&#8221;repeat&#8221;][et_pb_column type=&#8221;2_3&#8243; _builder_version=&#8221;3.25&#8243; custom_padding=&#8221;|||&#8221; custom_padding__hover=&#8221;|||&#8221;][et_pb_text admin_label=&#8221;Texte&#8221; _builder_version=&#8221;4.5.3&#8243; background_size=&#8221;initial&#8221; background_position=&#8221;top_left&#8221; background_repeat=&#8221;repeat&#8221; use_border_color=&#8221;off&#8221; border_color=&#8221;#ffffff&#8221; border_style=&#8221;solid&#8221;]<\/p>\n<h1><span style=\"color: #0c71c3;\">L&#8217;inceste :\u00a0comprendre,\u00a0\u00e9couter &amp; prot\u00e9ger<\/span><\/h1>\n<p>[\/et_pb_text][et_pb_text admin_label=&#8221;Texte&#8221; _builder_version=&#8221;4.5.3&#8243; background_size=&#8221;initial&#8221; background_position=&#8221;top_left&#8221; background_repeat=&#8221;repeat&#8221; use_border_color=&#8221;off&#8221; border_color=&#8221;#ffffff&#8221; border_style=&#8221;solid&#8221;]<\/p>\n<p class=\"aide\"><span style=\"color: #0c71c3;\"><strong>Journ\u00e9es d&#8217;\u00e9tude sur les r\u00e9ponses institutionnelles et la prise en charge faites aux enfants victimes d&#8217;inceste.<\/strong><\/span><\/p>\n<p class=\"aide\">La Fondation Bru organise une journ\u00e9e et demie d\u2019\u00e9tude sur un enjeu humain et institutionnel encore largement invisibilis\u00e9.<\/p>\n<p>[\/et_pb_text][et_pb_accordion _builder_version=&#8221;4.5.3&#8243; _module_preset=&#8221;default&#8221;][et_pb_accordion_item title=&#8221;Programme&#8221; _builder_version=&#8221;4.5.3&#8243; _module_preset=&#8221;default&#8221; open=&#8221;off&#8221;][\/et_pb_accordion_item][et_pb_accordion_item title=&#8221;Mercredi 29 avril\t&#8221; _builder_version=&#8221;4.5.3&#8243; _module_preset=&#8221;default&#8221; open=&#8221;off&#8221;]<\/p>\n<p><strong>8h30\u00a0 &#8211;\u00a0 Accueil des participants<\/strong><\/p>\n<p><strong>9h20\u00a0 &#8211;\u00a0 Approche sociojuridique des situations d\u2019inceste \u00e0 Gen\u00e8ve : regards crois\u00e9s<\/strong><\/p>\n<p>Me Camille Maulini, Avocate sp\u00e9cialis\u00e9e dans la d\u00e9fense des victimes de violences sexuelles\u00a0et la protection de l\u2019enfant, Gen\u00e8ve<br \/>Emmanuelle de Montauzon, Juge au Tribunal de protection de l\u2019adulte et de l\u2019enfant, section mineur.es, Gen\u00e8ve<br \/>Sophie Brocco, Procureure, Minist\u00e8re public, Gen\u00e8ve<br \/>Pascale Varone, Intervenante en protection de l\u2019enfant, Service de protection des mineur.es, Gen\u00e8ve<\/p>\n<p><strong>11h10\u00a0 &#8211;\u00a0 Pause<\/strong><\/p>\n<p><strong>11h40\u00a0 &#8211;\u00a0 Penser l&#8217;inceste comme une maltraitance sp\u00e9cifique : impact sur la filiation, l&#8217;identit\u00e9 et les liens familiaux<\/strong><\/p>\n<p>Soraya de Moura, Docteure en psychopathologie \u2013 formatrice, Psychologue clinicienne &#8211; Paris<br \/>Echange avec les participants<\/p>\n<p><strong>14h00 &#8211; Enjeux th\u00e9oriques et cliniques du trouble de stress post traumatique complexe<\/strong><\/p>\n<p>Catarina Pereira, Psychologue clinicienne, M\u00e9decine et pr\u00e9vention de la violence \u2013 UIMPV, HUG<\/p>\n<p><strong>14h40\u00a0 &#8211;\u00a0 Un enfant parle<\/strong><\/p>\n<p><strong>R\u00e9v\u00e9lation d\u2019inceste et violence de parler : aspect clinique<\/strong><br \/>H\u00e9l\u00e8ne Romano, Docteure en psychopathologie-HDR, docteure en droit priv\u00e9 et sciences criminelles,<br \/>Psychoth\u00e9rapeute sp\u00e9cialis\u00e9e dans la prise en charge des victimes de violences sexuelles \u2013 Lyon<br \/>Echange avec les participants<\/p>\n<p><strong>15h30\u00a0 &#8211;\u00a0 Pause<\/strong><\/p>\n<p><strong>16h00\u00a0 &#8211;\u00a0 Le recueil de la parole de l\u2019enfant<\/strong><\/p>\n<ul>\n<li>Que faire de cette parole en protection de l\u2019enfance<\/li>\n<li>Le protocole NICHD dans le cadre de l\u2019enqu\u00eate p\u00e9nale<\/li>\n<li>Les effets de cette parole sur les diff\u00e9rents professionnels concern\u00e9s<\/li>\n<\/ul>\n<p>H\u00e9l\u00e8ne Romano avec S\u00e9bastien Bertherin &#8211; inspecteur EVIG en charge d\u2018audition des mineurs Brigade des m\u0153urs, Gen\u00e8ve et Me Camille Maulini, Gen\u00e8ve<br \/>Echange avec les participants\u00a0<\/p>\n<p>[\/et_pb_accordion_item][et_pb_accordion_item title=&#8221;Jeudi 30 avril 2026&#8243; open=&#8221;on&#8221; _builder_version=&#8221;4.5.3&#8243; _module_preset=&#8221;default&#8221;]<\/p>\n<p><strong>8h30\u00a0 &#8211;\u00a0 Accueil des participants<\/strong><\/p>\n<p><strong>9h00\u00a0 &#8211;\u00a0<b>Mod\u00e9ration\u00a0: Rapha\u00eble Bouchet<\/b><span> \u2013 journaliste RTS \u00a0<\/span><\/strong><\/p>\n<p><strong>\u00ab Vivre et se reconstruire apr\u00e8s l\u2019inceste : le dispositif de la Maison d\u2019accueil Jean Bru, une r\u00e9ponse sp\u00e9cialis\u00e9e \u00e0 une maltraitance sp\u00e9cifique \u00bb.<\/strong><\/p>\n<p>L\u2019accompagnement des jeunes (ayant \u00e9t\u00e9) victimes : pour une \u00abclinique du quotidien\u00bb.\u00a0<br \/><span style=\"font-size: 16px;\">William Touzanne, Directeur de la Maison d\u2019accueil Jean Bru \u2013 Agen France\u00a0<\/span><\/p>\n<p><span style=\"font-size: 16px;\"><strong>L\u2019intervention au c\u0153ur des familles : s\u2019affranchir de l\u2019inscription inter et intra g\u00e9n\u00e9alogique de l\u2019inceste.\u00a0<\/strong><br \/>Laurent Ducrocq, Charg\u00e9 des relations avec les familles \u00e0 la Maison d\u2019accueil Jean Bru \u2013 Agen France<\/span><\/p>\n<p><span style=\"font-size: 16px;\">D\u00e9bat avec la participation du Dr. Guillaume Haarman, M\u00e9decin FMH \u2013 Fondation officielle de la jeunesse (FOJ) et Sibylle Gm\u00fcr, Directrice adjointe du Centre Le Pont (foyer d\u2019urgence) et Villa H\u00e9lia (foyer pour RMNA \u2013 requ\u00e9rants mineurs non accompagn\u00e9s)<br \/><\/span><\/p>\n<p>[\/et_pb_accordion_item][\/et_pb_accordion][et_pb_text admin_label=&#8221;Texte&#8221; _builder_version=&#8221;4.5.3&#8243; background_size=&#8221;initial&#8221; background_position=&#8221;top_left&#8221; background_repeat=&#8221;repeat&#8221; use_border_color=&#8221;off&#8221; border_color=&#8221;#ffffff&#8221; border_style=&#8221;solid&#8221;][\/et_pb_text][\/et_pb_column][et_pb_column type=&#8221;1_3&#8243; _builder_version=&#8221;3.25&#8243; custom_padding=&#8221;|||&#8221; custom_padding__hover=&#8221;|||&#8221;][et_pb_text admin_label=&#8221;Texte&#8221; _builder_version=&#8221;4.5.3&#8243; background_size=&#8221;initial&#8221; background_position=&#8221;top_left&#8221; background_repeat=&#8221;repeat&#8221; custom_padding=&#8221;0px|||||&#8221; use_border_color=&#8221;off&#8221; border_color=&#8221;#ffffff&#8221; border_style=&#8221;solid&#8221;]<\/p>\n<h2>Mercredi 29 avril &#8211; 8h30 &#8211; 17h30<br \/> Jeudi 30\u00a0avril\u00a0&#8211; 8h30 &#8211; 13h00<\/h2>\n<h2>Centre de l\u2019Esp\u00e9rance<br \/> Rue de la Chapelle 8<br \/> 1207 Gen\u00e8ve<\/h2>\n<p><a href=\"https:\/\/maps.app.goo.gl\/ER56ZE4i5j5iEv2b7\" target=\"_blank\" rel=\"noopener noreferrer\">Google Maps<\/a><\/p>\n<ul>\n<li>Bus 9, 25, 61 : de la gare Cornavin, direction Annemasse \u2013 Moillesullaz &#8211; arr\u00eat Place des Eaux-Vives<\/li>\n<li>Bus 9, 25, 61 : de la gare Cornavin, direction Annemasse \u2013 Moillesullaz &#8211; arr\u00eat Place des Eaux-Vives<\/li>\n<li>Tram 12 arr\u00eat Terrassi\u00e8re ou Villereuse<\/li>\n<li>Parking \u00ab Villereuse \u00bb ou Parking \u00ab Eaux-Vives 2000 \u00bb<\/li>\n<\/ul>\n<h2>Tarif : 120 CHF<br \/> pour la journ\u00e9e et demie<\/h2>\n<p>&nbsp;<\/p>\n<p>[\/et_pb_text][et_pb_text _builder_version=&#8221;4.5.3&#8243; _module_preset=&#8221;default&#8221;]<\/p>\n<p>Pour plus de renseignements :<\/p>\n<p>Fondation Bru<br \/>Place de l&#8217;Universit\u00e9 6 <br \/>1205 Gen\u00e8ve<\/p>\n<p><a href=\"mailto:admin@fondation-bru.org\">admin@fondation-bru.org<\/a><br \/>+41 (0) 22 347 26 29<\/p>\n<p>[\/et_pb_text][\/et_pb_column][\/et_pb_row][\/et_pb_section][et_pb_section fb_built=&#8221;1&#8243; fullwidth=&#8221;on&#8221; custom_padding_last_edited=&#8221;on|desktop&#8221; admin_label=&#8221;Section&#8221; _builder_version=&#8221;4.5.3&#8243; background_color=&#8221;#005BAB&#8221; custom_padding_tablet=&#8221;50px|0|50px|0&#8243; custom_padding_phone=&#8221;&#8221; transparent_background=&#8221;off&#8221; padding_mobile=&#8221;off&#8221; make_fullwidth=&#8221;off&#8221; use_custom_width=&#8221;off&#8221; width_unit=&#8221;on&#8221;][et_pb_fullwidth_code _builder_version=&#8221;4.5.3&#8243; _module_preset=&#8221;default&#8221;]<script type=\"text\/javascript\" src=\"https:\/\/form.jotform.com\/jsform\/260561478351055\"><\/script>[\/et_pb_fullwidth_code][\/et_pb_section]<\/p>\n","protected":false},"excerpt":{"rendered":"<p>[et_pb_section fb_built=&#8221;1&#8243; fullwidth=&#8221;on&#8221; admin_label=&#8221;Section&#8221; _builder_version=&#8221;4.5.3&#8243;][et_pb_fullwidth_image src=&#8221;http:\/\/www.fondation-bru.org\/wp-content\/uploads\/2026\/02\/header-inceste-50.jpg&#8221; title_text=&#8221;header-inceste-50&#8243; admin_label=&#8221;Image en pleine largeur&#8221; module_class=&#8221;bleu&#8221; _builder_version=&#8221;4.5.3&#8243; animation_style=&#8221;fade&#8221; animation_duration=&#8221;500ms&#8221; animation=&#8221;fade_in&#8221; use_border_color=&#8221;off&#8221; border_color=&#8221;#ffffff&#8221; border_style=&#8221;solid&#8221;][\/et_pb_fullwidth_image][\/et_pb_section][et_pb_section fb_built=&#8221;1&#8243; admin_label=&#8221;section&#8221; _builder_version=&#8221;3.22&#8243;][et_pb_row column_structure=&#8221;2_3,1_3&#8243; admin_label=&#8221;Ligne&#8221; _builder_version=&#8221;3.25&#8243; background_size=&#8221;initial&#8221; background_position=&#8221;top_left&#8221; background_repeat=&#8221;repeat&#8221;][et_pb_column type=&#8221;2_3&#8243; _builder_version=&#8221;3.25&#8243; custom_padding=&#8221;|||&#8221; custom_padding__hover=&#8221;|||&#8221;][et_pb_text admin_label=&#8221;Texte&#8221; _builder_version=&#8221;4.5.3&#8243; background_size=&#8221;initial&#8221; background_position=&#8221;top_left&#8221; background_repeat=&#8221;repeat&#8221; use_border_color=&#8221;off&#8221; border_color=&#8221;#ffffff&#8221; border_style=&#8221;solid&#8221;] L&#8217;inceste :\u00a0comprendre,\u00a0\u00e9couter &amp; prot\u00e9ger [\/et_pb_text][et_pb_text admin_label=&#8221;Texte&#8221; _builder_version=&#8221;4.5.3&#8243; background_size=&#8221;initial&#8221; background_position=&#8221;top_left&#8221; background_repeat=&#8221;repeat&#8221; use_border_color=&#8221;off&#8221; border_color=&#8221;#ffffff&#8221; border_style=&#8221;solid&#8221;] Journ\u00e9es d&#8217;\u00e9tude [&hellip;]<\/p>\n","protected":false},"author":2,"featured_media":0,"parent":0,"menu_order":0,"comment_status":"closed","ping_status":"closed","template":"","meta":{"_et_pb_use_builder":"on","_et_pb_old_content":"","_et_gb_content_width":"","footnotes":""},"class_list":["post-1139","page","type-page","status-publish","hentry"],"yoast_head":"<!-- This site is optimized with the Yoast SEO plugin v26.9 - https:\/\/yoast.com\/product\/yoast-seo-wordpress\/ -->\n<title><\/title>\n<meta name=\"robots\" content=\"index, follow, max-snippet:-1, max-image-preview:large, max-video-preview:-1\" \/>\n<link rel=\"canonical\" href=\"https:\/\/www.fondation-bru.org\/journees-etudes-inceste\/\" \/>\n<meta property=\"og:locale\" content=\"en_US\" \/>\n<meta property=\"og:type\" content=\"article\" \/>\n<meta property=\"og:title\" content=\"[:fr]Journ\u00e9es d&#039;\u00e9tudes sur l&#039;inceste - Fondation Bru\" \/>\n<meta property=\"og:description\" content=\"[et_pb_section fb_built=&#8221;1&#8243; fullwidth=&#8221;on&#8221; admin_label=&#8221;Section&#8221; _builder_version=&#8221;4.5.3&#8243;][et_pb_fullwidth_image src=&#8221;http:\/\/www.fondation-bru.org\/wp-content\/uploads\/2026\/02\/header-inceste-50.jpg&#8221; title_text=&#8221;header-inceste-50&#8243; admin_label=&#8221;Image en pleine largeur&#8221; module_class=&#8221;bleu&#8221; _builder_version=&#8221;4.5.3&#8243; animation_style=&#8221;fade&#8221; animation_duration=&#8221;500ms&#8221; animation=&#8221;fade_in&#8221; use_border_color=&#8221;off&#8221; border_color=&#8221;#ffffff&#8221; border_style=&#8221;solid&#8221;][\/et_pb_fullwidth_image][\/et_pb_section][et_pb_section fb_built=&#8221;1&#8243; admin_label=&#8221;section&#8221; _builder_version=&#8221;3.22&#8243;][et_pb_row column_structure=&#8221;2_3,1_3&#8243; admin_label=&#8221;Ligne&#8221; _builder_version=&#8221;3.25&#8243; background_size=&#8221;initial&#8221; background_position=&#8221;top_left&#8221; background_repeat=&#8221;repeat&#8221;][et_pb_column type=&#8221;2_3&#8243; _builder_version=&#8221;3.25&#8243; custom_padding=&#8221;|||&#8221; custom_padding__hover=&#8221;|||&#8221;][et_pb_text admin_label=&#8221;Texte&#8221; _builder_version=&#8221;4.5.3&#8243; background_size=&#8221;initial&#8221; background_position=&#8221;top_left&#8221; background_repeat=&#8221;repeat&#8221; use_border_color=&#8221;off&#8221; border_color=&#8221;#ffffff&#8221; border_style=&#8221;solid&#8221;] L&#8217;inceste :\u00a0comprendre,\u00a0\u00e9couter &amp; prot\u00e9ger [\/et_pb_text][et_pb_text admin_label=&#8221;Texte&#8221; _builder_version=&#8221;4.5.3&#8243; background_size=&#8221;initial&#8221; background_position=&#8221;top_left&#8221; background_repeat=&#8221;repeat&#8221; use_border_color=&#8221;off&#8221; border_color=&#8221;#ffffff&#8221; border_style=&#8221;solid&#8221;] Journ\u00e9es d&#8217;\u00e9tude [&hellip;]\" \/>\n<meta property=\"og:url\" content=\"https:\/\/www.fondation-bru.org\/journees-etudes-inceste\/\" \/>\n<meta property=\"og:site_name\" content=\"Fondation Bru\" \/>\n<meta property=\"article:modified_time\" content=\"2026-04-16T06:08:55+00:00\" \/>\n<meta name=\"twitter:card\" content=\"summary_large_image\" \/>\n<meta name=\"twitter:label1\" content=\"Est. reading time\" \/>\n\t<meta name=\"twitter:data1\" content=\"5 minutes\" \/>\n<script type=\"application\/ld+json\" class=\"yoast-schema-graph\">{\"@context\":\"https:\/\/schema.org\",\"@graph\":[{\"@type\":\"WebPage\",\"@id\":\"https:\/\/www.fondation-bru.org\/journees-etudes-inceste\/\",\"url\":\"https:\/\/www.fondation-bru.org\/journees-etudes-inceste\/\",\"name\":\"[:fr]Journ\u00e9es d'\u00e9tudes sur l'inceste - Fondation Bru\",\"isPartOf\":{\"@id\":\"http:\/\/www.fondation-bru.org\/#website\"},\"datePublished\":\"2026-02-26T07:12:20+00:00\",\"dateModified\":\"2026-04-16T06:08:55+00:00\",\"breadcrumb\":{\"@id\":\"https:\/\/www.fondation-bru.org\/journees-etudes-inceste\/#breadcrumb\"},\"inLanguage\":\"en-US\",\"potentialAction\":[{\"@type\":\"ReadAction\",\"target\":[\"https:\/\/www.fondation-bru.org\/journees-etudes-inceste\/\"]}]},{\"@type\":\"BreadcrumbList\",\"@id\":\"https:\/\/www.fondation-bru.org\/journees-etudes-inceste\/#breadcrumb\",\"itemListElement\":[{\"@type\":\"ListItem\",\"position\":1,\"name\":\"Accueil\",\"item\":\"http:\/\/www.fondation-bru.org\/\"},{\"@type\":\"ListItem\",\"position\":2,\"name\":\"Journ\u00e9es d&rsquo;\u00e9tudes sur l&rsquo;inceste\"}]},{\"@type\":\"WebSite\",\"@id\":\"http:\/\/www.fondation-bru.org\/#website\",\"url\":\"http:\/\/www.fondation-bru.org\/\",\"name\":\"Fondation Bru\",\"description\":\"Encourager les projets pionniers au service de grandes causes\",\"potentialAction\":[{\"@type\":\"SearchAction\",\"target\":{\"@type\":\"EntryPoint\",\"urlTemplate\":\"http:\/\/www.fondation-bru.org\/?s={search_term_string}\"},\"query-input\":{\"@type\":\"PropertyValueSpecification\",\"valueRequired\":true,\"valueName\":\"search_term_string\"}}],\"inLanguage\":\"en-US\"}]}<\/script>\n<!-- \/ Yoast SEO plugin. -->","yoast_head_json":{"title":"[:fr]Journ\u00e9es d'\u00e9tudes sur l'inceste - Fondation Bru","robots":{"index":"index","follow":"follow","max-snippet":"max-snippet:-1","max-image-preview":"max-image-preview:large","max-video-preview":"max-video-preview:-1"},"canonical":"https:\/\/www.fondation-bru.org\/journees-etudes-inceste\/","og_locale":"en_US","og_type":"article","og_title":"[:fr]Journ\u00e9es d'\u00e9tudes sur l'inceste - Fondation Bru","og_description":"[et_pb_section fb_built=&#8221;1&#8243; fullwidth=&#8221;on&#8221; admin_label=&#8221;Section&#8221; _builder_version=&#8221;4.5.3&#8243;][et_pb_fullwidth_image src=&#8221;http:\/\/www.fondation-bru.org\/wp-content\/uploads\/2026\/02\/header-inceste-50.jpg&#8221; title_text=&#8221;header-inceste-50&#8243; admin_label=&#8221;Image en pleine largeur&#8221; module_class=&#8221;bleu&#8221; _builder_version=&#8221;4.5.3&#8243; animation_style=&#8221;fade&#8221; animation_duration=&#8221;500ms&#8221; animation=&#8221;fade_in&#8221; use_border_color=&#8221;off&#8221; border_color=&#8221;#ffffff&#8221; border_style=&#8221;solid&#8221;][\/et_pb_fullwidth_image][\/et_pb_section][et_pb_section fb_built=&#8221;1&#8243; admin_label=&#8221;section&#8221; _builder_version=&#8221;3.22&#8243;][et_pb_row column_structure=&#8221;2_3,1_3&#8243; admin_label=&#8221;Ligne&#8221; _builder_version=&#8221;3.25&#8243; background_size=&#8221;initial&#8221; background_position=&#8221;top_left&#8221; background_repeat=&#8221;repeat&#8221;][et_pb_column type=&#8221;2_3&#8243; _builder_version=&#8221;3.25&#8243; custom_padding=&#8221;|||&#8221; custom_padding__hover=&#8221;|||&#8221;][et_pb_text admin_label=&#8221;Texte&#8221; _builder_version=&#8221;4.5.3&#8243; background_size=&#8221;initial&#8221; background_position=&#8221;top_left&#8221; background_repeat=&#8221;repeat&#8221; use_border_color=&#8221;off&#8221; border_color=&#8221;#ffffff&#8221; border_style=&#8221;solid&#8221;] L&#8217;inceste :\u00a0comprendre,\u00a0\u00e9couter &amp; prot\u00e9ger [\/et_pb_text][et_pb_text admin_label=&#8221;Texte&#8221; _builder_version=&#8221;4.5.3&#8243; background_size=&#8221;initial&#8221; background_position=&#8221;top_left&#8221; background_repeat=&#8221;repeat&#8221; use_border_color=&#8221;off&#8221; border_color=&#8221;#ffffff&#8221; border_style=&#8221;solid&#8221;] Journ\u00e9es d&#8217;\u00e9tude [&hellip;]","og_url":"https:\/\/www.fondation-bru.org\/journees-etudes-inceste\/","og_site_name":"Fondation Bru","article_modified_time":"2026-04-16T06:08:55+00:00","twitter_card":"summary_large_image","twitter_misc":{"Est. reading time":"5 minutes"},"schema":{"@context":"https:\/\/schema.org","@graph":[{"@type":"WebPage","@id":"https:\/\/www.fondation-bru.org\/journees-etudes-inceste\/","url":"https:\/\/www.fondation-bru.org\/journees-etudes-inceste\/","name":"[:fr]Journ\u00e9es d'\u00e9tudes sur l'inceste - Fondation Bru","isPartOf":{"@id":"http:\/\/www.fondation-bru.org\/#website"},"datePublished":"2026-02-26T07:12:20+00:00","dateModified":"2026-04-16T06:08:55+00:00","breadcrumb":{"@id":"https:\/\/www.fondation-bru.org\/journees-etudes-inceste\/#breadcrumb"},"inLanguage":"en-US","potentialAction":[{"@type":"ReadAction","target":["https:\/\/www.fondation-bru.org\/journees-etudes-inceste\/"]}]},{"@type":"BreadcrumbList","@id":"https:\/\/www.fondation-bru.org\/journees-etudes-inceste\/#breadcrumb","itemListElement":[{"@type":"ListItem","position":1,"name":"Accueil","item":"http:\/\/www.fondation-bru.org\/"},{"@type":"ListItem","position":2,"name":"Journ\u00e9es d&rsquo;\u00e9tudes sur l&rsquo;inceste"}]},{"@type":"WebSite","@id":"http:\/\/www.fondation-bru.org\/#website","url":"http:\/\/www.fondation-bru.org\/","name":"Fondation Bru","description":"Encourager les projets pionniers au service de grandes causes","potentialAction":[{"@type":"SearchAction","target":{"@type":"EntryPoint","urlTemplate":"http:\/\/www.fondation-bru.org\/?s={search_term_string}"},"query-input":{"@type":"PropertyValueSpecification","valueRequired":true,"valueName":"search_term_string"}}],"inLanguage":"en-US"}]}},"_links":{"self":[{"href":"https:\/\/www.fondation-bru.org\/en\/wp-json\/wp\/v2\/pages\/1139","targetHints":{"allow":["GET"]}}],"collection":[{"href":"https:\/\/www.fondation-bru.org\/en\/wp-json\/wp\/v2\/pages"}],"about":[{"href":"https:\/\/www.fondation-bru.org\/en\/wp-json\/wp\/v2\/types\/page"}],"author":[{"embeddable":true,"href":"https:\/\/www.fondation-bru.org\/en\/wp-json\/wp\/v2\/users\/2"}],"replies":[{"embeddable":true,"href":"https:\/\/www.fondation-bru.org\/en\/wp-json\/wp\/v2\/comments?post=1139"}],"version-history":[{"count":21,"href":"https:\/\/www.fondation-bru.org\/en\/wp-json\/wp\/v2\/pages\/1139\/revisions"}],"predecessor-version":[{"id":1190,"href":"https:\/\/www.fondation-bru.org\/en\/wp-json\/wp\/v2\/pages\/1139\/revisions\/1190"}],"wp:attachment":[{"href":"https:\/\/www.fondation-bru.org\/en\/wp-json\/wp\/v2\/media?parent=1139"}],"curies":[{"name":"wp","href":"https:\/\/api.w.org\/{rel}","templated":true}]}}