{"id":140,"date":"2015-11-13T09:46:17","date_gmt":"2015-11-13T08:46:17","guid":{"rendered":"http:\/\/www.fondation-bru.org\/?page_id=140"},"modified":"2016-02-04T11:21:00","modified_gmt":"2016-02-04T10:21:00","slug":"une-reussite-exemplaire","status":"publish","type":"page","link":"https:\/\/www.fondation-bru.org\/en\/une-reussite-exemplaire\/","title":{"rendered":"A Success Story"},"content":{"rendered":"<p>[et_pb_section admin_label=&#8221;Section&#8221; fullwidth=&#8221;on&#8221; specialty=&#8221;off&#8221;][et_pb_fullwidth_image admin_label=&#8221;Image en pleine largeur&#8221; src=&#8221;http:\/\/www.fondation-bru.org\/wp-content\/uploads\/2015\/11\/banner-reussite.jpg&#8221; show_in_lightbox=&#8221;off&#8221; url_new_window=&#8221;off&#8221; animation=&#8221;fade_in&#8221; module_class=&#8221;bleu&#8221; use_border_color=&#8221;off&#8221; border_color=&#8221;#ffffff&#8221; border_style=&#8221;solid&#8221;]<\/p>\n<p>[\/et_pb_fullwidth_image][\/et_pb_section][et_pb_section admin_label=&#8221;section&#8221;][et_pb_row admin_label=&#8221;Ligne&#8221;][et_pb_column type=&#8221;4_4&#8243;][et_pb_text admin_label=&#8221;Texte&#8221; background_layout=&#8221;light&#8221; text_orientation=&#8221;left&#8221; text_font_size=&#8221;14&#8243; use_border_color=&#8221;off&#8221; border_color=&#8221;#ffffff&#8221; border_style=&#8221;solid&#8221;]<\/p>\n<h1>A Success Story<\/h1>\n<p>[\/et_pb_text][\/et_pb_column][\/et_pb_row][et_pb_row admin_label=&#8221;Ligne&#8221;][et_pb_column type=&#8221;3_4&#8243;][et_pb_text admin_label=&#8221;Texte&#8221; background_layout=&#8221;light&#8221; text_orientation=&#8221;left&#8221; text_font_size=&#8221;14&#8243; use_border_color=&#8221;off&#8221; border_color=&#8221;#ffffff&#8221; border_style=&#8221;solid&#8221;]<\/p>\n<h2>Effervescence: an international success story<\/h2>\n<p>In the twentieth century, the history of the Bru family was closely linked to the meteoric rise of the pharmaceutical company it had created and developed with enthusiasm and success for 60 years.<br \/>\nIn the late 1920s Camille Bru was a very inventive medical practitioner. After devising a system for X-raying his patients, even in remote rural areas, at their bedside, he had the idea of creating an effervescent solution to facilitate digestion. In launching production at his home in Agen, Dr Camille Bru founded in 1935 the laboratories of the Union Pharmaceutique des Sciences Appliqu\u00e9es (UPSA). He was also a pioneer in the field of marketing, creating the revolutionary clover-shaped Normogastryl pillbox that became familiar to people all over France. By 1958, when he died, the UPSA firm had about sixty employees.<\/p>\n<p>Camille Bru\u2019s only son and successor, Dr Jean Bru, also showed a flair for invention. In 1960 he developed the first effervescent aspirin with Vitamin C, Efferalgan, and Betaine Citrate. Sales exploded and the company attained international status, with awards for exports and for quality and excellence in 1982. Despite a difficult economic climate, his proactive policy enabled the UPSA Group not only to cope with the price freeze imposed on medicinal products, but also, in the late 1980s, to increase its turnover by 50% in three years. Dr Jean Bru\u2019s primary aim \u2013 more important still than developing the UPSA Group \u2013 was the worldwide improvement of pain relief. He shared his passion for research and innovation with a young doctor, who had been working for the firm since 1971, Nicole Magniez, whom he married in 1980.<\/p>\n<p>Dr Nicole Bru joined her husband at the head of the Group, but when Jean Bru died suddenly in 1989 she was left to hold the reins alone. The firm employed by that time 1,400 people, including 200 researchers. She was to make it into one of the world\u2019s leading firms in its field of competence: in five years under her chairmanship, UPSA doubled its turnover, becoming the top firm in Europe for analgesics and the top firm in the world for effervescence technology. But in 1994 Dr Nicole Bru was forced to sell the family firm, which by then had over 2,000 salaried employees.<br \/>\n&nbsp;<\/p>\n<h2>A lasting commitment<\/h2>\n<p>As the depositary of this entrepreneurial success and human adventure, Dr Nicole Bru continues to uphold its value through her strong commitment to worthy causes.<\/p>\n<p>Thus, in 1993 she created <a target=\"_blank\" href=\"http:\/\/www.institut-upsa-douleur.org\/\">the Institut UPSA de la Douleur (IUD)<\/a>, of which she was chairman until 2001, and in 1994 the Association Docteurs Bru, which in 1996, in the house in Agen where the firm had begun, set up a pilot project, the <a href=\"http:\/\/www.maisonjeanbru.org\/\" target=\"_blank\">Maison d&#8217;accueil Jean Bru<\/a>, a reception centre for minors who have suffered sexual abuse or incest.<\/p>\n<p>Finally, Dr Nicole Bru brought together all her humanitarian and cultural sponsorship initiatives under the umbrella of the Fondation Bru, a foundation devoted entirely to supporting well-conceived pioneering projects aiming to serve a useful purpose.<\/p>\n<p>[\/et_pb_text][\/et_pb_column][et_pb_column type=&#8221;1_4&#8243;][et_pb_text admin_label=&#8221;Texte&#8221; background_layout=&#8221;light&#8221; text_orientation=&#8221;left&#8221; text_font_size=&#8221;14&#8243; use_border_color=&#8221;off&#8221; border_color=&#8221;#ffffff&#8221; border_style=&#8221;solid&#8221; background_color=&#8221;#ffffff&#8221;]<\/p>\n<h4>The lucky four-leaf clover<\/h4>\n<p>Camille Bru had had the idea of including in the packaging of Normogastryl a small box in the shape of a three-leaf clover, intended to hold a day\u2019s dose of tablets. This box, which could be slipped into a pocket, later became a four-leaf clover, to hold three tablets, plus one for a friend!<\/p>\n<p>[\/et_pb_text][et_pb_image admin_label=&#8221;Image&#8221; src=&#8221;http:\/\/www.fondation-bru.org\/wp-content\/uploads\/2015\/11\/upsa_logo.png&#8221; show_in_lightbox=&#8221;off&#8221; url_new_window=&#8221;off&#8221; animation=&#8221;off&#8221; sticky=&#8221;off&#8221; align=&#8221;center&#8221; force_fullwidth=&#8221;off&#8221; always_center_on_mobile=&#8221;on&#8221; use_border_color=&#8221;off&#8221; border_color=&#8221;#ffffff&#8221; border_style=&#8221;solid&#8221;]<\/p>\n<p>[\/et_pb_image][et_pb_text admin_label=&#8221;Texte&#8221; background_layout=&#8221;light&#8221; text_orientation=&#8221;left&#8221; text_font_size=&#8221;14&#8243; use_border_color=&#8221;off&#8221; border_color=&#8221;#ffffff&#8221; border_style=&#8221;solid&#8221;]<\/p>\n<p>This original idea had a strong impact and on the initiative of Camille\u2019s son, Jean Bru, the four-leaf clover became the logo of Laboratoires UPSA in 1970.<\/p>\n<p>[\/et_pb_text][\/et_pb_column][\/et_pb_row][\/et_pb_section][et_pb_section admin_label=&#8221;Section&#8221; fullwidth=&#8221;on&#8221; specialty=&#8221;off&#8221; transparent_background=&#8221;off&#8221; allow_player_pause=&#8221;off&#8221; inner_shadow=&#8221;off&#8221; parallax=&#8221;off&#8221; parallax_method=&#8221;off&#8221; padding_mobile=&#8221;off&#8221; make_fullwidth=&#8221;off&#8221; use_custom_width=&#8221;off&#8221; width_unit=&#8221;on&#8221; make_equal=&#8221;off&#8221; use_custom_gutter=&#8221;off&#8221; gutter_width=&#8221;3&#8243;][et_pb_fullwidth_header admin_label=&#8221;En-t\u00eate plein \u00e9cran&#8221; title=&#8221;Nothing has any meaning if it is not at the service of Humanity&#8221; subhead=&#8221;Man and his environment are at the heart of all the actions supported by the Fondation Bru. In very different fields, notably education and research, culture and heritage, the foundation supports ambitious pioneering projects that are likely to further significantly the cause they serve.&#8221; background_layout=&#8221;dark&#8221; text_orientation=&#8221;center&#8221; header_fullscreen=&#8221;off&#8221; header_scroll_down=&#8221;off&#8221; background_color=&#8221;#005bab&#8221; parallax=&#8221;off&#8221; parallax_method=&#8221;off&#8221; content_orientation=&#8221;center&#8221; image_orientation=&#8221;center&#8221; custom_button_one=&#8221;off&#8221; button_one_text_size=&#8221;20&#8243; button_one_border_width=&#8221;2&#8243; button_one_border_radius=&#8221;3&#8243; button_one_letter_spacing=&#8221;0&#8243; button_one_use_icon=&#8221;default&#8221; button_one_icon_placement=&#8221;right&#8221; button_one_on_hover=&#8221;on&#8221; button_one_border_radius_hover=&#8221;3&#8243; button_one_letter_spacing_hover=&#8221;0&#8243; custom_button_two=&#8221;off&#8221; button_two_text_size=&#8221;20&#8243; button_two_border_width=&#8221;2&#8243; button_two_border_radius=&#8221;3&#8243; button_two_letter_spacing=&#8221;0&#8243; button_two_use_icon=&#8221;default&#8221; button_two_icon_placement=&#8221;right&#8221; button_two_on_hover=&#8221;on&#8221; button_two_border_radius_hover=&#8221;3&#8243; button_two_letter_spacing_hover=&#8221;0&#8243;]<\/p>\n<p>[\/et_pb_fullwidth_header][\/et_pb_section][et_pb_section admin_label=&#8221;Section&#8221; fullwidth=&#8221;off&#8221; specialty=&#8221;off&#8221; transparent_background=&#8221;off&#8221; background_color=&#8221;#e6f7ff&#8221; allow_player_pause=&#8221;off&#8221; inner_shadow=&#8221;off&#8221; parallax=&#8221;off&#8221; parallax_method=&#8221;off&#8221; padding_mobile=&#8221;off&#8221; make_fullwidth=&#8221;off&#8221; use_custom_width=&#8221;off&#8221; width_unit=&#8221;on&#8221; make_equal=&#8221;off&#8221; use_custom_gutter=&#8221;off&#8221; gutter_width=&#8221;3&#8243;][et_pb_row admin_label=&#8221;Ligne&#8221;][et_pb_column type=&#8221;1_4&#8243;][et_pb_image admin_label=&#8221;Image&#8221; src=&#8221;http:\/\/www.fondation-bru.org\/wp-content\/uploads\/2015\/11\/reussite-exemplaire.jpg&#8221; alt=&#8221;Dr. Camille Bru and Dr. Jean Bru&#8221; show_in_lightbox=&#8221;off&#8221; url=&#8221;http:\/\/www.fondation-bru.org\/en\/deux-hommes-dexception\/&#8221; url_new_window=&#8221;off&#8221; animation=&#8221;left&#8221; sticky=&#8221;off&#8221; align=&#8221;left&#8221; force_fullwidth=&#8221;off&#8221; always_center_on_mobile=&#8221;on&#8221; use_border_color=&#8221;off&#8221; border_color=&#8221;#ffffff&#8221; border_style=&#8221;solid&#8221;]<\/p>\n<p>[\/et_pb_image][\/et_pb_column][et_pb_column type=&#8221;1_4&#8243;][et_pb_text admin_label=&#8221;Texte&#8221; background_layout=&#8221;light&#8221; text_orientation=&#8221;left&#8221; text_font_size=&#8221;14&#8243; use_border_color=&#8221;off&#8221; border_color=&#8221;#ffffff&#8221; border_style=&#8221;solid&#8221;]<\/p>\n<h2> <a href=\"http:\/\/www.fondation-bru.org\/en\/deux-hommes-dexception\/\">Two exceptional men<\/a><\/h2>\n<p>Doctor Camille Bru and Doctor Jean Bru.<\/p>\n<p>[\/et_pb_text][\/et_pb_column][et_pb_column type=&#8221;1_4&#8243;][et_pb_image admin_label=&#8221;Image&#8221; src=&#8221;http:\/\/www.fondation-bru.org\/wp-content\/uploads\/2015\/11\/nicole-bru.jpg&#8221; alt=&#8221;Dr. Nicole Bru&#8221; show_in_lightbox=&#8221;off&#8221; url=&#8221;http:\/\/www.fondation-bru.org\/en\/une-femme-de-conviction&#8221; url_new_window=&#8221;off&#8221; animation=&#8221;left&#8221; sticky=&#8221;off&#8221; align=&#8221;left&#8221; force_fullwidth=&#8221;off&#8221; always_center_on_mobile=&#8221;on&#8221; use_border_color=&#8221;off&#8221; border_color=&#8221;#ffffff&#8221; border_style=&#8221;solid&#8221;]<\/p>\n<p>[\/et_pb_image][\/et_pb_column][et_pb_column type=&#8221;1_4&#8243;][et_pb_text admin_label=&#8221;Texte&#8221; background_layout=&#8221;light&#8221; text_orientation=&#8221;left&#8221; text_font_size=&#8221;14&#8243; use_border_color=&#8221;off&#8221; border_color=&#8221;#ffffff&#8221; border_style=&#8221;solid&#8221;]<\/p>\n<h2> <a href=\"http:\/\/www.fondation-bru.org\/en\/une-femme-de-conviction\/\">A Woman of Conviction<\/a><\/h2>\n<p>\u201cWhat counts in life is one\u2019s capacity to influence the course of things!\u201d That is the belief of Nicole Bru, doctor, researcher and businesswoman.<\/p>\n<p>[\/et_pb_text][\/et_pb_column][\/et_pb_row][\/et_pb_section]<\/p>","protected":false},"excerpt":{"rendered":"<p>[et_pb_section admin_label=&#8221;Section&#8221; fullwidth=&#8221;on&#8221; specialty=&#8221;off&#8221;][et_pb_fullwidth_image admin_label=&#8221;Image en pleine largeur&#8221; src=&#8221;http:\/\/www.fondation-bru.org\/wp-content\/uploads\/2015\/11\/banner-reussite.jpg&#8221; show_in_lightbox=&#8221;off&#8221; url_new_window=&#8221;off&#8221; animation=&#8221;fade_in&#8221; module_class=&#8221;bleu&#8221; use_border_color=&#8221;off&#8221; border_color=&#8221;#ffffff&#8221; border_style=&#8221;solid&#8221;] [\/et_pb_fullwidth_image][\/et_pb_section][et_pb_section admin_label=&#8221;section&#8221;][et_pb_row admin_label=&#8221;Ligne&#8221;][et_pb_column type=&#8221;4_4&#8243;][et_pb_text admin_label=&#8221;Texte&#8221; background_layout=&#8221;light&#8221; text_orientation=&#8221;left&#8221; text_font_size=&#8221;14&#8243; use_border_color=&#8221;off&#8221; border_color=&#8221;#ffffff&#8221; border_style=&#8221;solid&#8221;] A Success Story [\/et_pb_text][\/et_pb_column][\/et_pb_row][et_pb_row admin_label=&#8221;Ligne&#8221;][et_pb_column type=&#8221;3_4&#8243;][et_pb_text admin_label=&#8221;Texte&#8221; background_layout=&#8221;light&#8221; text_orientation=&#8221;left&#8221; text_font_size=&#8221;14&#8243; use_border_color=&#8221;off&#8221; border_color=&#8221;#ffffff&#8221; border_style=&#8221;solid&#8221;] Effervescence: an international success story In the twentieth century, the history of the Bru family [&hellip;]<\/p>\n","protected":false},"author":2,"featured_media":0,"parent":0,"menu_order":0,"comment_status":"closed","ping_status":"closed","template":"","meta":{"_et_pb_use_builder":"on","_et_pb_old_content":"","_et_gb_content_width":"","footnotes":""},"class_list":["post-140","page","type-page","status-publish","hentry"],"yoast_head":"<!-- This site is optimized with the Yoast SEO plugin v26.9 - https:\/\/yoast.com\/product\/yoast-seo-wordpress\/ -->\n<title>A Success Story - Fondation Bru<\/title>\n<meta name=\"description\" content=\"A la fin des ann\u00e9es 20,\u00a0Camille Bru\u00a0est un docteur en m\u00e9decine inventif. Il con\u00e7u des syst\u00e8mes r\u00e9volutionaire lui offrant une r\u00e9ussite exemplaire\" \/>\n<meta name=\"robots\" content=\"index, follow, max-snippet:-1, max-image-preview:large, max-video-preview:-1\" \/>\n<link rel=\"canonical\" href=\"https:\/\/www.fondation-bru.org\/en\/une-reussite-exemplaire\/\" \/>\n<meta property=\"og:locale\" content=\"en_US\" \/>\n<meta property=\"og:type\" content=\"article\" \/>\n<meta property=\"og:title\" content=\"[:fr]Une r\u00e9ussite exemplaire[:en]A Success Story[:] - Fondation Bru\" \/>\n<meta property=\"og:description\" content=\"A la fin des ann\u00e9es 20,\u00a0Camille Bru\u00a0est un docteur en m\u00e9decine inventif. Il con\u00e7u des syst\u00e8mes r\u00e9volutionaire lui offrant une r\u00e9ussite exemplaire\" \/>\n<meta property=\"og:url\" content=\"https:\/\/www.fondation-bru.org\/en\/une-reussite-exemplaire\/\" \/>\n<meta property=\"og:site_name\" content=\"Fondation Bru\" \/>\n<meta property=\"article:modified_time\" content=\"2016-02-04T10:21:00+00:00\" \/>\n<meta name=\"twitter:card\" content=\"summary_large_image\" \/>\n<meta name=\"twitter:label1\" content=\"Est. reading time\" \/>\n\t<meta name=\"twitter:data1\" content=\"15 minutes\" \/>\n<script type=\"application\/ld+json\" class=\"yoast-schema-graph\">{\"@context\":\"https:\/\/schema.org\",\"@graph\":[{\"@type\":\"WebPage\",\"@id\":\"https:\/\/www.fondation-bru.org\/en\/une-reussite-exemplaire\/\",\"url\":\"https:\/\/www.fondation-bru.org\/en\/une-reussite-exemplaire\/\",\"name\":\"[:fr]Une r\u00e9ussite exemplaire[:en]A Success Story[:] - Fondation Bru\",\"isPartOf\":{\"@id\":\"http:\/\/www.fondation-bru.org\/#website\"},\"datePublished\":\"2015-11-13T08:46:17+00:00\",\"dateModified\":\"2016-02-04T10:21:00+00:00\",\"description\":\"A la fin des ann\u00e9es 20,\u00a0Camille Bru\u00a0est un docteur en m\u00e9decine inventif. Il con\u00e7u des syst\u00e8mes r\u00e9volutionaire lui offrant une r\u00e9ussite exemplaire\",\"breadcrumb\":{\"@id\":\"https:\/\/www.fondation-bru.org\/en\/une-reussite-exemplaire\/#breadcrumb\"},\"inLanguage\":\"en-US\",\"potentialAction\":[{\"@type\":\"ReadAction\",\"target\":[\"https:\/\/www.fondation-bru.org\/en\/une-reussite-exemplaire\/\"]}]},{\"@type\":\"BreadcrumbList\",\"@id\":\"https:\/\/www.fondation-bru.org\/en\/une-reussite-exemplaire\/#breadcrumb\",\"itemListElement\":[{\"@type\":\"ListItem\",\"position\":1,\"name\":\"Accueil\",\"item\":\"http:\/\/www.fondation-bru.org\/\"},{\"@type\":\"ListItem\",\"position\":2,\"name\":\"A Success Story\"}]},{\"@type\":\"WebSite\",\"@id\":\"http:\/\/www.fondation-bru.org\/#website\",\"url\":\"http:\/\/www.fondation-bru.org\/\",\"name\":\"Fondation Bru\",\"description\":\"Encourager les projets pionniers au service de grandes causes\",\"potentialAction\":[{\"@type\":\"SearchAction\",\"target\":{\"@type\":\"EntryPoint\",\"urlTemplate\":\"http:\/\/www.fondation-bru.org\/?s={search_term_string}\"},\"query-input\":{\"@type\":\"PropertyValueSpecification\",\"valueRequired\":true,\"valueName\":\"search_term_string\"}}],\"inLanguage\":\"en-US\"}]}<\/script>\n<!-- \/ Yoast SEO plugin. -->","yoast_head_json":{"title":"[:fr]Une r\u00e9ussite exemplaire[:en]A Success Story[:] - Fondation Bru","description":"A la fin des ann\u00e9es 20,\u00a0Camille Bru\u00a0est un docteur en m\u00e9decine inventif. Il con\u00e7u des syst\u00e8mes r\u00e9volutionaire lui offrant une r\u00e9ussite exemplaire","robots":{"index":"index","follow":"follow","max-snippet":"max-snippet:-1","max-image-preview":"max-image-preview:large","max-video-preview":"max-video-preview:-1"},"canonical":"https:\/\/www.fondation-bru.org\/en\/une-reussite-exemplaire\/","og_locale":"en_US","og_type":"article","og_title":"[:fr]Une r\u00e9ussite exemplaire[:en]A Success Story[:] - Fondation Bru","og_description":"A la fin des ann\u00e9es 20,\u00a0Camille Bru\u00a0est un docteur en m\u00e9decine inventif. Il con\u00e7u des syst\u00e8mes r\u00e9volutionaire lui offrant une r\u00e9ussite exemplaire","og_url":"https:\/\/www.fondation-bru.org\/en\/une-reussite-exemplaire\/","og_site_name":"Fondation Bru","article_modified_time":"2016-02-04T10:21:00+00:00","twitter_card":"summary_large_image","twitter_misc":{"Est. reading time":"15 minutes"},"schema":{"@context":"https:\/\/schema.org","@graph":[{"@type":"WebPage","@id":"https:\/\/www.fondation-bru.org\/en\/une-reussite-exemplaire\/","url":"https:\/\/www.fondation-bru.org\/en\/une-reussite-exemplaire\/","name":"[:fr]Une r\u00e9ussite exemplaire[:en]A Success Story[:] - Fondation Bru","isPartOf":{"@id":"http:\/\/www.fondation-bru.org\/#website"},"datePublished":"2015-11-13T08:46:17+00:00","dateModified":"2016-02-04T10:21:00+00:00","description":"A la fin des ann\u00e9es 20,\u00a0Camille Bru\u00a0est un docteur en m\u00e9decine inventif. Il con\u00e7u des syst\u00e8mes r\u00e9volutionaire lui offrant une r\u00e9ussite exemplaire","breadcrumb":{"@id":"https:\/\/www.fondation-bru.org\/en\/une-reussite-exemplaire\/#breadcrumb"},"inLanguage":"en-US","potentialAction":[{"@type":"ReadAction","target":["https:\/\/www.fondation-bru.org\/en\/une-reussite-exemplaire\/"]}]},{"@type":"BreadcrumbList","@id":"https:\/\/www.fondation-bru.org\/en\/une-reussite-exemplaire\/#breadcrumb","itemListElement":[{"@type":"ListItem","position":1,"name":"Accueil","item":"http:\/\/www.fondation-bru.org\/"},{"@type":"ListItem","position":2,"name":"A Success Story"}]},{"@type":"WebSite","@id":"http:\/\/www.fondation-bru.org\/#website","url":"http:\/\/www.fondation-bru.org\/","name":"Fondation Bru","description":"Encourager les projets pionniers au service de grandes causes","potentialAction":[{"@type":"SearchAction","target":{"@type":"EntryPoint","urlTemplate":"http:\/\/www.fondation-bru.org\/?s={search_term_string}"},"query-input":{"@type":"PropertyValueSpecification","valueRequired":true,"valueName":"search_term_string"}}],"inLanguage":"en-US"}]}},"_links":{"self":[{"href":"https:\/\/www.fondation-bru.org\/en\/wp-json\/wp\/v2\/pages\/140","targetHints":{"allow":["GET"]}}],"collection":[{"href":"https:\/\/www.fondation-bru.org\/en\/wp-json\/wp\/v2\/pages"}],"about":[{"href":"https:\/\/www.fondation-bru.org\/en\/wp-json\/wp\/v2\/types\/page"}],"author":[{"embeddable":true,"href":"https:\/\/www.fondation-bru.org\/en\/wp-json\/wp\/v2\/users\/2"}],"replies":[{"embeddable":true,"href":"https:\/\/www.fondation-bru.org\/en\/wp-json\/wp\/v2\/comments?post=140"}],"version-history":[{"count":39,"href":"https:\/\/www.fondation-bru.org\/en\/wp-json\/wp\/v2\/pages\/140\/revisions"}],"predecessor-version":[{"id":1019,"href":"https:\/\/www.fondation-bru.org\/en\/wp-json\/wp\/v2\/pages\/140\/revisions\/1019"}],"wp:attachment":[{"href":"https:\/\/www.fondation-bru.org\/en\/wp-json\/wp\/v2\/media?parent=140"}],"curies":[{"name":"wp","href":"https:\/\/api.w.org\/{rel}","templated":true}]}}