{"id":142,"date":"2015-11-13T09:46:30","date_gmt":"2015-11-13T08:46:30","guid":{"rendered":"http:\/\/www.fondation-bru.org\/?page_id=142"},"modified":"2016-02-08T18:12:12","modified_gmt":"2016-02-08T17:12:12","slug":"deux-hommes-dexception","status":"publish","type":"page","link":"https:\/\/www.fondation-bru.org\/en\/deux-hommes-dexception\/","title":{"rendered":"Two exceptional men"},"content":{"rendered":"<p>[et_pb_section admin_label=&#8221;Section&#8221; fullwidth=&#8221;on&#8221; specialty=&#8221;off&#8221;][et_pb_fullwidth_image admin_label=&#8221;Image en pleine largeur&#8221; src=&#8221;http:\/\/www.fondation-bru.org\/wp-content\/uploads\/2015\/11\/banner-research.jpg&#8221; show_in_lightbox=&#8221;off&#8221; url_new_window=&#8221;off&#8221; animation=&#8221;fade_in&#8221; module_class=&#8221;bleu&#8221; use_border_color=&#8221;off&#8221; border_color=&#8221;#ffffff&#8221; border_style=&#8221;solid&#8221;]<\/p>\n<p>\u00a0<\/p>\n<p>[\/et_pb_fullwidth_image][\/et_pb_section][et_pb_section admin_label=&#8221;section&#8221;][et_pb_row admin_label=&#8221;Ligne&#8221;][et_pb_column type=&#8221;4_4&#8243;][et_pb_text admin_label=&#8221;Texte&#8221; background_layout=&#8221;light&#8221; text_orientation=&#8221;left&#8221; text_font_size=&#8221;14&#8243; use_border_color=&#8221;off&#8221; border_color=&#8221;#ffffff&#8221; border_style=&#8221;solid&#8221;]<\/p>\n<h1>Two exceptional men<\/h1>\n<p>&nbsp;<\/p>\n<p>[\/et_pb_text][\/et_pb_column][\/et_pb_row][et_pb_row admin_label=&#8221;Ligne&#8221;][et_pb_column type=&#8221;1_2&#8243;][et_pb_text admin_label=&#8221;Texte&#8221; background_layout=&#8221;light&#8221; text_orientation=&#8221;left&#8221; text_font_size=&#8221;14&#8243; use_border_color=&#8221;off&#8221; border_color=&#8221;#ffffff&#8221; border_style=&#8221;solid&#8221;]<\/p>\n<p><img decoding=\"async\" class=\"alignnone size-full wp-image-856\" src=\"http:\/\/www.fondation-bru.org\/wp-content\/uploads\/2015\/11\/pic-camille-bru.jpg\" alt=\"pic-camille-bru\"><\/p>\n<h2>Dr Camille Bru, a visionary<\/h2>\n<p>The only son of a family from the French department of Lot-et-Garonne, Camille Bru set up as a general practitioner in Agen in the early 1920s. A man with a strong personality, who was very creative, he showed a keen interest in the famous Concours L\u00e9pine, a competition for new inventions created in 1901. Camille Bru was to be remembered for the contributions he made to his time.<br \/>\nAs a radiologist he invented a mobile system enabling him to X-ray patients at their bedside. To overcome the lack of electricity at remote farms, a voltmeter was connected to the engine of Dr Bru\u2019s car; the driver would press the accelerator until the correct voltage was obtained, then blow the horn to indicate that X-raying could begin.<br \/>\nIn 1935, having discovered through X-rays that fizzy drinks accelerated the movement of the digestive tract, Dr Camille Bru had the idea of developing the first effervescent drug for the treatment of stomach upset. In the evening, after doing his rounds as an itinerant radiographer, he would work on finding the optimal dosage of Normogastryl in his garage in Agen, With the aim of producing and marketing the drug, he founded that same year the laboratories of the Union Pharmaceutique des Sciences Appliqu\u00e9es (UPSA), which he was to direct for more than twenty years.<br \/>\nDr Camille Bru also proved to have a flair for marketing and advertising, successfully using such items as blotters, nail brushes and clover-shaped packaging to bring his product to the notice of pharmacists and physicians. Unfortunately, his extraordinary career was cut short when he died prematurely in 1958.<br \/>\nCamille Bru, an ingenious, brave, intelligent and pioneering man, was to be remembered throughout the development of Laboratoires UPSA.<\/p>\n<p><img loading=\"lazy\" decoding=\"async\" width=\"480\" height=\"308\" class=\"alignnone size-full wp-image-396\" src=\"http:\/\/www.fondation-bru.org\/wp-content\/uploads\/2015\/11\/pic-couple.jpg\" alt=\"Dr Camille Bru and his wife\" srcset=\"https:\/\/www.fondation-bru.org\/wp-content\/uploads\/2015\/11\/pic-couple.jpg 480w, https:\/\/www.fondation-bru.org\/wp-content\/uploads\/2015\/11\/pic-couple-300x193.jpg 300w\" sizes=\"auto, (max-width: 480px) 100vw, 480px\" \/><br \/>\n<em>Dr Camille Bru and his wife <\/em><\/p>\n<p>[\/et_pb_text][\/et_pb_column][et_pb_column type=&#8221;1_2&#8243;][et_pb_text admin_label=&#8221;Texte&#8221; background_layout=&#8221;light&#8221; text_orientation=&#8221;left&#8221; text_font_size=&#8221;14&#8243; use_border_color=&#8221;off&#8221; border_color=&#8221;#ffffff&#8221; border_style=&#8221;solid&#8221;]<\/p>\n<p><img decoding=\"async\" src=\"http:\/\/www.fondation-bru.org\/wp-content\/uploads\/2015\/11\/pic-jean-bru.jpg\" alt=\"pic-jean-bru\"><\/p>\n<h2>Dr Jean Bru, a builder<\/h2>\n<p>Jean Bru, the only son of Camille and Rachel Bru, considered training to become an agricultural engineer but, on his father\u2019s advice, he studied medicine instead and joined the family firm. Although father and son were very close, their professional collaboration was not easy and it did not last very long: Jean Bru resumed his studies to become a radiologist.<br \/>\nOn the death of Camille Bru in 1958, Jean Bru became head of the firm, and he was to turn out to be an inspired industrialist, whose professionalism was recognised by both his employees and his partners.<br \/>\nMore artistic than his father, he inherited the latter\u2019s entrepreneurial spirit and determination in putting his ideas into effect and never giving up. \u201cThe future is there for the taking, especially in the pharmaceutical industry, since research opens up new horizons for us and nothing is ever at an end.\u201d His curiosity, pragmatism and tenacity were to contribute to the firm\u2019s continued success.<br \/>\nHe applied his creativity first of all to his great passion, research \u2013 to which the firm was to devote as much as 20% of its turnover in France.<br \/>\nRealising that effervescence could be used to improve the effectiveness of certain drugs, Dr Jean Bru combined it first of all with aspirin, in 1960, then with paracetamol ten years later (Efferalgan). He launched straight away into mass production. That stroke of genius, and his perfect mastery of production, gave the firm a decisive lead: UPSA was revitalised, becoming a modern industrial company set to conquer international markets.<br \/>\nIn the early 1980s, 35% of all boxes of analgesics sold in France came from the UPSA plants. The Group exported 45% of its production to 75 countries worldwide. Yet far from seeing himself as a pharmaceutical magnate, Dr Jean Bru remained a pragmatic dreamer, a man who was deeply human: he was constantly improving the working conditions of his staff, furthering relations between the pharmaceutical industry and public administrations, developing research and working to alleviate pain.<br \/>\nIn 1980, he married Dr Nicole Magniez, who was then the Group\u2019s director of research. They shared a passion for travel \u2013 loving Venice in particular \u2013 and for golf and music. Together, in 1987, they supported the creation of Le Concert Spirituel, initiated by Herv\u00e9 Niquet. Having no offspring themselves, they wished to do something to help underprivileged children. Despite Dr Jean Bru\u2019s sudden death in 1989, Nicole Bru carried the project through.<\/p>\n<p>[\/et_pb_text][\/et_pb_column][\/et_pb_row][\/et_pb_section][et_pb_section admin_label=&#8221;Section&#8221; fullwidth=&#8221;on&#8221; specialty=&#8221;off&#8221; transparent_background=&#8221;off&#8221; allow_player_pause=&#8221;off&#8221; inner_shadow=&#8221;off&#8221; parallax=&#8221;off&#8221; parallax_method=&#8221;off&#8221; padding_mobile=&#8221;off&#8221; make_fullwidth=&#8221;off&#8221; use_custom_width=&#8221;off&#8221; width_unit=&#8221;on&#8221; make_equal=&#8221;off&#8221; use_custom_gutter=&#8221;off&#8221; gutter_width=&#8221;3&#8243;][et_pb_fullwidth_header admin_label=&#8221;En-t\u00eate plein \u00e9cran&#8221; title=&#8221;Nothing has any meaning if it is not at the service of Humanity&#8221; subhead=&#8221;Man and his environment are at the heart of all the actions supported by the Fondation Bru. In very different fields, notably education and research, culture and heritage, the foundation supports ambitious pioneering projects that are likely to further significantly the cause they serve.&#8221; background_layout=&#8221;dark&#8221; text_orientation=&#8221;center&#8221; header_fullscreen=&#8221;off&#8221; header_scroll_down=&#8221;off&#8221; background_color=&#8221;#005bab&#8221; parallax=&#8221;off&#8221; parallax_method=&#8221;off&#8221; content_orientation=&#8221;center&#8221; image_orientation=&#8221;center&#8221; custom_button_one=&#8221;off&#8221; button_one_text_size=&#8221;20&#8243; button_one_border_width=&#8221;2&#8243; button_one_border_radius=&#8221;3&#8243; button_one_letter_spacing=&#8221;0&#8243; button_one_use_icon=&#8221;default&#8221; button_one_icon_placement=&#8221;right&#8221; button_one_on_hover=&#8221;on&#8221; button_one_border_radius_hover=&#8221;3&#8243; button_one_letter_spacing_hover=&#8221;0&#8243; custom_button_two=&#8221;off&#8221; button_two_text_size=&#8221;20&#8243; button_two_border_width=&#8221;2&#8243; button_two_border_radius=&#8221;3&#8243; button_two_letter_spacing=&#8221;0&#8243; button_two_use_icon=&#8221;default&#8221; button_two_icon_placement=&#8221;right&#8221; button_two_on_hover=&#8221;on&#8221; button_two_border_radius_hover=&#8221;3&#8243; button_two_letter_spacing_hover=&#8221;0&#8243;]<\/p>\n<p>&nbsp;<\/p>\n<p>[\/et_pb_fullwidth_header][\/et_pb_section][et_pb_section admin_label=&#8221;Section&#8221; fullwidth=&#8221;off&#8221; specialty=&#8221;off&#8221; transparent_background=&#8221;off&#8221; background_color=&#8221;#e6f7ff&#8221; allow_player_pause=&#8221;off&#8221; inner_shadow=&#8221;off&#8221; parallax=&#8221;off&#8221; parallax_method=&#8221;off&#8221; padding_mobile=&#8221;off&#8221; make_fullwidth=&#8221;off&#8221; use_custom_width=&#8221;off&#8221; width_unit=&#8221;on&#8221; make_equal=&#8221;off&#8221; use_custom_gutter=&#8221;off&#8221; gutter_width=&#8221;3&#8243;][et_pb_row admin_label=&#8221;Ligne&#8221;][et_pb_column type=&#8221;1_4&#8243;][et_pb_image admin_label=&#8221;Image&#8221; src=&#8221;http:\/\/www.fondation-bru.org\/wp-content\/uploads\/2015\/11\/pic-reussite.jpg&#8221; alt=&#8221;Dr Camille Bru et Dr Jean Bru&#8221; show_in_lightbox=&#8221;off&#8221; url_new_window=&#8221;off&#8221; animation=&#8221;off&#8221; sticky=&#8221;off&#8221; align=&#8221;left&#8221; force_fullwidth=&#8221;off&#8221; always_center_on_mobile=&#8221;on&#8221; use_border_color=&#8221;off&#8221; border_color=&#8221;#ffffff&#8221; border_style=&#8221;solid&#8221; url=&#8221;http:\/\/www.fondation-bru.org\/en\/une-reussite-exemplaire\/&#8221;]<\/p>\n<p>\u00a0<\/p>\n<p>[\/et_pb_image][\/et_pb_column][et_pb_column type=&#8221;1_4&#8243;][et_pb_text admin_label=&#8221;Texte&#8221; background_layout=&#8221;light&#8221; text_orientation=&#8221;left&#8221; text_font_size=&#8221;14&#8243; use_border_color=&#8221;off&#8221; border_color=&#8221;#ffffff&#8221; border_style=&#8221;solid&#8221;]<\/p>\n<h2> <a href=\"http:\/\/www.fondation-bru.org\/en\/une-reussite-exemplaire\/\n\">A Success Story<\/a><\/h2>\n<p>In the twentieth century, the history of the Bru family was closely linked to the meteoric rise of the pharmaceutical company it had created and developed with enthusiasm and success for 60 years.<\/p>\n<p>[\/et_pb_text][\/et_pb_column][et_pb_column type=&#8221;1_4&#8243;][et_pb_image admin_label=&#8221;Image&#8221; src=&#8221;http:\/\/www.fondation-bru.org\/wp-content\/uploads\/2015\/11\/nicole-bru.jpg&#8221; alt=&#8221;Nicole Bru&#8221; show_in_lightbox=&#8221;off&#8221; url_new_window=&#8221;off&#8221; animation=&#8221;off&#8221; sticky=&#8221;off&#8221; align=&#8221;left&#8221; force_fullwidth=&#8221;off&#8221; always_center_on_mobile=&#8221;on&#8221; use_border_color=&#8221;off&#8221; border_color=&#8221;#ffffff&#8221; border_style=&#8221;solid&#8221; url=&#8221;http:\/\/www.fondation-bru.org\/en\/une-femme-de-conviction&#8221;]<\/p>\n<p>\u00a0<\/p>\n<p>[\/et_pb_image][\/et_pb_column][et_pb_column type=&#8221;1_4&#8243;][et_pb_text admin_label=&#8221;Texte&#8221; background_layout=&#8221;light&#8221; text_orientation=&#8221;left&#8221; text_font_size=&#8221;14&#8243; use_border_color=&#8221;off&#8221; border_color=&#8221;#ffffff&#8221; border_style=&#8221;solid&#8221;]<\/p>\n<h2> <a href=\"http:\/\/www.fondation-bru.org\/en\/une-femme-de-conviction\/\">A Woman of Conviction<\/a><\/h2>\n<p>\u201cWhat counts in life is one\u2019s capacity to influence the course of things!\u201d That is the belief of Nicole Bru, doctor, researcher and businesswoman.<\/p>\n<p>[\/et_pb_text][\/et_pb_column][\/et_pb_row][\/et_pb_section]<\/p>","protected":false},"excerpt":{"rendered":"<p>[et_pb_section admin_label=&#8221;Section&#8221; fullwidth=&#8221;on&#8221; specialty=&#8221;off&#8221;][et_pb_fullwidth_image admin_label=&#8221;Image en pleine largeur&#8221; src=&#8221;http:\/\/www.fondation-bru.org\/wp-content\/uploads\/2015\/11\/banner-research.jpg&#8221; show_in_lightbox=&#8221;off&#8221; url_new_window=&#8221;off&#8221; animation=&#8221;fade_in&#8221; module_class=&#8221;bleu&#8221; use_border_color=&#8221;off&#8221; border_color=&#8221;#ffffff&#8221; border_style=&#8221;solid&#8221;] \u00a0 [\/et_pb_fullwidth_image][\/et_pb_section][et_pb_section admin_label=&#8221;section&#8221;][et_pb_row admin_label=&#8221;Ligne&#8221;][et_pb_column type=&#8221;4_4&#8243;][et_pb_text admin_label=&#8221;Texte&#8221; background_layout=&#8221;light&#8221; text_orientation=&#8221;left&#8221; text_font_size=&#8221;14&#8243; use_border_color=&#8221;off&#8221; border_color=&#8221;#ffffff&#8221; border_style=&#8221;solid&#8221;] Two exceptional men &nbsp; [\/et_pb_text][\/et_pb_column][\/et_pb_row][et_pb_row admin_label=&#8221;Ligne&#8221;][et_pb_column type=&#8221;1_2&#8243;][et_pb_text admin_label=&#8221;Texte&#8221; background_layout=&#8221;light&#8221; text_orientation=&#8221;left&#8221; text_font_size=&#8221;14&#8243; use_border_color=&#8221;off&#8221; border_color=&#8221;#ffffff&#8221; border_style=&#8221;solid&#8221;] Dr Camille Bru, a visionary The only son of a family from the [&hellip;]<\/p>\n","protected":false},"author":2,"featured_media":0,"parent":0,"menu_order":0,"comment_status":"closed","ping_status":"closed","template":"","meta":{"_et_pb_use_builder":"on","_et_pb_old_content":"","_et_gb_content_width":"","footnotes":""},"class_list":["post-142","page","type-page","status-publish","hentry"],"yoast_head":"<!-- This site is optimized with the Yoast SEO plugin v26.9 - https:\/\/yoast.com\/product\/yoast-seo-wordpress\/ -->\n<title>Two exceptional men - Fondation Bru<\/title>\n<meta name=\"description\" content=\"Au XX\u00e8me si\u00e8cle, l\u2019histoire de la famille Bru est intimement li\u00e9e \u00e0 l\u2019ascension fulgurante du laboratoire pharmaceutique qu\u2019elle a cr\u00e9\u00e9 puis d\u00e9velopp\u00e9.\" \/>\n<meta name=\"robots\" content=\"index, follow, max-snippet:-1, max-image-preview:large, max-video-preview:-1\" \/>\n<link rel=\"canonical\" href=\"https:\/\/www.fondation-bru.org\/en\/deux-hommes-dexception\/\" \/>\n<meta property=\"og:locale\" content=\"en_US\" \/>\n<meta property=\"og:type\" content=\"article\" \/>\n<meta property=\"og:title\" content=\"[:fr]Deux hommes d&#039;exception[:en]Two exceptional men[:] - Fondation Bru\" \/>\n<meta property=\"og:description\" content=\"Au XX\u00e8me si\u00e8cle, l\u2019histoire de la famille Bru est intimement li\u00e9e \u00e0 l\u2019ascension fulgurante du laboratoire pharmaceutique qu\u2019elle a cr\u00e9\u00e9 puis d\u00e9velopp\u00e9.\" \/>\n<meta property=\"og:url\" content=\"https:\/\/www.fondation-bru.org\/en\/deux-hommes-dexception\/\" \/>\n<meta property=\"og:site_name\" content=\"Fondation Bru\" \/>\n<meta property=\"article:modified_time\" content=\"2016-02-08T17:12:12+00:00\" \/>\n<meta property=\"og:image\" content=\"http:\/\/www.fondation-bru.org\/wp-content\/uploads\/2015\/11\/pic-camille-bru.jpg\" \/>\n<meta name=\"twitter:card\" content=\"summary_large_image\" \/>\n<meta name=\"twitter:label1\" content=\"Est. reading time\" \/>\n\t<meta name=\"twitter:data1\" content=\"15 minutes\" \/>\n<script type=\"application\/ld+json\" class=\"yoast-schema-graph\">{\"@context\":\"https:\/\/schema.org\",\"@graph\":[{\"@type\":\"WebPage\",\"@id\":\"https:\/\/www.fondation-bru.org\/en\/deux-hommes-dexception\/\",\"url\":\"https:\/\/www.fondation-bru.org\/en\/deux-hommes-dexception\/\",\"name\":\"[:fr]Deux hommes d'exception[:en]Two exceptional men[:] - Fondation Bru\",\"isPartOf\":{\"@id\":\"http:\/\/www.fondation-bru.org\/#website\"},\"primaryImageOfPage\":{\"@id\":\"https:\/\/www.fondation-bru.org\/en\/deux-hommes-dexception\/#primaryimage\"},\"image\":{\"@id\":\"https:\/\/www.fondation-bru.org\/en\/deux-hommes-dexception\/#primaryimage\"},\"thumbnailUrl\":\"http:\/\/www.fondation-bru.org\/wp-content\/uploads\/2015\/11\/pic-camille-bru.jpg\",\"datePublished\":\"2015-11-13T08:46:30+00:00\",\"dateModified\":\"2016-02-08T17:12:12+00:00\",\"description\":\"Au XX\u00e8me si\u00e8cle, l\u2019histoire de la famille Bru est intimement li\u00e9e \u00e0 l\u2019ascension fulgurante du laboratoire pharmaceutique qu\u2019elle a cr\u00e9\u00e9 puis d\u00e9velopp\u00e9.\",\"breadcrumb\":{\"@id\":\"https:\/\/www.fondation-bru.org\/en\/deux-hommes-dexception\/#breadcrumb\"},\"inLanguage\":\"en-US\",\"potentialAction\":[{\"@type\":\"ReadAction\",\"target\":[\"https:\/\/www.fondation-bru.org\/en\/deux-hommes-dexception\/\"]}]},{\"@type\":\"ImageObject\",\"inLanguage\":\"en-US\",\"@id\":\"https:\/\/www.fondation-bru.org\/en\/deux-hommes-dexception\/#primaryimage\",\"url\":\"http:\/\/www.fondation-bru.org\/wp-content\/uploads\/2015\/11\/pic-camille-bru.jpg\",\"contentUrl\":\"http:\/\/www.fondation-bru.org\/wp-content\/uploads\/2015\/11\/pic-camille-bru.jpg\"},{\"@type\":\"BreadcrumbList\",\"@id\":\"https:\/\/www.fondation-bru.org\/en\/deux-hommes-dexception\/#breadcrumb\",\"itemListElement\":[{\"@type\":\"ListItem\",\"position\":1,\"name\":\"Accueil\",\"item\":\"http:\/\/www.fondation-bru.org\/\"},{\"@type\":\"ListItem\",\"position\":2,\"name\":\"Two exceptional men\"}]},{\"@type\":\"WebSite\",\"@id\":\"http:\/\/www.fondation-bru.org\/#website\",\"url\":\"http:\/\/www.fondation-bru.org\/\",\"name\":\"Fondation Bru\",\"description\":\"Encourager les projets pionniers au service de grandes causes\",\"potentialAction\":[{\"@type\":\"SearchAction\",\"target\":{\"@type\":\"EntryPoint\",\"urlTemplate\":\"http:\/\/www.fondation-bru.org\/?s={search_term_string}\"},\"query-input\":{\"@type\":\"PropertyValueSpecification\",\"valueRequired\":true,\"valueName\":\"search_term_string\"}}],\"inLanguage\":\"en-US\"}]}<\/script>\n<!-- \/ Yoast SEO plugin. -->","yoast_head_json":{"title":"[:fr]Deux hommes d'exception[:en]Two exceptional men[:] - Fondation Bru","description":"Au XX\u00e8me si\u00e8cle, l\u2019histoire de la famille Bru est intimement li\u00e9e \u00e0 l\u2019ascension fulgurante du laboratoire pharmaceutique qu\u2019elle a cr\u00e9\u00e9 puis d\u00e9velopp\u00e9.","robots":{"index":"index","follow":"follow","max-snippet":"max-snippet:-1","max-image-preview":"max-image-preview:large","max-video-preview":"max-video-preview:-1"},"canonical":"https:\/\/www.fondation-bru.org\/en\/deux-hommes-dexception\/","og_locale":"en_US","og_type":"article","og_title":"[:fr]Deux hommes d'exception[:en]Two exceptional men[:] - Fondation Bru","og_description":"Au XX\u00e8me si\u00e8cle, l\u2019histoire de la famille Bru est intimement li\u00e9e \u00e0 l\u2019ascension fulgurante du laboratoire pharmaceutique qu\u2019elle a cr\u00e9\u00e9 puis d\u00e9velopp\u00e9.","og_url":"https:\/\/www.fondation-bru.org\/en\/deux-hommes-dexception\/","og_site_name":"Fondation Bru","article_modified_time":"2016-02-08T17:12:12+00:00","og_image":[{"url":"http:\/\/www.fondation-bru.org\/wp-content\/uploads\/2015\/11\/pic-camille-bru.jpg","type":"","width":"","height":""}],"twitter_card":"summary_large_image","twitter_misc":{"Est. reading time":"15 minutes"},"schema":{"@context":"https:\/\/schema.org","@graph":[{"@type":"WebPage","@id":"https:\/\/www.fondation-bru.org\/en\/deux-hommes-dexception\/","url":"https:\/\/www.fondation-bru.org\/en\/deux-hommes-dexception\/","name":"[:fr]Deux hommes d'exception[:en]Two exceptional men[:] - Fondation Bru","isPartOf":{"@id":"http:\/\/www.fondation-bru.org\/#website"},"primaryImageOfPage":{"@id":"https:\/\/www.fondation-bru.org\/en\/deux-hommes-dexception\/#primaryimage"},"image":{"@id":"https:\/\/www.fondation-bru.org\/en\/deux-hommes-dexception\/#primaryimage"},"thumbnailUrl":"http:\/\/www.fondation-bru.org\/wp-content\/uploads\/2015\/11\/pic-camille-bru.jpg","datePublished":"2015-11-13T08:46:30+00:00","dateModified":"2016-02-08T17:12:12+00:00","description":"Au XX\u00e8me si\u00e8cle, l\u2019histoire de la famille Bru est intimement li\u00e9e \u00e0 l\u2019ascension fulgurante du laboratoire pharmaceutique qu\u2019elle a cr\u00e9\u00e9 puis d\u00e9velopp\u00e9.","breadcrumb":{"@id":"https:\/\/www.fondation-bru.org\/en\/deux-hommes-dexception\/#breadcrumb"},"inLanguage":"en-US","potentialAction":[{"@type":"ReadAction","target":["https:\/\/www.fondation-bru.org\/en\/deux-hommes-dexception\/"]}]},{"@type":"ImageObject","inLanguage":"en-US","@id":"https:\/\/www.fondation-bru.org\/en\/deux-hommes-dexception\/#primaryimage","url":"http:\/\/www.fondation-bru.org\/wp-content\/uploads\/2015\/11\/pic-camille-bru.jpg","contentUrl":"http:\/\/www.fondation-bru.org\/wp-content\/uploads\/2015\/11\/pic-camille-bru.jpg"},{"@type":"BreadcrumbList","@id":"https:\/\/www.fondation-bru.org\/en\/deux-hommes-dexception\/#breadcrumb","itemListElement":[{"@type":"ListItem","position":1,"name":"Accueil","item":"http:\/\/www.fondation-bru.org\/"},{"@type":"ListItem","position":2,"name":"Two exceptional men"}]},{"@type":"WebSite","@id":"http:\/\/www.fondation-bru.org\/#website","url":"http:\/\/www.fondation-bru.org\/","name":"Fondation Bru","description":"Encourager les projets pionniers au service de grandes causes","potentialAction":[{"@type":"SearchAction","target":{"@type":"EntryPoint","urlTemplate":"http:\/\/www.fondation-bru.org\/?s={search_term_string}"},"query-input":{"@type":"PropertyValueSpecification","valueRequired":true,"valueName":"search_term_string"}}],"inLanguage":"en-US"}]}},"_links":{"self":[{"href":"https:\/\/www.fondation-bru.org\/en\/wp-json\/wp\/v2\/pages\/142","targetHints":{"allow":["GET"]}}],"collection":[{"href":"https:\/\/www.fondation-bru.org\/en\/wp-json\/wp\/v2\/pages"}],"about":[{"href":"https:\/\/www.fondation-bru.org\/en\/wp-json\/wp\/v2\/types\/page"}],"author":[{"embeddable":true,"href":"https:\/\/www.fondation-bru.org\/en\/wp-json\/wp\/v2\/users\/2"}],"replies":[{"embeddable":true,"href":"https:\/\/www.fondation-bru.org\/en\/wp-json\/wp\/v2\/comments?post=142"}],"version-history":[{"count":29,"href":"https:\/\/www.fondation-bru.org\/en\/wp-json\/wp\/v2\/pages\/142\/revisions"}],"predecessor-version":[{"id":1034,"href":"https:\/\/www.fondation-bru.org\/en\/wp-json\/wp\/v2\/pages\/142\/revisions\/1034"}],"wp:attachment":[{"href":"https:\/\/www.fondation-bru.org\/en\/wp-json\/wp\/v2\/media?parent=142"}],"curies":[{"name":"wp","href":"https:\/\/api.w.org\/{rel}","templated":true}]}}