{"id":154,"date":"2015-11-13T09:47:42","date_gmt":"2015-11-13T08:47:42","guid":{"rendered":"http:\/\/www.fondation-bru.org\/?page_id=154"},"modified":"2016-02-08T17:51:37","modified_gmt":"2016-02-08T16:51:37","slug":"choix-des-actions","status":"publish","type":"page","link":"https:\/\/www.fondation-bru.org\/en\/choix-des-actions\/","title":{"rendered":"Choosing which actions to support"},"content":{"rendered":"<p>[et_pb_section admin_label=&#8221;Section&#8221; fullwidth=&#8221;on&#8221; specialty=&#8221;off&#8221;][et_pb_fullwidth_image admin_label=&#8221;Image en pleine largeur&#8221; src=&#8221;http:\/\/www.fondation-bru.org\/wp-content\/uploads\/2016\/01\/banner-1.jpg&#8221; show_in_lightbox=&#8221;off&#8221; url_new_window=&#8221;off&#8221; animation=&#8221;fade_in&#8221; module_class=&#8221;bleu&#8221; use_border_color=&#8221;off&#8221; border_color=&#8221;#ffffff&#8221; border_style=&#8221;solid&#8221;]<\/p>\n<p>[\/et_pb_fullwidth_image][\/et_pb_section][et_pb_section admin_label=&#8221;section&#8221;][et_pb_row admin_label=&#8221;Ligne&#8221;][et_pb_column type=&#8221;4_4&#8243;][et_pb_text admin_label=&#8221;Texte&#8221; background_layout=&#8221;light&#8221; text_orientation=&#8221;left&#8221; text_font_size=&#8221;14&#8243; use_border_color=&#8221;off&#8221; border_color=&#8221;#ffffff&#8221; border_style=&#8221;solid&#8221;]<\/p>\n<h1>Choosing which actions to support<\/h1>\n<p>[\/et_pb_text][\/et_pb_column][\/et_pb_row][et_pb_row admin_label=&#8221;Ligne&#8221;][et_pb_column type=&#8221;4_4&#8243;][et_pb_text admin_label=&#8221;Texte&#8221; background_layout=&#8221;light&#8221; text_orientation=&#8221;left&#8221; text_font_size=&#8221;14&#8243; use_border_color=&#8221;off&#8221; border_color=&#8221;#ffffff&#8221; border_style=&#8221;solid&#8221;]<\/p>\n<h2>Universality<\/h2>\n<p>In order to contribute through its sponsorship activities to Man\u2019s wellbeing in his environment, the Fondation Bru retains great freedom in its choice of the initiatives it wishes to support. Its attention is focused on projects that are:<\/p>\n<ul>\n<li>imaginative and creative<\/li>\n<li>innovative<\/li>\n<li>forward looking and with a long-term view<\/li>\n<li>well thought out and realistic<\/li>\n<li>centred on human interests and values<\/li>\n<li>likely to make a difference in serving their chosen cause<\/li>\n<\/ul>\n<h2>The project selection process<\/h2>\n<p>Project applicants are invited to show their commitment, set out their programme and explain the nature of their requirements directly on this site, using the form provided <a href=\"proposer-un-projet\/\">\u00ab&nbsp;Submit a project&nbsp;\u00bb<\/a>.<\/p>\n<p>If needs be, those who submit dossiers may be asked to provide further information, to be studied by the Fondation\u2019s Orientation Committee.<\/p>\n<p>[\/et_pb_text][\/et_pb_column][\/et_pb_row][\/et_pb_section][et_pb_section admin_label=&#8221;Section&#8221; fullwidth=&#8221;on&#8221; specialty=&#8221;off&#8221; transparent_background=&#8221;off&#8221; allow_player_pause=&#8221;off&#8221; inner_shadow=&#8221;off&#8221; parallax=&#8221;off&#8221; parallax_method=&#8221;off&#8221; padding_mobile=&#8221;off&#8221; make_fullwidth=&#8221;off&#8221; use_custom_width=&#8221;off&#8221; width_unit=&#8221;on&#8221; make_equal=&#8221;off&#8221; use_custom_gutter=&#8221;off&#8221; gutter_width=&#8221;3&#8243;][et_pb_fullwidth_header admin_label=&#8221;En-t\u00eate plein \u00e9cran&#8221; title=&#8221;Nothing has any meaning if it is not at the service of Humanity&#8221; subhead=&#8221;Man and his environment are at the heart of all the actions supported by the Fondation Bru. In very different fields, notably education and research, culture and heritage, the foundation supports ambitious pioneering projects that are likely to further significantly the cause they serve.&#8221; background_layout=&#8221;dark&#8221; text_orientation=&#8221;center&#8221; header_fullscreen=&#8221;off&#8221; header_scroll_down=&#8221;off&#8221; background_color=&#8221;#005bab&#8221; parallax=&#8221;off&#8221; parallax_method=&#8221;off&#8221; content_orientation=&#8221;center&#8221; image_orientation=&#8221;center&#8221; custom_button_one=&#8221;off&#8221; button_one_text_size=&#8221;20&#8243; button_one_border_width=&#8221;2&#8243; button_one_border_radius=&#8221;3&#8243; button_one_letter_spacing=&#8221;0&#8243; button_one_use_icon=&#8221;default&#8221; button_one_icon_placement=&#8221;right&#8221; button_one_on_hover=&#8221;on&#8221; button_one_border_radius_hover=&#8221;3&#8243; button_one_letter_spacing_hover=&#8221;0&#8243; custom_button_two=&#8221;off&#8221; button_two_text_size=&#8221;20&#8243; button_two_border_width=&#8221;2&#8243; button_two_border_radius=&#8221;3&#8243; button_two_letter_spacing=&#8221;0&#8243; button_two_use_icon=&#8221;default&#8221; button_two_icon_placement=&#8221;right&#8221; button_two_on_hover=&#8221;on&#8221; button_two_border_radius_hover=&#8221;3&#8243; button_two_letter_spacing_hover=&#8221;0&#8243;]<\/p>\n<p>[\/et_pb_fullwidth_header][\/et_pb_section][et_pb_section admin_label=&#8221;Section&#8221; fullwidth=&#8221;off&#8221; specialty=&#8221;off&#8221; transparent_background=&#8221;off&#8221; background_color=&#8221;#e6f7ff&#8221; allow_player_pause=&#8221;off&#8221; inner_shadow=&#8221;off&#8221; parallax=&#8221;off&#8221; parallax_method=&#8221;off&#8221; padding_mobile=&#8221;off&#8221; make_fullwidth=&#8221;off&#8221; use_custom_width=&#8221;off&#8221; width_unit=&#8221;on&#8221; make_equal=&#8221;off&#8221; use_custom_gutter=&#8221;off&#8221; gutter_width=&#8221;3&#8243;][et_pb_row admin_label=&#8221;Ligne&#8221;][et_pb_column type=&#8221;1_4&#8243;][et_pb_image admin_label=&#8221;Image&#8221; src=&#8221;http:\/\/www.fondation-bru.org\/wp-content\/uploads\/2015\/11\/reussite-exemplaire.jpg&#8221; alt=&#8221;Dr. Camille Bru and Dr. Jean Bru&#8221; show_in_lightbox=&#8221;off&#8221; url=&#8221;http:\/\/www.fondation-bru.org\/en\/deux-hommes-dexception\/&#8221; url_new_window=&#8221;off&#8221; animation=&#8221;left&#8221; sticky=&#8221;off&#8221; align=&#8221;left&#8221; force_fullwidth=&#8221;off&#8221; always_center_on_mobile=&#8221;on&#8221; use_border_color=&#8221;off&#8221; border_color=&#8221;#ffffff&#8221; border_style=&#8221;solid&#8221;]<\/p>\n<p>[\/et_pb_image][\/et_pb_column][et_pb_column type=&#8221;1_4&#8243;][et_pb_text admin_label=&#8221;Texte&#8221; background_layout=&#8221;light&#8221; text_orientation=&#8221;left&#8221; text_font_size=&#8221;14&#8243; use_border_color=&#8221;off&#8221; border_color=&#8221;#ffffff&#8221; border_style=&#8221;solid&#8221;]<\/p>\n<h2><a href=\"http:\/\/www.fondation-bru.org\/en\/deux-hommes-dexception\/\">Two exceptional men<\/a><\/h2>\n<p>Doctor Camille Bru and Doctor Jean Bru.<\/p>\n<p>[\/et_pb_text][\/et_pb_column][et_pb_column type=&#8221;1_4&#8243;][et_pb_image admin_label=&#8221;Image&#8221; src=&#8221;http:\/\/www.fondation-bru.org\/wp-content\/uploads\/2015\/11\/nicole-bru.jpg&#8221; alt=&#8221;Dr. Nicole Bru&#8221; show_in_lightbox=&#8221;off&#8221; url=&#8221;http:\/\/www.fondation-bru.org\/en\/une-femme-de-conviction&#8221; url_new_window=&#8221;off&#8221; animation=&#8221;left&#8221; sticky=&#8221;off&#8221; align=&#8221;left&#8221; force_fullwidth=&#8221;off&#8221; always_center_on_mobile=&#8221;on&#8221; use_border_color=&#8221;off&#8221; border_color=&#8221;#ffffff&#8221; border_style=&#8221;solid&#8221;]<\/p>\n<p>[\/et_pb_image][\/et_pb_column][et_pb_column type=&#8221;1_4&#8243;][et_pb_text admin_label=&#8221;Texte&#8221; background_layout=&#8221;light&#8221; text_orientation=&#8221;left&#8221; text_font_size=&#8221;14&#8243; use_border_color=&#8221;off&#8221; border_color=&#8221;#ffffff&#8221; border_style=&#8221;solid&#8221;]<\/p>\n<h2><a href=\"http:\/\/www.fondation-bru.org\/en\/une-femme-de-conviction\/\">A Woman of Conviction<\/a><\/h2>\n<p>\u201cWhat counts in life is one\u2019s capacity to influence the course of things!\u201d That is the belief of Nicole Bru, doctor, researcher and businesswoman.<\/p>\n<p>[\/et_pb_text][\/et_pb_column][\/et_pb_row][\/et_pb_section]<\/p>","protected":false},"excerpt":{"rendered":"<p>[et_pb_section admin_label=&#8221;Section&#8221; fullwidth=&#8221;on&#8221; specialty=&#8221;off&#8221;][et_pb_fullwidth_image admin_label=&#8221;Image en pleine largeur&#8221; src=&#8221;http:\/\/www.fondation-bru.org\/wp-content\/uploads\/2016\/01\/banner-1.jpg&#8221; show_in_lightbox=&#8221;off&#8221; url_new_window=&#8221;off&#8221; animation=&#8221;fade_in&#8221; module_class=&#8221;bleu&#8221; use_border_color=&#8221;off&#8221; border_color=&#8221;#ffffff&#8221; border_style=&#8221;solid&#8221;] [\/et_pb_fullwidth_image][\/et_pb_section][et_pb_section admin_label=&#8221;section&#8221;][et_pb_row admin_label=&#8221;Ligne&#8221;][et_pb_column type=&#8221;4_4&#8243;][et_pb_text admin_label=&#8221;Texte&#8221; background_layout=&#8221;light&#8221; text_orientation=&#8221;left&#8221; text_font_size=&#8221;14&#8243; use_border_color=&#8221;off&#8221; border_color=&#8221;#ffffff&#8221; border_style=&#8221;solid&#8221;] Choosing which actions to support [\/et_pb_text][\/et_pb_column][\/et_pb_row][et_pb_row admin_label=&#8221;Ligne&#8221;][et_pb_column type=&#8221;4_4&#8243;][et_pb_text admin_label=&#8221;Texte&#8221; background_layout=&#8221;light&#8221; text_orientation=&#8221;left&#8221; text_font_size=&#8221;14&#8243; use_border_color=&#8221;off&#8221; border_color=&#8221;#ffffff&#8221; border_style=&#8221;solid&#8221;] Universality In order to contribute through its sponsorship activities to Man\u2019s wellbeing in [&hellip;]<\/p>\n","protected":false},"author":2,"featured_media":0,"parent":0,"menu_order":0,"comment_status":"closed","ping_status":"closed","template":"","meta":{"_et_pb_use_builder":"on","_et_pb_old_content":"","_et_gb_content_width":"","footnotes":""},"class_list":["post-154","page","type-page","status-publish","hentry"],"yoast_head":"<!-- This site is optimized with the Yoast SEO plugin v26.9 - https:\/\/yoast.com\/product\/yoast-seo-wordpress\/ -->\n<title>Choosing which actions to support - Fondation Bru<\/title>\n<meta name=\"description\" content=\"Pour contribuer, par ses actions de m\u00e9c\u00e9nat, au mieux-\u00eatre de l\u2019Homme dans son environnement, la Fondation Bru garde une grande libert\u00e9 dans ses choix.\" \/>\n<meta name=\"robots\" content=\"index, follow, max-snippet:-1, max-image-preview:large, max-video-preview:-1\" \/>\n<link rel=\"canonical\" href=\"http:\/\/www.fondation-bru.org\/en\/choix-des-actions\/\" \/>\n<meta property=\"og:locale\" content=\"en_US\" \/>\n<meta property=\"og:type\" content=\"article\" \/>\n<meta property=\"og:title\" content=\"[:fr]Choix des actions[:en]Choosing which actions to support[:] - Fondation Bru\" \/>\n<meta property=\"og:description\" content=\"Pour contribuer, par ses actions de m\u00e9c\u00e9nat, au mieux-\u00eatre de l\u2019Homme dans son environnement, la Fondation Bru garde une grande libert\u00e9 dans ses choix.\" \/>\n<meta property=\"og:url\" content=\"http:\/\/www.fondation-bru.org\/en\/choix-des-actions\/\" \/>\n<meta property=\"og:site_name\" content=\"Fondation Bru\" \/>\n<meta property=\"article:modified_time\" content=\"2016-02-08T16:51:37+00:00\" \/>\n<meta name=\"twitter:card\" content=\"summary_large_image\" \/>\n<meta name=\"twitter:label1\" content=\"Est. reading time\" \/>\n\t<meta name=\"twitter:data1\" content=\"9 minutes\" \/>\n<script type=\"application\/ld+json\" class=\"yoast-schema-graph\">{\"@context\":\"https:\/\/schema.org\",\"@graph\":[{\"@type\":\"WebPage\",\"@id\":\"http:\/\/www.fondation-bru.org\/en\/choix-des-actions\/\",\"url\":\"http:\/\/www.fondation-bru.org\/en\/choix-des-actions\/\",\"name\":\"[:fr]Choix des actions[:en]Choosing which actions to support[:] - Fondation Bru\",\"isPartOf\":{\"@id\":\"http:\/\/www.fondation-bru.org\/#website\"},\"datePublished\":\"2015-11-13T08:47:42+00:00\",\"dateModified\":\"2016-02-08T16:51:37+00:00\",\"description\":\"Pour contribuer, par ses actions de m\u00e9c\u00e9nat, au mieux-\u00eatre de l\u2019Homme dans son environnement, la Fondation Bru garde une grande libert\u00e9 dans ses choix.\",\"breadcrumb\":{\"@id\":\"http:\/\/www.fondation-bru.org\/en\/choix-des-actions\/#breadcrumb\"},\"inLanguage\":\"en-US\",\"potentialAction\":[{\"@type\":\"ReadAction\",\"target\":[\"http:\/\/www.fondation-bru.org\/en\/choix-des-actions\/\"]}]},{\"@type\":\"BreadcrumbList\",\"@id\":\"http:\/\/www.fondation-bru.org\/en\/choix-des-actions\/#breadcrumb\",\"itemListElement\":[{\"@type\":\"ListItem\",\"position\":1,\"name\":\"Accueil\",\"item\":\"http:\/\/www.fondation-bru.org\/\"},{\"@type\":\"ListItem\",\"position\":2,\"name\":\"Choosing which actions to support\"}]},{\"@type\":\"WebSite\",\"@id\":\"http:\/\/www.fondation-bru.org\/#website\",\"url\":\"http:\/\/www.fondation-bru.org\/\",\"name\":\"Fondation Bru\",\"description\":\"Encourager les projets pionniers au service de grandes causes\",\"potentialAction\":[{\"@type\":\"SearchAction\",\"target\":{\"@type\":\"EntryPoint\",\"urlTemplate\":\"http:\/\/www.fondation-bru.org\/?s={search_term_string}\"},\"query-input\":{\"@type\":\"PropertyValueSpecification\",\"valueRequired\":true,\"valueName\":\"search_term_string\"}}],\"inLanguage\":\"en-US\"}]}<\/script>\n<!-- \/ Yoast SEO plugin. -->","yoast_head_json":{"title":"[:fr]Choix des actions[:en]Choosing which actions to support[:] - Fondation Bru","description":"Pour contribuer, par ses actions de m\u00e9c\u00e9nat, au mieux-\u00eatre de l\u2019Homme dans son environnement, la Fondation Bru garde une grande libert\u00e9 dans ses choix.","robots":{"index":"index","follow":"follow","max-snippet":"max-snippet:-1","max-image-preview":"max-image-preview:large","max-video-preview":"max-video-preview:-1"},"canonical":"http:\/\/www.fondation-bru.org\/en\/choix-des-actions\/","og_locale":"en_US","og_type":"article","og_title":"[:fr]Choix des actions[:en]Choosing which actions to support[:] - Fondation Bru","og_description":"Pour contribuer, par ses actions de m\u00e9c\u00e9nat, au mieux-\u00eatre de l\u2019Homme dans son environnement, la Fondation Bru garde une grande libert\u00e9 dans ses choix.","og_url":"http:\/\/www.fondation-bru.org\/en\/choix-des-actions\/","og_site_name":"Fondation Bru","article_modified_time":"2016-02-08T16:51:37+00:00","twitter_card":"summary_large_image","twitter_misc":{"Est. reading time":"9 minutes"},"schema":{"@context":"https:\/\/schema.org","@graph":[{"@type":"WebPage","@id":"http:\/\/www.fondation-bru.org\/en\/choix-des-actions\/","url":"http:\/\/www.fondation-bru.org\/en\/choix-des-actions\/","name":"[:fr]Choix des actions[:en]Choosing which actions to support[:] - Fondation Bru","isPartOf":{"@id":"http:\/\/www.fondation-bru.org\/#website"},"datePublished":"2015-11-13T08:47:42+00:00","dateModified":"2016-02-08T16:51:37+00:00","description":"Pour contribuer, par ses actions de m\u00e9c\u00e9nat, au mieux-\u00eatre de l\u2019Homme dans son environnement, la Fondation Bru garde une grande libert\u00e9 dans ses choix.","breadcrumb":{"@id":"http:\/\/www.fondation-bru.org\/en\/choix-des-actions\/#breadcrumb"},"inLanguage":"en-US","potentialAction":[{"@type":"ReadAction","target":["http:\/\/www.fondation-bru.org\/en\/choix-des-actions\/"]}]},{"@type":"BreadcrumbList","@id":"http:\/\/www.fondation-bru.org\/en\/choix-des-actions\/#breadcrumb","itemListElement":[{"@type":"ListItem","position":1,"name":"Accueil","item":"http:\/\/www.fondation-bru.org\/"},{"@type":"ListItem","position":2,"name":"Choosing which actions to support"}]},{"@type":"WebSite","@id":"http:\/\/www.fondation-bru.org\/#website","url":"http:\/\/www.fondation-bru.org\/","name":"Fondation Bru","description":"Encourager les projets pionniers au service de grandes causes","potentialAction":[{"@type":"SearchAction","target":{"@type":"EntryPoint","urlTemplate":"http:\/\/www.fondation-bru.org\/?s={search_term_string}"},"query-input":{"@type":"PropertyValueSpecification","valueRequired":true,"valueName":"search_term_string"}}],"inLanguage":"en-US"}]}},"_links":{"self":[{"href":"https:\/\/www.fondation-bru.org\/en\/wp-json\/wp\/v2\/pages\/154","targetHints":{"allow":["GET"]}}],"collection":[{"href":"https:\/\/www.fondation-bru.org\/en\/wp-json\/wp\/v2\/pages"}],"about":[{"href":"https:\/\/www.fondation-bru.org\/en\/wp-json\/wp\/v2\/types\/page"}],"author":[{"embeddable":true,"href":"https:\/\/www.fondation-bru.org\/en\/wp-json\/wp\/v2\/users\/2"}],"replies":[{"embeddable":true,"href":"https:\/\/www.fondation-bru.org\/en\/wp-json\/wp\/v2\/comments?post=154"}],"version-history":[{"count":17,"href":"https:\/\/www.fondation-bru.org\/en\/wp-json\/wp\/v2\/pages\/154\/revisions"}],"predecessor-version":[{"id":1025,"href":"https:\/\/www.fondation-bru.org\/en\/wp-json\/wp\/v2\/pages\/154\/revisions\/1025"}],"wp:attachment":[{"href":"https:\/\/www.fondation-bru.org\/en\/wp-json\/wp\/v2\/media?parent=154"}],"curies":[{"name":"wp","href":"https:\/\/api.w.org\/{rel}","templated":true}]}}