{"id":256,"date":"2016-01-05T15:06:30","date_gmt":"2016-01-05T14:06:30","guid":{"rendered":"http:\/\/www.fondation-bru.org\/?page_id=256"},"modified":"2016-02-04T11:21:00","modified_gmt":"2016-02-04T10:21:00","slug":"primaire-a-luniversite","status":"publish","type":"page","link":"https:\/\/www.fondation-bru.org\/en\/education\/primaire-a-luniversite\/","title":{"rendered":"From primary school to university: support for a Burmese village"},"content":{"rendered":"<p>[et_pb_section admin_label=&#8221;Section&#8221; fullwidth=&#8221;on&#8221; specialty=&#8221;off&#8221;][et_pb_fullwidth_image admin_label=&#8221;Image en pleine largeur&#8221; src=&#8221;http:\/\/www.fondation-bru.org\/wp-content\/uploads\/2016\/01\/banner-birmanie.jpg&#8221; show_in_lightbox=&#8221;off&#8221; url_new_window=&#8221;off&#8221; animation=&#8221;fade_in&#8221; module_class=&#8221;orange&#8221; use_border_color=&#8221;off&#8221; border_color=&#8221;#ffffff&#8221; border_style=&#8221;solid&#8221; alt=&#8221;Burmese village&#8221;]<\/p>\n<p>[\/et_pb_fullwidth_image][\/et_pb_section][et_pb_section admin_label=&#8221;section&#8221;][et_pb_row admin_label=&#8221;Ligne&#8221;][et_pb_column type=&#8221;1_2&#8243;][et_pb_text admin_label=&#8221;Texte&#8221; background_layout=&#8221;light&#8221; text_orientation=&#8221;left&#8221; text_font_size=&#8221;14&#8243; use_border_color=&#8221;off&#8221; border_color=&#8221;#ffffff&#8221; border_style=&#8221;solid&#8221;]<\/p>\n<h1>From primary school to university: support for a Burmese village<\/h1>\n<p>After funding the establishment of a dispensary in Pa Sut via the <a target=\"_blank\" href=\"http:\/\/amfa-france.org\/\">Association M\u00e9dicale Franco-Asiatique (AMFA)<\/a>, Dr. Nicole Bru wished to go on supporting this very poor village by means of education, with the aid of Professor Patel, the founder of AMFA.<\/p>\n<p>A very positive result for this school year in the village of Pa Sut: for the first time there was full attendance at the primary school, which is now housed in a permanent new building; both children and teachers are benefiting from the new English class; finally, thanks to the issuing of grants, the most promising students have been able to enrol at Myeik University.<\/p>\n<p>[\/et_pb_text][\/et_pb_column][et_pb_column type=&#8221;1_2&#8243;][et_pb_text admin_label=&#8221;Texte&#8221; background_layout=&#8221;light&#8221; text_orientation=&#8221;left&#8221; text_font_size=&#8221;14&#8243; use_border_color=&#8221;off&#8221; border_color=&#8221;#ffffff&#8221; border_style=&#8221;solid&#8221;]<\/p>\n<p><img loading=\"lazy\" decoding=\"async\" width=\"480\" height=\"308\" class=\"alignnone size-full wp-image-462\" src=\"http:\/\/www.fondation-bru.org\/wp-content\/uploads\/2016\/01\/pic-ecole_pasut_birmanie.jpg\" alt=\"Ecole Pasut Birmanie\" srcset=\"https:\/\/www.fondation-bru.org\/wp-content\/uploads\/2016\/01\/pic-ecole_pasut_birmanie.jpg 480w, https:\/\/www.fondation-bru.org\/wp-content\/uploads\/2016\/01\/pic-ecole_pasut_birmanie-300x193.jpg 300w\" sizes=\"auto, (max-width: 480px) 100vw, 480px\" \/><br \/>\n<em>The village school at Pa Sut, Burma<\/em><\/p>\n<p>[\/et_pb_text][\/et_pb_column][\/et_pb_row][\/et_pb_section][et_pb_section admin_label=&#8221;Section&#8221; fullwidth=&#8221;on&#8221; specialty=&#8221;off&#8221; transparent_background=&#8221;off&#8221; allow_player_pause=&#8221;off&#8221; inner_shadow=&#8221;off&#8221; parallax=&#8221;off&#8221; parallax_method=&#8221;off&#8221; padding_mobile=&#8221;off&#8221; make_fullwidth=&#8221;off&#8221; use_custom_width=&#8221;off&#8221; width_unit=&#8221;on&#8221; make_equal=&#8221;off&#8221; use_custom_gutter=&#8221;off&#8221; gutter_width=&#8221;3&#8243;][et_pb_fullwidth_header admin_label=&#8221;En-t\u00eate plein \u00e9cran&#8221; background_layout=&#8221;dark&#8221; text_orientation=&#8221;center&#8221; header_fullscreen=&#8221;off&#8221; header_scroll_down=&#8221;off&#8221; background_color=&#8221;#f15a24&#8243; parallax=&#8221;off&#8221; parallax_method=&#8221;off&#8221; content_orientation=&#8221;center&#8221; image_orientation=&#8221;center&#8221; custom_button_one=&#8221;off&#8221; button_one_text_size=&#8221;20&#8243; button_one_border_width=&#8221;2&#8243; button_one_border_radius=&#8221;3&#8243; button_one_letter_spacing=&#8221;0&#8243; button_one_use_icon=&#8221;default&#8221; button_one_icon_placement=&#8221;right&#8221; button_one_on_hover=&#8221;on&#8221; button_one_border_radius_hover=&#8221;3&#8243; button_one_letter_spacing_hover=&#8221;0&#8243; custom_button_two=&#8221;off&#8221; button_two_text_size=&#8221;20&#8243; button_two_border_width=&#8221;2&#8243; button_two_border_radius=&#8221;3&#8243; button_two_letter_spacing=&#8221;0&#8243; button_two_use_icon=&#8221;default&#8221; button_two_icon_placement=&#8221;right&#8221; button_two_on_hover=&#8221;on&#8221; button_two_border_radius_hover=&#8221;3&#8243; button_two_letter_spacing_hover=&#8221;0&#8243; module_class=&#8221;home-quote&#8221;]<\/p>\n<blockquote><p>\u00ab Pa Sut is in a very poor part of southern Burma. In this village, which many of the men have had to leave in order to provide for their families, we found a highly motivated village committee and a wonderful headmaster, who for fifteen years had been running the school admirably, despite the premises being in a terrible state. He and the committee were the intermediaries we needed in order to be able to take effective action \u00bb.<\/p><\/blockquote>\n<p><strong>Professor Patel<\/strong><\/p>\n<p>[\/et_pb_fullwidth_header][\/et_pb_section][et_pb_section admin_label=&#8221;Section&#8221; global_module=&#8221;793&#8243; fullwidth=&#8221;off&#8221; specialty=&#8221;off&#8221; transparent_background=&#8221;off&#8221; background_color=&#8221;#e6f7ff&#8221; allow_player_pause=&#8221;off&#8221; inner_shadow=&#8221;off&#8221; parallax=&#8221;off&#8221; parallax_method=&#8221;off&#8221; padding_mobile=&#8221;off&#8221; make_fullwidth=&#8221;off&#8221; use_custom_width=&#8221;off&#8221; width_unit=&#8221;on&#8221; make_equal=&#8221;off&#8221; use_custom_gutter=&#8221;off&#8221; gutter_width=&#8221;3&#8243;][et_pb_row global_parent=&#8221;793&#8243; admin_label=&#8221;Ligne&#8221;][et_pb_column type=&#8221;4_4&#8243;][et_pb_text global_parent=&#8221;793&#8243; admin_label=&#8221;Texte&#8221; background_layout=&#8221;light&#8221; text_orientation=&#8221;left&#8221; text_font_size=&#8221;14&#8243; use_border_color=&#8221;off&#8221; border_color=&#8221;#ffffff&#8221; border_style=&#8221;solid&#8221;]<\/p>\n<h1 style=\"text-align: center;\">Our commitments<\/h1>\n<p>[\/et_pb_text][\/et_pb_column][\/et_pb_row][et_pb_row global_parent=&#8221;793&#8243; admin_label=&#8221;Ligne&#8221;][et_pb_column type=&#8221;1_4&#8243;][et_pb_blurb global_parent=&#8221;793&#8243; admin_label=&#8221;R\u00e9sum\u00e9&#8221; title=&#8221;Schooling in Burma&#8221; url_new_window=&#8221;off&#8221; use_icon=&#8221;off&#8221; icon_color=&#8221;#165da9&#8243; use_circle=&#8221;off&#8221; circle_color=&#8221;#165da9&#8243; use_circle_border=&#8221;off&#8221; circle_border_color=&#8221;#165da9&#8243; image=&#8221;http:\/\/www.fondation-bru.org\/wp-content\/uploads\/2016\/01\/pic-ecole_pasut_birmanie.jpg&#8221; icon_placement=&#8221;top&#8221; animation=&#8221;top&#8221; background_layout=&#8221;dark&#8221; text_orientation=&#8221;left&#8221; module_class=&#8221;orange&#8221; use_icon_font_size=&#8221;off&#8221; header_font_size=&#8221;18&#8243; body_font_size=&#8221;14&#8243; use_border_color=&#8221;off&#8221; border_color=&#8221;#ffffff&#8221; border_style=&#8221;solid&#8221; url=&#8221;www.fondation-bru.org\/dev\/en\/education\/primaire-a-luniversite\/&#8221;]<\/p>\n<p>[\/et_pb_blurb][\/et_pb_column][et_pb_column type=&#8221;1_4&#8243;][et_pb_blurb global_parent=&#8221;793&#8243; admin_label=&#8221;R\u00e9sum\u00e9&#8221; title=&#8221;Restoring a Venetian palazzetto&#8221; url_new_window=&#8221;off&#8221; use_icon=&#8221;off&#8221; icon_color=&#8221;#165da9&#8243; use_circle=&#8221;off&#8221; circle_color=&#8221;#165da9&#8243; use_circle_border=&#8221;off&#8221; circle_border_color=&#8221;#165da9&#8243; image=&#8221;http:\/\/www.fondation-bru.org\/wp-content\/uploads\/2016\/01\/pic-casino-zane-restauration.jpg&#8221; icon_placement=&#8221;top&#8221; animation=&#8221;top&#8221; background_layout=&#8221;dark&#8221; text_orientation=&#8221;left&#8221; module_class=&#8221;vert&#8221; use_icon_font_size=&#8221;off&#8221; header_font_size=&#8221;18&#8243; body_font_size=&#8221;14&#8243; use_border_color=&#8221;off&#8221; border_color=&#8221;#ffffff&#8221; border_style=&#8221;solid&#8221; url=&#8221;www.fondation-bru.org\/dev\/en\/patrimoine\/casino-zane\/&#8221;]<\/p>\n<p>[\/et_pb_blurb][\/et_pb_column][et_pb_column type=&#8221;1_4&#8243;][et_pb_blurb global_parent=&#8221;793&#8243; admin_label=&#8221;R\u00e9sum\u00e9&#8221; title=&#8221;Ecole Centrale Beijing&#8221; url_new_window=&#8221;off&#8221; use_icon=&#8221;off&#8221; icon_color=&#8221;#165da9&#8243; use_circle=&#8221;off&#8221; circle_color=&#8221;#165da9&#8243; use_circle_border=&#8221;off&#8221; circle_border_color=&#8221;#165da9&#8243; image=&#8221;http:\/\/www.fondation-bru.org\/wp-content\/uploads\/2015\/11\/box-pekin.jpg&#8221; icon_placement=&#8221;top&#8221; animation=&#8221;top&#8221; background_layout=&#8221;dark&#8221; text_orientation=&#8221;left&#8221; module_class=&#8221;orange&#8221; use_icon_font_size=&#8221;off&#8221; header_font_size=&#8221;18&#8243; body_font_size=&#8221;14&#8243; use_border_color=&#8221;off&#8221; border_color=&#8221;#ffffff&#8221; border_style=&#8221;solid&#8221; url=&#8221;www.fondation-bru.org\/dev\/en\/education\/ecole-centrale-de-pekin\/&#8221;]<\/p>\n<p>[\/et_pb_blurb][\/et_pb_column][et_pb_column type=&#8221;1_4&#8243;][et_pb_blurb global_parent=&#8221;793&#8243; admin_label=&#8221;R\u00e9sum\u00e9&#8221; title=&#8221;Reviving French Romantic music&#8221; url_new_window=&#8221;off&#8221; use_icon=&#8221;off&#8221; icon_color=&#8221;#165da9&#8243; use_circle=&#8221;off&#8221; circle_color=&#8221;#165da9&#8243; use_circle_border=&#8221;off&#8221; circle_border_color=&#8221;#165da9&#8243; image=&#8221;http:\/\/www.fondation-bru.org\/wp-content\/uploads\/2015\/11\/box-musique-romantique-francaise.jpg&#8221; icon_placement=&#8221;top&#8221; animation=&#8221;top&#8221; background_layout=&#8221;dark&#8221; text_orientation=&#8221;left&#8221; module_class=&#8221;vert&#8221; use_icon_font_size=&#8221;off&#8221; header_font_size=&#8221;18&#8243; body_font_size=&#8221;14&#8243; use_border_color=&#8221;off&#8221; border_color=&#8221;#ffffff&#8221; border_style=&#8221;solid&#8221; url=&#8221;http:\/\/www.fondation-bru.org\/en\/patrimoine\/palazzetto-bru-zane\/&#8221;]<\/p>\n<p>[\/et_pb_blurb][\/et_pb_column][\/et_pb_row][\/et_pb_section]<\/p>","protected":false},"excerpt":{"rendered":"<p>[et_pb_section admin_label=&#8221;Section&#8221; fullwidth=&#8221;on&#8221; specialty=&#8221;off&#8221;][et_pb_fullwidth_image admin_label=&#8221;Image en pleine largeur&#8221; src=&#8221;http:\/\/www.fondation-bru.org\/wp-content\/uploads\/2016\/01\/banner-birmanie.jpg&#8221; show_in_lightbox=&#8221;off&#8221; url_new_window=&#8221;off&#8221; animation=&#8221;fade_in&#8221; module_class=&#8221;orange&#8221; use_border_color=&#8221;off&#8221; border_color=&#8221;#ffffff&#8221; border_style=&#8221;solid&#8221; alt=&#8221;Burmese village&#8221;] [\/et_pb_fullwidth_image][\/et_pb_section][et_pb_section admin_label=&#8221;section&#8221;][et_pb_row admin_label=&#8221;Ligne&#8221;][et_pb_column type=&#8221;1_2&#8243;][et_pb_text admin_label=&#8221;Texte&#8221; background_layout=&#8221;light&#8221; text_orientation=&#8221;left&#8221; text_font_size=&#8221;14&#8243; use_border_color=&#8221;off&#8221; border_color=&#8221;#ffffff&#8221; border_style=&#8221;solid&#8221;] From primary school to university: support for a Burmese village After funding the establishment of a dispensary in Pa Sut via the Association M\u00e9dicale Franco-Asiatique (AMFA), [&hellip;]<\/p>\n","protected":false},"author":2,"featured_media":0,"parent":148,"menu_order":0,"comment_status":"closed","ping_status":"closed","template":"","meta":{"_et_pb_use_builder":"on","_et_pb_old_content":"","_et_gb_content_width":"","footnotes":""},"class_list":["post-256","page","type-page","status-publish","hentry"],"yoast_head":"<!-- This site is optimized with the Yoast SEO plugin v26.9 - https:\/\/yoast.com\/product\/yoast-seo-wordpress\/ -->\n<title>From primary school to university: support for a Burmese village - Fondation Bru<\/title>\n<meta name=\"description\" content=\"Du primaire \u00e0 l\u2019universit\u00e9: soutien d\u2019un village Birman\" \/>\n<meta name=\"robots\" content=\"index, follow, max-snippet:-1, max-image-preview:large, max-video-preview:-1\" \/>\n<link rel=\"canonical\" href=\"https:\/\/www.fondation-bru.org\/en\/education\/primaire-a-luniversite\/\" \/>\n<meta property=\"og:locale\" content=\"en_US\" \/>\n<meta property=\"og:type\" content=\"article\" \/>\n<meta property=\"og:title\" content=\"[:fr]Du primaire \u00e0 l&#039;universit\u00e9[:en]From primary school to university: support for a Burmese village[:] - Fondation Bru\" \/>\n<meta property=\"og:description\" content=\"Du primaire \u00e0 l\u2019universit\u00e9: soutien d\u2019un village Birman\" \/>\n<meta property=\"og:url\" content=\"https:\/\/www.fondation-bru.org\/en\/education\/primaire-a-luniversite\/\" \/>\n<meta property=\"og:site_name\" content=\"Fondation Bru\" \/>\n<meta property=\"article:modified_time\" content=\"2016-02-04T10:21:00+00:00\" \/>\n<meta property=\"og:image\" content=\"http:\/\/www.fondation-bru.org\/wp-content\/uploads\/2016\/01\/pic-ecole_pasut_birmanie.jpg\" \/>\n<meta name=\"twitter:card\" content=\"summary_large_image\" \/>\n<meta name=\"twitter:label1\" content=\"Est. reading time\" \/>\n\t<meta name=\"twitter:data1\" content=\"11 minutes\" \/>\n<script type=\"application\/ld+json\" class=\"yoast-schema-graph\">{\"@context\":\"https:\/\/schema.org\",\"@graph\":[{\"@type\":\"WebPage\",\"@id\":\"https:\/\/www.fondation-bru.org\/en\/education\/primaire-a-luniversite\/\",\"url\":\"https:\/\/www.fondation-bru.org\/en\/education\/primaire-a-luniversite\/\",\"name\":\"[:fr]Du primaire \u00e0 l'universit\u00e9[:en]From primary school to university: support for a Burmese village[:] - Fondation Bru\",\"isPartOf\":{\"@id\":\"http:\/\/www.fondation-bru.org\/#website\"},\"primaryImageOfPage\":{\"@id\":\"https:\/\/www.fondation-bru.org\/en\/education\/primaire-a-luniversite\/#primaryimage\"},\"image\":{\"@id\":\"https:\/\/www.fondation-bru.org\/en\/education\/primaire-a-luniversite\/#primaryimage\"},\"thumbnailUrl\":\"http:\/\/www.fondation-bru.org\/wp-content\/uploads\/2016\/01\/pic-ecole_pasut_birmanie.jpg\",\"datePublished\":\"2016-01-05T14:06:30+00:00\",\"dateModified\":\"2016-02-04T10:21:00+00:00\",\"description\":\"Du primaire \u00e0 l\u2019universit\u00e9: soutien d\u2019un village Birman\",\"breadcrumb\":{\"@id\":\"https:\/\/www.fondation-bru.org\/en\/education\/primaire-a-luniversite\/#breadcrumb\"},\"inLanguage\":\"en-US\",\"potentialAction\":[{\"@type\":\"ReadAction\",\"target\":[\"https:\/\/www.fondation-bru.org\/en\/education\/primaire-a-luniversite\/\"]}]},{\"@type\":\"ImageObject\",\"inLanguage\":\"en-US\",\"@id\":\"https:\/\/www.fondation-bru.org\/en\/education\/primaire-a-luniversite\/#primaryimage\",\"url\":\"http:\/\/www.fondation-bru.org\/wp-content\/uploads\/2016\/01\/pic-ecole_pasut_birmanie.jpg\",\"contentUrl\":\"http:\/\/www.fondation-bru.org\/wp-content\/uploads\/2016\/01\/pic-ecole_pasut_birmanie.jpg\"},{\"@type\":\"BreadcrumbList\",\"@id\":\"https:\/\/www.fondation-bru.org\/en\/education\/primaire-a-luniversite\/#breadcrumb\",\"itemListElement\":[{\"@type\":\"ListItem\",\"position\":1,\"name\":\"Accueil\",\"item\":\"http:\/\/www.fondation-bru.org\/\"},{\"@type\":\"ListItem\",\"position\":2,\"name\":\"Education\",\"item\":\"https:\/\/www.fondation-bru.org\/education\/\"},{\"@type\":\"ListItem\",\"position\":3,\"name\":\"From primary school to university: support for a Burmese village\"}]},{\"@type\":\"WebSite\",\"@id\":\"http:\/\/www.fondation-bru.org\/#website\",\"url\":\"http:\/\/www.fondation-bru.org\/\",\"name\":\"Fondation Bru\",\"description\":\"Encourager les projets pionniers au service de grandes causes\",\"potentialAction\":[{\"@type\":\"SearchAction\",\"target\":{\"@type\":\"EntryPoint\",\"urlTemplate\":\"http:\/\/www.fondation-bru.org\/?s={search_term_string}\"},\"query-input\":{\"@type\":\"PropertyValueSpecification\",\"valueRequired\":true,\"valueName\":\"search_term_string\"}}],\"inLanguage\":\"en-US\"}]}<\/script>\n<!-- \/ Yoast SEO plugin. -->","yoast_head_json":{"title":"[:fr]Du primaire \u00e0 l'universit\u00e9[:en]From primary school to university: support for a Burmese village[:] - Fondation Bru","description":"Du primaire \u00e0 l\u2019universit\u00e9: soutien d\u2019un village Birman","robots":{"index":"index","follow":"follow","max-snippet":"max-snippet:-1","max-image-preview":"max-image-preview:large","max-video-preview":"max-video-preview:-1"},"canonical":"https:\/\/www.fondation-bru.org\/en\/education\/primaire-a-luniversite\/","og_locale":"en_US","og_type":"article","og_title":"[:fr]Du primaire \u00e0 l'universit\u00e9[:en]From primary school to university: support for a Burmese village[:] - Fondation Bru","og_description":"Du primaire \u00e0 l\u2019universit\u00e9: soutien d\u2019un village Birman","og_url":"https:\/\/www.fondation-bru.org\/en\/education\/primaire-a-luniversite\/","og_site_name":"Fondation Bru","article_modified_time":"2016-02-04T10:21:00+00:00","og_image":[{"url":"http:\/\/www.fondation-bru.org\/wp-content\/uploads\/2016\/01\/pic-ecole_pasut_birmanie.jpg","type":"","width":"","height":""}],"twitter_card":"summary_large_image","twitter_misc":{"Est. reading time":"11 minutes"},"schema":{"@context":"https:\/\/schema.org","@graph":[{"@type":"WebPage","@id":"https:\/\/www.fondation-bru.org\/en\/education\/primaire-a-luniversite\/","url":"https:\/\/www.fondation-bru.org\/en\/education\/primaire-a-luniversite\/","name":"[:fr]Du primaire \u00e0 l'universit\u00e9[:en]From primary school to university: support for a Burmese village[:] - Fondation Bru","isPartOf":{"@id":"http:\/\/www.fondation-bru.org\/#website"},"primaryImageOfPage":{"@id":"https:\/\/www.fondation-bru.org\/en\/education\/primaire-a-luniversite\/#primaryimage"},"image":{"@id":"https:\/\/www.fondation-bru.org\/en\/education\/primaire-a-luniversite\/#primaryimage"},"thumbnailUrl":"http:\/\/www.fondation-bru.org\/wp-content\/uploads\/2016\/01\/pic-ecole_pasut_birmanie.jpg","datePublished":"2016-01-05T14:06:30+00:00","dateModified":"2016-02-04T10:21:00+00:00","description":"Du primaire \u00e0 l\u2019universit\u00e9: soutien d\u2019un village Birman","breadcrumb":{"@id":"https:\/\/www.fondation-bru.org\/en\/education\/primaire-a-luniversite\/#breadcrumb"},"inLanguage":"en-US","potentialAction":[{"@type":"ReadAction","target":["https:\/\/www.fondation-bru.org\/en\/education\/primaire-a-luniversite\/"]}]},{"@type":"ImageObject","inLanguage":"en-US","@id":"https:\/\/www.fondation-bru.org\/en\/education\/primaire-a-luniversite\/#primaryimage","url":"http:\/\/www.fondation-bru.org\/wp-content\/uploads\/2016\/01\/pic-ecole_pasut_birmanie.jpg","contentUrl":"http:\/\/www.fondation-bru.org\/wp-content\/uploads\/2016\/01\/pic-ecole_pasut_birmanie.jpg"},{"@type":"BreadcrumbList","@id":"https:\/\/www.fondation-bru.org\/en\/education\/primaire-a-luniversite\/#breadcrumb","itemListElement":[{"@type":"ListItem","position":1,"name":"Accueil","item":"http:\/\/www.fondation-bru.org\/"},{"@type":"ListItem","position":2,"name":"Education","item":"https:\/\/www.fondation-bru.org\/education\/"},{"@type":"ListItem","position":3,"name":"From primary school to university: support for a Burmese village"}]},{"@type":"WebSite","@id":"http:\/\/www.fondation-bru.org\/#website","url":"http:\/\/www.fondation-bru.org\/","name":"Fondation Bru","description":"Encourager les projets pionniers au service de grandes causes","potentialAction":[{"@type":"SearchAction","target":{"@type":"EntryPoint","urlTemplate":"http:\/\/www.fondation-bru.org\/?s={search_term_string}"},"query-input":{"@type":"PropertyValueSpecification","valueRequired":true,"valueName":"search_term_string"}}],"inLanguage":"en-US"}]}},"_links":{"self":[{"href":"https:\/\/www.fondation-bru.org\/en\/wp-json\/wp\/v2\/pages\/256","targetHints":{"allow":["GET"]}}],"collection":[{"href":"https:\/\/www.fondation-bru.org\/en\/wp-json\/wp\/v2\/pages"}],"about":[{"href":"https:\/\/www.fondation-bru.org\/en\/wp-json\/wp\/v2\/types\/page"}],"author":[{"embeddable":true,"href":"https:\/\/www.fondation-bru.org\/en\/wp-json\/wp\/v2\/users\/2"}],"replies":[{"embeddable":true,"href":"https:\/\/www.fondation-bru.org\/en\/wp-json\/wp\/v2\/comments?post=256"}],"version-history":[{"count":18,"href":"https:\/\/www.fondation-bru.org\/en\/wp-json\/wp\/v2\/pages\/256\/revisions"}],"predecessor-version":[{"id":869,"href":"https:\/\/www.fondation-bru.org\/en\/wp-json\/wp\/v2\/pages\/256\/revisions\/869"}],"up":[{"embeddable":true,"href":"https:\/\/www.fondation-bru.org\/en\/wp-json\/wp\/v2\/pages\/148"}],"wp:attachment":[{"href":"https:\/\/www.fondation-bru.org\/en\/wp-json\/wp\/v2\/media?parent=256"}],"curies":[{"name":"wp","href":"https:\/\/api.w.org\/{rel}","templated":true}]}}